{"id":531,"date":"2023-02-09T09:14:29","date_gmt":"2023-02-09T09:14:29","guid":{"rendered":"https:\/\/casinowithoutswedishlicense.io\/casino-without-swedish-license\/"},"modified":"2024-03-05T13:50:09","modified_gmt":"2024-03-05T13:50:09","slug":"kasinot-ilman-lisenssia","status":"publish","type":"page","link":"https:\/\/casinowithoutswedishlicense.io\/fi\/","title":{"rendered":"Kasinot ilman lisenssi\u00e4"},"content":{"rendered":"<h1 class=\"wp-block-heading\">Kasinot ilman lisenssi\u00e4<\/h1>    <p>Mink\u00e4laisia pelipaikkoja ovat&nbsp;kasinot ilman lisenssi\u00e4&nbsp;ja mit\u00e4 kannattaa huomioida, ennen kuin valitsee pelipaikakseen sellaisen? Onko kasino ilman lisenssi\u00e4 aina huono valinta, vai onko n\u00e4iden kasinoiden huono maine tuulesta temmattu? T\u00e4ss\u00e4 artikkelissa k\u00e4ymme l\u00e4pi kaiken olennaisen, mit\u00e4 sinun t\u00e4ytyy tiet\u00e4\u00e4 kasinoista ilman lisenssi\u00e4.<\/p>    <h2 class=\"wp-block-heading\" id=\"Hyv%C3%A4+lisenssi+takaa+turvallisen+pelikokemuksen\">Hyv\u00e4 lisenssi takaa turvallisen pelikokemuksen<\/h2>    <p>Erilaisia kasinoita on netiss\u00e4 valtava m\u00e4\u00e4r\u00e4, eik\u00e4 pelaajan n\u00e4k\u00f6kulmasta ole useinkaan helppoa arvioida, mitk\u00e4 niist\u00e4 ovat hyvi\u00e4 valintoja ja mitk\u00e4 taas v\u00e4hemm\u00e4n hyvi\u00e4 vaihtoehtoja. Yksi parhaista pelaajan k\u00e4yt\u00f6ss\u00e4 olevista keinoista arvioida kasinoita on kasinon pelilisenssi, joka voidaan n\u00e4hd\u00e4 my\u00f6s kasinon k\u00e4yntikorttina.<\/p>    <p>Vaikka lisenssin itsess\u00e4\u00e4n voisi jo kuvitella olevan positiivinen asia, n\u00e4in ei kuitenkaan aina v\u00e4ltt\u00e4m\u00e4tt\u00e4 ole. Osa lisensseist\u00e4 tunnetaan nimitt\u00e4in huomattavasti laadukkaampina kuin toiset. Suomalaisten kannattaakin valita kasinokseen jokin sellainen pelipaikka, jolla on joko Maltan, Viron tai Curacaon lisenssi. N\u00e4ist\u00e4 kaksi ensin mainittua tarjoavat pelaajalle my\u00f6s verovapaat voitot, mutta Curacaon lisenssill\u00e4 toimivien kasinoiden voitoista tulee maksaa verot.<\/p>    <p>Yleisesti laadukkaimpana lisenssin\u00e4 pidet\u00e4\u00e4n maltalaista MGA (Malta Gaming Authority). Kyseinen lisenssi on paitsi vaikea saada, my\u00f6s suhteellisen kallis. Niill\u00e4 kasinoilla, jotka ovat oikeutettuja k\u00e4ytt\u00e4m\u00e4\u00e4n MGA-lisenssi\u00e4, esimerkiksi vastuullisen pelaamisen ty\u00f6kalut ovat keskim\u00e4\u00e4r\u00e4ist\u00e4 parempia ja asiakaspalvelu toimii moitteetta. MGA onkin monen suomalaisen mielest\u00e4 ainoa oikea pelilisenssi.<\/p>    <h2 class=\"wp-block-heading\" id=\"Miksi+lisensoimattomat+kasinot+voivat+olla+arveluttavia\">Miksi lisensoimattomat kasinot voivat olla arveluttavia<\/h2>    <p>Lisenssi ei kerro ainoastaan sit\u00e4, ovatko kasinovoitot verovapaita vai eiv\u00e4t, vaan lisenssill\u00e4 on runsaasti muitakin teht\u00e4vi\u00e4 kasinomaailmassa. Lisenssin my\u00f6nt\u00e4v\u00e4 taho m\u00e4\u00e4rittelee ne edellytykset, jotka kasinon tulee t\u00e4ytt\u00e4\u00e4 voidakseen toimia kyseisen lisenssin alaisuudessa. Mik\u00e4li edellytyksi\u00e4 ei t\u00e4yt\u00e4, lisenssin menett\u00e4\u00e4.<\/p>    <p>Lisenssin sanelemat s\u00e4\u00e4d\u00f6kset vaihtelevat jonkin verran sen mukaisesti, mik\u00e4 lisenssi on kyseess\u00e4. S\u00e4\u00e4d\u00f6kset koskevat tyypillisesti esimerkiksi markkinointia, asiakaspalvelua ja vastuullisen pelaamisen tukea. Lisenssi varmistaa my\u00f6s sen, ett\u00e4 kasino noudattaa liiketoiminnassaan lisenssin my\u00f6nt\u00e4neen valtion lakeja ja ett\u00e4 kasinon omistajilla ei ole rikollista taustaa. Lisensoimattoman kasinon kyseess\u00e4 ollen n\u00e4it\u00e4 asioita ei valvota, jolloin riski huijatuksi tulemisesta kasvaa merkitt\u00e4v\u00e4sti.<\/p>    <h2 class=\"wp-block-heading\" id=\"N%C3%A4in+v%C3%A4lt%C3%A4t%26nbsp%3Bkasinot+ilman+lisenssi%C3%A4\">N\u00e4in v\u00e4lt\u00e4t&nbsp;kasinot ilman lisenssi\u00e4<\/h2>    <p>Jotta voit olla varma, ett\u00e4 valitsemallasi kasinolla on lisenssi, sinun tulee itse tarkistaa asia tai k\u00e4ytt\u00e4\u00e4 kasinon valinnassa luotettavaa suosittelusivustoa. Lisenssin olemassaolo on onneksi helppo n\u00e4hd\u00e4 my\u00f6s itse seuraavilla tavoilla:<\/p>    <ul class=\"wp-block-list\"> <li>Selaa kasinon sivuston alareunaan. Sielt\u00e4 l\u00f6yd\u00e4t tiedon mahdollisesta lisenssist\u00e4 sek\u00e4 k\u00e4yt\u00f6ss\u00e4 olevan lisenssin numeron<\/li>    <li>Mene lisenssin my\u00f6nt\u00e4v\u00e4n tahon (esimerkiksi MGA tai EMTA) sivustolle ja hae sielt\u00e4 kasinon nimell\u00e4. Jos kasinolla on se lisenssi, jonka se v\u00e4itt\u00e4\u00e4 omistavansa, l\u00f6yd\u00e4t tiedon my\u00f6s kyseiselt\u00e4 sivustolta<\/li>    <li>Mik\u00e4li lisenssitietoa ei l\u00f6ydy kasinon sivuilta, kysy asiaa asiakaspalvelusta. Jos et saa vastausta, \u00e4l\u00e4 rekister\u00f6idy kyseiselle kasinolle.<\/li> <\/ul>    <p>Kasinon lisenssi on siis helppo todentaa, mik\u00e4 est\u00e4\u00e4 tehokkaasti huijatuksi tulemisen. T\u00e4m\u00e4 pieni vaihe vie aikaasi vain muutaman minuutin, mutta on olennaisen t\u00e4rke\u00e4 luotettavan pelikokemuksen kannalta.<\/p>    <h2 class=\"wp-block-heading\" id=\"Yhteenveto\">Yhteenveto<\/h2>    <p>Kasinot ilman lisenssi\u00e4&nbsp;ovat ep\u00e4m\u00e4\u00e4r\u00e4inen joukko pelipaikkoja, joita ei s\u00e4\u00e4nnell\u00e4 mill\u00e4\u00e4n tavoin. Koska hyvi\u00e4, lisensoituja kasinoita on olemassa pilvin pimein, on helppo suositella v\u00e4ltt\u00e4m\u00e4\u00e4n lisensoimattomia kasinoita kaikin tavoin.<\/p>    <p>Kasinon lisenssi on helppo tarkistaa kasinon sivun alareunasta tai lisenssin my\u00f6nt\u00e4v\u00e4n tahon nettisivuilta. Lisenssej\u00e4 my\u00f6nt\u00e4vi\u00e4 tahoja ovat esimerkiksi MGA, EMTA ja Curacaon peliviranomainen, mutta t\u00e4m\u00e4n lis\u00e4ksi on olemassa my\u00f6s muita, v\u00e4hemm\u00e4n arvostettuja toimijoita. Koska n\u00e4m\u00e4 eiv\u00e4t ole my\u00f6sk\u00e4\u00e4n verovapaita lisenssej\u00e4, ei suomalaisen yleens\u00e4 kannata harkita niit\u00e4.<\/p>    <p>Jos jostain syyst\u00e4 kuitenkin haluat pelata lisensoimattomalla kasinolla, noudata kasinolla suurta varovaisuutta ja kokeile aluksi vain hyvin pienill\u00e4 summilla. Lue useita luotettavia arvosteluja kasinosta ja pohdi t\u00e4m\u00e4nkin j\u00e4lkeen, onko riski todella ottamisen arvoinen.<\/p>","protected":false},"excerpt":{"rendered":"<p>Kasinot ilman lisenssi\u00e4 Mink\u00e4laisia pelipaikkoja ovat&nbsp;kasinot ilman lisenssi\u00e4&nbsp;ja mit\u00e4 kannattaa huomioida, ennen kuin valitsee pelipaikakseen sellaisen? Onko kasino ilman lisenssi\u00e4&#8230;<\/p>\n","protected":false},"author":2,"featured_media":0,"parent":0,"menu_order":0,"comment_status":"closed","ping_status":"closed","template":"","meta":{"_acf_changed":false,"footnotes":""},"class_list":["post-531","page","type-page","status-publish","hentry"],"acf":[],"yoast_head":"<!-- This site is optimized with the Yoast SEO plugin v27.0 - https:\/\/yoast.com\/product\/yoast-seo-wordpress\/ -->\n<title>Kasinot ilman lisenssi\u00e4 - 2024<\/title>\n<meta name=\"description\" content=\"Opi lis\u00e4\u00e4 kasinoista ilman suomalaista lisenssi\u00e4 ja l\u00f6yd\u00e4 parhaat kasinot sielt\u00e4. Listat p\u00e4ivitet\u00e4\u00e4n p\u00e4ivitt\u00e4in.\" \/>\n<meta name=\"robots\" content=\"index, follow, max-snippet:-1, max-image-preview:large, max-video-preview:-1\" \/>\n<link rel=\"canonical\" href=\"https:\/\/casinowithoutswedishlicense.io\/fi\/\" \/>\n<meta property=\"og:locale\" content=\"fi_FI\" \/>\n<meta property=\"og:type\" content=\"article\" \/>\n<meta property=\"og:title\" content=\"Kasinot ilman lisenssi\u00e4 - 2024\" \/>\n<meta property=\"og:description\" content=\"Opi lis\u00e4\u00e4 kasinoista ilman suomalaista lisenssi\u00e4 ja l\u00f6yd\u00e4 parhaat kasinot sielt\u00e4. Listat p\u00e4ivitet\u00e4\u00e4n p\u00e4ivitt\u00e4in.\" \/>\n<meta property=\"og:url\" content=\"https:\/\/casinowithoutswedishlicense.io\/fi\/\" \/>\n<meta property=\"og:site_name\" content=\"Casino without swedish license\" \/>\n<meta property=\"article:modified_time\" content=\"2024-03-05T13:50:09+00:00\" \/>\n<meta property=\"og:image\" content=\"https:\/\/casinowithoutswedishlicense.io\/wp-content\/uploads\/2023\/02\/cropped-Casino-without-swedish-license-logo2.png\" \/>\n\t<meta property=\"og:image:width\" content=\"519\" \/>\n\t<meta property=\"og:image:height\" content=\"120\" \/>\n\t<meta property=\"og:image:type\" content=\"image\/png\" \/>\n<meta name=\"twitter:card\" content=\"summary_large_image\" \/>\n<meta name=\"twitter:label1\" content=\"Arvioitu lukuaika\" \/>\n\t<meta name=\"twitter:data1\" content=\"3 minuuttia\" \/>\n<script type=\"application\/ld+json\" class=\"yoast-schema-graph\">{\"@context\":\"https:\/\/schema.org\",\"@graph\":[{\"@type\":\"WebPage\",\"@id\":\"https:\/\/casinowithoutswedishlicense.io\/fi\/\",\"url\":\"https:\/\/casinowithoutswedishlicense.io\/fi\/\",\"name\":\"Kasinot ilman lisenssi\u00e4 - 2024\",\"isPartOf\":{\"@id\":\"https:\/\/casinowithoutswedishlicense.io\/fi\/#website\"},\"datePublished\":\"2023-02-09T09:14:29+00:00\",\"dateModified\":\"2024-03-05T13:50:09+00:00\",\"description\":\"Opi lis\u00e4\u00e4 kasinoista ilman suomalaista lisenssi\u00e4 ja l\u00f6yd\u00e4 parhaat kasinot sielt\u00e4. Listat p\u00e4ivitet\u00e4\u00e4n p\u00e4ivitt\u00e4in.\",\"breadcrumb\":{\"@id\":\"https:\/\/casinowithoutswedishlicense.io\/fi\/#breadcrumb\"},\"inLanguage\":\"fi\",\"potentialAction\":[{\"@type\":\"ReadAction\",\"target\":[\"https:\/\/casinowithoutswedishlicense.io\/fi\/\"]}]},{\"@type\":\"BreadcrumbList\",\"@id\":\"https:\/\/casinowithoutswedishlicense.io\/fi\/#breadcrumb\",\"itemListElement\":[{\"@type\":\"ListItem\",\"position\":1,\"name\":\"Home\",\"item\":\"https:\/\/casinowithoutswedishlicense.io\/fi\/\"},{\"@type\":\"ListItem\",\"position\":2,\"name\":\"Kasinot ilman lisenssi\u00e4\"}]},{\"@type\":\"WebSite\",\"@id\":\"https:\/\/casinowithoutswedishlicense.io\/fi\/#website\",\"url\":\"https:\/\/casinowithoutswedishlicense.io\/fi\/\",\"name\":\"Casino without swedish license\",\"description\":\"Find your new casino without swedish license\",\"publisher\":{\"@id\":\"https:\/\/casinowithoutswedishlicense.io\/fi\/#organization\"},\"potentialAction\":[{\"@type\":\"SearchAction\",\"target\":{\"@type\":\"EntryPoint\",\"urlTemplate\":\"https:\/\/casinowithoutswedishlicense.io\/fi\/?s={search_term_string}\"},\"query-input\":{\"@type\":\"PropertyValueSpecification\",\"valueRequired\":true,\"valueName\":\"search_term_string\"}}],\"inLanguage\":\"fi\"},{\"@type\":\"Organization\",\"@id\":\"https:\/\/casinowithoutswedishlicense.io\/fi\/#organization\",\"name\":\"Casinowithoutswedishlicense\",\"url\":\"https:\/\/casinowithoutswedishlicense.io\/fi\/\",\"logo\":{\"@type\":\"ImageObject\",\"inLanguage\":\"fi\",\"@id\":\"https:\/\/casinowithoutswedishlicense.io\/fi\/#\/schema\/logo\/image\/\",\"url\":\"https:\/\/casinowithoutswedishlicense.io\/wp-content\/uploads\/2023\/02\/cropped-Casino-without-swedish-license-logo2.png\",\"contentUrl\":\"https:\/\/casinowithoutswedishlicense.io\/wp-content\/uploads\/2023\/02\/cropped-Casino-without-swedish-license-logo2.png\",\"width\":519,\"height\":120,\"caption\":\"Casinowithoutswedishlicense\"},\"image\":{\"@id\":\"https:\/\/casinowithoutswedishlicense.io\/fi\/#\/schema\/logo\/image\/\"}}]}<\/script>\n<!-- \/ Yoast SEO plugin. -->","yoast_head_json":{"title":"Kasinot ilman lisenssi\u00e4 - 2024","description":"Opi lis\u00e4\u00e4 kasinoista ilman suomalaista lisenssi\u00e4 ja l\u00f6yd\u00e4 parhaat kasinot sielt\u00e4. Listat p\u00e4ivitet\u00e4\u00e4n p\u00e4ivitt\u00e4in.","robots":{"index":"index","follow":"follow","max-snippet":"max-snippet:-1","max-image-preview":"max-image-preview:large","max-video-preview":"max-video-preview:-1"},"canonical":"https:\/\/casinowithoutswedishlicense.io\/fi\/","og_locale":"fi_FI","og_type":"article","og_title":"Kasinot ilman lisenssi\u00e4 - 2024","og_description":"Opi lis\u00e4\u00e4 kasinoista ilman suomalaista lisenssi\u00e4 ja l\u00f6yd\u00e4 parhaat kasinot sielt\u00e4. Listat p\u00e4ivitet\u00e4\u00e4n p\u00e4ivitt\u00e4in.","og_url":"https:\/\/casinowithoutswedishlicense.io\/fi\/","og_site_name":"Casino without swedish license","article_modified_time":"2024-03-05T13:50:09+00:00","og_image":[{"width":519,"height":120,"url":"https:\/\/casinowithoutswedishlicense.io\/wp-content\/uploads\/2023\/02\/cropped-Casino-without-swedish-license-logo2.png","type":"image\/png"}],"twitter_card":"summary_large_image","twitter_misc":{"Arvioitu lukuaika":"3 minuuttia"},"schema":{"@context":"https:\/\/schema.org","@graph":[{"@type":"WebPage","@id":"https:\/\/casinowithoutswedishlicense.io\/fi\/","url":"https:\/\/casinowithoutswedishlicense.io\/fi\/","name":"Kasinot ilman lisenssi\u00e4 - 2024","isPartOf":{"@id":"https:\/\/casinowithoutswedishlicense.io\/fi\/#website"},"datePublished":"2023-02-09T09:14:29+00:00","dateModified":"2024-03-05T13:50:09+00:00","description":"Opi lis\u00e4\u00e4 kasinoista ilman suomalaista lisenssi\u00e4 ja l\u00f6yd\u00e4 parhaat kasinot sielt\u00e4. Listat p\u00e4ivitet\u00e4\u00e4n p\u00e4ivitt\u00e4in.","breadcrumb":{"@id":"https:\/\/casinowithoutswedishlicense.io\/fi\/#breadcrumb"},"inLanguage":"fi","potentialAction":[{"@type":"ReadAction","target":["https:\/\/casinowithoutswedishlicense.io\/fi\/"]}]},{"@type":"BreadcrumbList","@id":"https:\/\/casinowithoutswedishlicense.io\/fi\/#breadcrumb","itemListElement":[{"@type":"ListItem","position":1,"name":"Home","item":"https:\/\/casinowithoutswedishlicense.io\/fi\/"},{"@type":"ListItem","position":2,"name":"Kasinot ilman lisenssi\u00e4"}]},{"@type":"WebSite","@id":"https:\/\/casinowithoutswedishlicense.io\/fi\/#website","url":"https:\/\/casinowithoutswedishlicense.io\/fi\/","name":"Casino without swedish license","description":"Find your new casino without swedish license","publisher":{"@id":"https:\/\/casinowithoutswedishlicense.io\/fi\/#organization"},"potentialAction":[{"@type":"SearchAction","target":{"@type":"EntryPoint","urlTemplate":"https:\/\/casinowithoutswedishlicense.io\/fi\/?s={search_term_string}"},"query-input":{"@type":"PropertyValueSpecification","valueRequired":true,"valueName":"search_term_string"}}],"inLanguage":"fi"},{"@type":"Organization","@id":"https:\/\/casinowithoutswedishlicense.io\/fi\/#organization","name":"Casinowithoutswedishlicense","url":"https:\/\/casinowithoutswedishlicense.io\/fi\/","logo":{"@type":"ImageObject","inLanguage":"fi","@id":"https:\/\/casinowithoutswedishlicense.io\/fi\/#\/schema\/logo\/image\/","url":"https:\/\/casinowithoutswedishlicense.io\/wp-content\/uploads\/2023\/02\/cropped-Casino-without-swedish-license-logo2.png","contentUrl":"https:\/\/casinowithoutswedishlicense.io\/wp-content\/uploads\/2023\/02\/cropped-Casino-without-swedish-license-logo2.png","width":519,"height":120,"caption":"Casinowithoutswedishlicense"},"image":{"@id":"https:\/\/casinowithoutswedishlicense.io\/fi\/#\/schema\/logo\/image\/"}}]}},"_links":{"self":[{"href":"https:\/\/casinowithoutswedishlicense.io\/fi\/wp-json\/wp\/v2\/pages\/531","targetHints":{"allow":["GET"]}}],"collection":[{"href":"https:\/\/casinowithoutswedishlicense.io\/fi\/wp-json\/wp\/v2\/pages"}],"about":[{"href":"https:\/\/casinowithoutswedishlicense.io\/fi\/wp-json\/wp\/v2\/types\/page"}],"author":[{"embeddable":true,"href":"https:\/\/casinowithoutswedishlicense.io\/fi\/wp-json\/wp\/v2\/users\/2"}],"replies":[{"embeddable":true,"href":"https:\/\/casinowithoutswedishlicense.io\/fi\/wp-json\/wp\/v2\/comments?post=531"}],"version-history":[{"count":3,"href":"https:\/\/casinowithoutswedishlicense.io\/fi\/wp-json\/wp\/v2\/pages\/531\/revisions"}],"predecessor-version":[{"id":535,"href":"https:\/\/casinowithoutswedishlicense.io\/fi\/wp-json\/wp\/v2\/pages\/531\/revisions\/535"}],"wp:attachment":[{"href":"https:\/\/casinowithoutswedishlicense.io\/fi\/wp-json\/wp\/v2\/media?parent=531"}],"curies":[{"name":"wp","href":"https:\/\/api.w.org\/{rel}","templated":true}]}}