{"id":536,"date":"2024-02-16T14:29:31","date_gmt":"2024-02-16T14:29:31","guid":{"rendered":"https:\/\/casinowithoutswedishlicense.io\/betting-utan-svensk-licens\/"},"modified":"2024-03-05T14:17:22","modified_gmt":"2024-03-05T14:17:22","slug":"vedonlyonti","status":"publish","type":"page","link":"https:\/\/casinowithoutswedishlicense.io\/fi\/vedonlyonti\/","title":{"rendered":"Vedonly\u00f6nti"},"content":{"rendered":"<h1 class=\"wp-block-heading\">Vedonly\u00f6nti<\/h1>    <p>J\u00e4nnitt\u00e4vi\u00e4 hetki\u00e4 tarjova&nbsp;vedonly\u00f6nti&nbsp;on pelimuoto, joka tuo monen mielest\u00e4 urheilun seuraamiseen mukavaa lis\u00e4j\u00e4nnityst\u00e4. Toisin kuin esimerkiksi kolikkopeleiss\u00e4, vedonly\u00f6nniss\u00e4 voi hy\u00f6dynt\u00e4\u00e4 my\u00f6s taitoa ja tuntemusta lajista. T\u00e4ss\u00e4 artikkelissa k\u00e4ymme l\u00e4pi vinkkej\u00e4 sinulle, joka harkitset vedonly\u00f6nnin aloittamista.<\/p>    <h2 class=\"wp-block-heading\" id=\"L%C3%B6yd%C3%A4+oma+suosikkilajisi\">L\u00f6yd\u00e4 oma suosikkilajisi<\/h2>    <p>Vaikka vedonly\u00f6nniss\u00e4 puhutaankin yleens\u00e4 urheiluvedonly\u00f6nnist\u00e4, on nykymaailmassa mahdollista ly\u00f6d\u00e4 vetoa melkein mist\u00e4 vaan. Esimerkiksi julkkisten eroaikeet, tulevat valtioiden p\u00e4\u00e4miehet sek\u00e4 Euroviisujen voittajat lukeutuvat mahdollisiin vedonly\u00f6ntikohteisiin.<\/p>    <p>Oma suosikkivedonly\u00f6ntilaji voi l\u00f6yty\u00e4 monella eri tavalla. Joidenkin mielest\u00e4 on hauskaa ly\u00f6d\u00e4 vetoa sen lajin parissa, jota seuraa muutenkin televisiosta. T\u00e4ll\u00f6in esimerkiksi otteluiden seuraaminen voi olla entist\u00e4 j\u00e4nnitt\u00e4v\u00e4mp\u00e4\u00e4, kun peliss\u00e4 on my\u00f6s omaa rahaa. Toisaalta vedonly\u00f6ntikohde voi l\u00f6yty\u00e4 my\u00f6s politiikan, ajankohtaisten tapahtumien tai muun aiheen ymp\u00e4rilt\u00e4.<\/p>    <h2 class=\"wp-block-heading\" id=\"Valitse+vedonly%C3%B6ntiin+luotettava+pelipaikka\">Valitse vedonly\u00f6ntiin luotettava pelipaikka<\/h2>    <p>Kun aikeissasi on&nbsp;vedonly\u00f6nti, on syyt\u00e4 k\u00e4ytt\u00e4\u00e4 hieman aikaa my\u00f6s luotettavan pelipaikan valintaan. Vedonly\u00f6ntisivustoja on olemassa runsaasti ja niiden joukossa on luonnollisesti t\u00e4ten parempia ja huonompia vaihtoehtoja. T\u00e4rkeint\u00e4 on varmistua, ett\u00e4&nbsp;vedonly\u00f6nti&nbsp;sivusto toimii luotettavan kasinolisenssin alaisuudessa. T\u00e4llaisia ovat esimerkiksi MGA, EMTA sek\u00e4 Curacaon lisenssi. N\u00e4ist\u00e4 MGA ja EMTA takaavat pelaajalle verovapaat voitot.<\/p>    <p>Osa vedonly\u00f6ntisivustoista erikoistuu pelk\u00e4st\u00e4\u00e4n vedonly\u00f6ntiin, mutta my\u00f6s moni nettikasino tarjoaa pelityyppin\u00e4 vedonly\u00f6nti\u00e4. Erikoistuminen ei sin\u00e4ns\u00e4 vaikuta mitenk\u00e4\u00e4n siihen, kuinka luotettava pelipaikka on, vaan nettikasinot ja puhtaat vedonly\u00f6ntisivustot voivat olla aivan yht\u00e4 hyvi\u00e4 vaihtoehtoja.<\/p>    <h2 class=\"wp-block-heading\" id=\"Huomioi+pelipaikkojen+hyv%C3%A4t+ja+huonot+puolet\">Huomioi pelipaikkojen hyv\u00e4t ja huonot puolet<\/h2>    <p>Kun olet l\u00f6yt\u00e4nyt luotettavan pelipaikan, on syyt\u00e4 viel\u00e4 varmistaa, ett\u00e4 kasino tai vedonly\u00f6ntisivusto on sinulle muutenkin sopiva. Osa pelipaikoista erikoistuu johonkin tiettyyn lajiin, osalla on runsaasti kohteita lajista kuin lajista, kun taas osa keskittyy suosittuihin lajeihin kuten jalkapalloon ja koripalloon. Erityisesti jos oma lajisi lukeutuu harvinaisempien lajien joukkoon, kannattaa selvitt\u00e4\u00e4 etuk\u00e4teen, ett\u00e4 vedonly\u00f6ntisivustolla on kyseisen lajin kohteita.<\/p>    <p>Niin ik\u00e4\u00e4n pelibonukset ovat asia, jonka suhteen vedonly\u00f6ntisivustoilla on runsaasti vaihtelua. Jos siis pid\u00e4t t\u00e4rkein\u00e4 vedonly\u00f6ntibonuksia, kannattaa tutustua pelipaikan kampanjasivuun jo etuk\u00e4teen. Vaikka kampanjat vaihtuvatkin aika ajoin, on tyhj\u00e4 kampanjasivu hyv\u00e4 merkki siit\u00e4, ett\u00e4 kampanjoita on kenties vain harvakseltaan.<\/p>    <p>On my\u00f6s hyv\u00e4 pohtia, haluaako vedonly\u00f6nnin lis\u00e4ksi pelata my\u00f6s muunlaisia pelej\u00e4, vai onko puhdas vedonly\u00f6ntisivusto itselle sopivin vaihtoehto. Moni nettikasino tarjoaa vedonly\u00f6nnin ohella my\u00f6s kolikkopelej\u00e4, livekasinon sek\u00e4 hauskoja p\u00f6yt\u00e4pelej\u00e4. Toisaalta joskus n\u00e4ill\u00e4 kasinoilla&nbsp;vedonly\u00f6nti&nbsp;on j\u00e4\u00e4nyt sivuosaan suhteessa esimerkiksi kolikkopeleihin.<\/p>    <h2 class=\"wp-block-heading\" id=\"Aloita%26nbsp%3Bvedonly%C3%B6nti%26nbsp%3Btutustumalla+pelityyppiin\">Aloita&nbsp;vedonly\u00f6nti&nbsp;tutustumalla pelityyppiin<\/h2>    <p>Toisin kuin esimerkiksi kolikkopeleiss\u00e4, vedonly\u00f6nniss\u00e4 ei ole kyse pelk\u00e4st\u00e4\u00e4n tuurista. Erilaisia vedonly\u00f6ntityyppej\u00e4 on olemassa paljon ja osa niist\u00e4 voi olla aloittelijan n\u00e4k\u00f6kulmasta hyvinkin monimutkaisia. Lajin perusperiaatteet on siis hyv\u00e4 tuntea etuk\u00e4teen.<\/p>    <p>Yleens\u00e4 paras tapa aloittaa&nbsp;vedonly\u00f6nti&nbsp;on tehd\u00e4 singleveto. Singlevedossa pelaaja ly\u00f6 vetoa ainoastaan yhdest\u00e4 lopputuloksesta yhdess\u00e4 tapahtumassa. Mahdollisten pelin lopputulosten m\u00e4\u00e4r\u00e4\u00e4n vaikuttaa paitsi laji, my\u00f6s vedonly\u00f6ntikohde. Esimerkiksi jos ly\u00f6t vetoa siit\u00e4, ett\u00e4 Suomi p\u00e4\u00e4see Euroviisujen finaaliin, tulos on joko kyll\u00e4 tai ei eli mahdollisia vaihtoehtoja on vain kaksi.<\/p>    <p>Erilaisista vedonly\u00f6ntimuodoista l\u00f6ytyy runsaasti tietoa vedonly\u00f6ntisivustoilta. Tutustu huolellisesti varsinkin yhdistelm\u00e4vetoihin ja j\u00e4rjestelm\u00e4vetoihin, jotka lukeutuvat monimutkaisempiin vedonly\u00f6ntitapoihin. N\u00e4in varmistat, ett\u00e4 ly\u00f6t vetoa siten, kun olet etuk\u00e4teen ajatellut.<\/p>    <h2 class=\"wp-block-heading\" id=\"Yhteenveto\">Yhteenveto<\/h2>    <p>Vedonly\u00f6nti&nbsp;on j\u00e4nnitt\u00e4v\u00e4 ja hauska harrastus, joka onnistuu nyky\u00e4\u00e4n helposti my\u00f6s kotisohvalta k\u00e4sin. Erilaisten vedonly\u00f6ntikohteiden ja vedonly\u00f6ntityyppien kirjo on laaja ja urheilun lis\u00e4ksi vetoa voi nyky\u00e4\u00e4n ly\u00f6d\u00e4 esimerkiksi presidentinvaalien voittajasta.<\/p>    <p>Ennen kuin aloitat vedonly\u00f6ntiharrastuksen, on hyv\u00e4 k\u00e4ytt\u00e4\u00e4 jonkin verran aikaa sopivan pelipaikan l\u00f6yt\u00e4miseen. Vedonly\u00f6nti\u00e4 tarjoavat sek\u00e4 puhtaat vedonly\u00f6ntiin erikoistuneet sivustot, ett\u00e4 nettikasinot. Molemmat ovat sin\u00e4ns\u00e4 yht\u00e4 hyvi\u00e4 pelipaikkoja, kunhan sivusto toimii luotettavan lisenssin alaisuudessa.<\/p>    <p>Aloittelijan n\u00e4k\u00f6kulmasta helpoin tapa aloittaa ovat singlevedot, joissa ly\u00f6d\u00e4\u00e4n vetoa vain yhdest\u00e4 lopputuloksesta yhdess\u00e4 tapahtumassa. Kokeneemmille pelaajille j\u00e4nnityst\u00e4 tarjoavat my\u00f6s yhdistelm\u00e4- ja j\u00e4rjestelm\u00e4vedot. Ennen n\u00e4iden pelityyppien kokeilemista kannattaa kuitenkin hakea lajista lis\u00e4\u00e4 tietoa.<\/p>","protected":false},"excerpt":{"rendered":"<p>Vedonly\u00f6nti J\u00e4nnitt\u00e4vi\u00e4 hetki\u00e4 tarjova&nbsp;vedonly\u00f6nti&nbsp;on pelimuoto, joka tuo monen mielest\u00e4 urheilun seuraamiseen mukavaa lis\u00e4j\u00e4nnityst\u00e4. Toisin kuin esimerkiksi kolikkopeleiss\u00e4, vedonly\u00f6nniss\u00e4 voi hy\u00f6dynt\u00e4\u00e4&#8230;<\/p>\n","protected":false},"author":3,"featured_media":0,"parent":0,"menu_order":0,"comment_status":"closed","ping_status":"closed","template":"","meta":{"_acf_changed":false,"footnotes":""},"class_list":["post-536","page","type-page","status-publish","hentry"],"acf":[],"yoast_head":"<!-- This site is optimized with the Yoast SEO plugin v27.0 - https:\/\/yoast.com\/product\/yoast-seo-wordpress\/ -->\n<title>Pelaaminen turvallisesti ilman suomalaista lisenssi\u00e4 - 2024<\/title>\n<meta name=\"description\" content=\"Pelaile turvallisesti ja luotettavasti ilman suomalaista lisenssi\u00e4 - l\u00f6yd\u00e4 parhaat vedonly\u00f6ntivaihtoehdot t\u00e4\u00e4lt\u00e4. P\u00e4ivit\u00e4mme listat s\u00e4\u00e4nn\u00f6llisesti!\" \/>\n<meta name=\"robots\" content=\"index, follow, max-snippet:-1, max-image-preview:large, max-video-preview:-1\" \/>\n<link rel=\"canonical\" href=\"https:\/\/casinowithoutswedishlicense.io\/fi\/vedonlyonti\/\" \/>\n<meta property=\"og:locale\" content=\"fi_FI\" \/>\n<meta property=\"og:type\" content=\"article\" \/>\n<meta property=\"og:title\" content=\"Pelaaminen turvallisesti ilman suomalaista lisenssi\u00e4 - 2024\" \/>\n<meta property=\"og:description\" content=\"Pelaile turvallisesti ja luotettavasti ilman suomalaista lisenssi\u00e4 - l\u00f6yd\u00e4 parhaat vedonly\u00f6ntivaihtoehdot t\u00e4\u00e4lt\u00e4. P\u00e4ivit\u00e4mme listat s\u00e4\u00e4nn\u00f6llisesti!\" \/>\n<meta property=\"og:url\" content=\"https:\/\/casinowithoutswedishlicense.io\/fi\/vedonlyonti\/\" \/>\n<meta property=\"og:site_name\" content=\"Casino without swedish license\" \/>\n<meta property=\"article:modified_time\" content=\"2024-03-05T14:17:22+00:00\" \/>\n<meta property=\"og:image\" content=\"https:\/\/casinowithoutswedishlicense.io\/wp-content\/uploads\/2023\/02\/cropped-Casino-without-swedish-license-logo2.png\" \/>\n\t<meta property=\"og:image:width\" content=\"519\" \/>\n\t<meta property=\"og:image:height\" content=\"120\" \/>\n\t<meta property=\"og:image:type\" content=\"image\/png\" \/>\n<meta name=\"twitter:card\" content=\"summary_large_image\" \/>\n<meta name=\"twitter:label1\" content=\"Arvioitu lukuaika\" \/>\n\t<meta name=\"twitter:data1\" content=\"3 minuuttia\" \/>\n<script type=\"application\/ld+json\" class=\"yoast-schema-graph\">{\"@context\":\"https:\/\/schema.org\",\"@graph\":[{\"@type\":\"WebPage\",\"@id\":\"https:\/\/casinowithoutswedishlicense.io\/fi\/vedonlyonti\/\",\"url\":\"https:\/\/casinowithoutswedishlicense.io\/fi\/vedonlyonti\/\",\"name\":\"Pelaaminen turvallisesti ilman suomalaista lisenssi\u00e4 - 2024\",\"isPartOf\":{\"@id\":\"https:\/\/casinowithoutswedishlicense.io\/fi\/#website\"},\"datePublished\":\"2024-02-16T14:29:31+00:00\",\"dateModified\":\"2024-03-05T14:17:22+00:00\",\"description\":\"Pelaile turvallisesti ja luotettavasti ilman suomalaista lisenssi\u00e4 - l\u00f6yd\u00e4 parhaat vedonly\u00f6ntivaihtoehdot t\u00e4\u00e4lt\u00e4. P\u00e4ivit\u00e4mme listat s\u00e4\u00e4nn\u00f6llisesti!\",\"breadcrumb\":{\"@id\":\"https:\/\/casinowithoutswedishlicense.io\/fi\/vedonlyonti\/#breadcrumb\"},\"inLanguage\":\"fi\",\"potentialAction\":[{\"@type\":\"ReadAction\",\"target\":[\"https:\/\/casinowithoutswedishlicense.io\/fi\/vedonlyonti\/\"]}]},{\"@type\":\"BreadcrumbList\",\"@id\":\"https:\/\/casinowithoutswedishlicense.io\/fi\/vedonlyonti\/#breadcrumb\",\"itemListElement\":[{\"@type\":\"ListItem\",\"position\":1,\"name\":\"Home\",\"item\":\"https:\/\/casinowithoutswedishlicense.io\/fi\/\"},{\"@type\":\"ListItem\",\"position\":2,\"name\":\"Vedonly\u00f6nti\"}]},{\"@type\":\"WebSite\",\"@id\":\"https:\/\/casinowithoutswedishlicense.io\/fi\/#website\",\"url\":\"https:\/\/casinowithoutswedishlicense.io\/fi\/\",\"name\":\"Casino without swedish license\",\"description\":\"Find your new casino without swedish license\",\"publisher\":{\"@id\":\"https:\/\/casinowithoutswedishlicense.io\/fi\/#organization\"},\"potentialAction\":[{\"@type\":\"SearchAction\",\"target\":{\"@type\":\"EntryPoint\",\"urlTemplate\":\"https:\/\/casinowithoutswedishlicense.io\/fi\/?s={search_term_string}\"},\"query-input\":{\"@type\":\"PropertyValueSpecification\",\"valueRequired\":true,\"valueName\":\"search_term_string\"}}],\"inLanguage\":\"fi\"},{\"@type\":\"Organization\",\"@id\":\"https:\/\/casinowithoutswedishlicense.io\/fi\/#organization\",\"name\":\"Casinowithoutswedishlicense\",\"url\":\"https:\/\/casinowithoutswedishlicense.io\/fi\/\",\"logo\":{\"@type\":\"ImageObject\",\"inLanguage\":\"fi\",\"@id\":\"https:\/\/casinowithoutswedishlicense.io\/fi\/#\/schema\/logo\/image\/\",\"url\":\"https:\/\/casinowithoutswedishlicense.io\/wp-content\/uploads\/2023\/02\/cropped-Casino-without-swedish-license-logo2.png\",\"contentUrl\":\"https:\/\/casinowithoutswedishlicense.io\/wp-content\/uploads\/2023\/02\/cropped-Casino-without-swedish-license-logo2.png\",\"width\":519,\"height\":120,\"caption\":\"Casinowithoutswedishlicense\"},\"image\":{\"@id\":\"https:\/\/casinowithoutswedishlicense.io\/fi\/#\/schema\/logo\/image\/\"}}]}<\/script>\n<!-- \/ Yoast SEO plugin. -->","yoast_head_json":{"title":"Pelaaminen turvallisesti ilman suomalaista lisenssi\u00e4 - 2024","description":"Pelaile turvallisesti ja luotettavasti ilman suomalaista lisenssi\u00e4 - l\u00f6yd\u00e4 parhaat vedonly\u00f6ntivaihtoehdot t\u00e4\u00e4lt\u00e4. P\u00e4ivit\u00e4mme listat s\u00e4\u00e4nn\u00f6llisesti!","robots":{"index":"index","follow":"follow","max-snippet":"max-snippet:-1","max-image-preview":"max-image-preview:large","max-video-preview":"max-video-preview:-1"},"canonical":"https:\/\/casinowithoutswedishlicense.io\/fi\/vedonlyonti\/","og_locale":"fi_FI","og_type":"article","og_title":"Pelaaminen turvallisesti ilman suomalaista lisenssi\u00e4 - 2024","og_description":"Pelaile turvallisesti ja luotettavasti ilman suomalaista lisenssi\u00e4 - l\u00f6yd\u00e4 parhaat vedonly\u00f6ntivaihtoehdot t\u00e4\u00e4lt\u00e4. P\u00e4ivit\u00e4mme listat s\u00e4\u00e4nn\u00f6llisesti!","og_url":"https:\/\/casinowithoutswedishlicense.io\/fi\/vedonlyonti\/","og_site_name":"Casino without swedish license","article_modified_time":"2024-03-05T14:17:22+00:00","og_image":[{"width":519,"height":120,"url":"https:\/\/casinowithoutswedishlicense.io\/wp-content\/uploads\/2023\/02\/cropped-Casino-without-swedish-license-logo2.png","type":"image\/png"}],"twitter_card":"summary_large_image","twitter_misc":{"Arvioitu lukuaika":"3 minuuttia"},"schema":{"@context":"https:\/\/schema.org","@graph":[{"@type":"WebPage","@id":"https:\/\/casinowithoutswedishlicense.io\/fi\/vedonlyonti\/","url":"https:\/\/casinowithoutswedishlicense.io\/fi\/vedonlyonti\/","name":"Pelaaminen turvallisesti ilman suomalaista lisenssi\u00e4 - 2024","isPartOf":{"@id":"https:\/\/casinowithoutswedishlicense.io\/fi\/#website"},"datePublished":"2024-02-16T14:29:31+00:00","dateModified":"2024-03-05T14:17:22+00:00","description":"Pelaile turvallisesti ja luotettavasti ilman suomalaista lisenssi\u00e4 - l\u00f6yd\u00e4 parhaat vedonly\u00f6ntivaihtoehdot t\u00e4\u00e4lt\u00e4. P\u00e4ivit\u00e4mme listat s\u00e4\u00e4nn\u00f6llisesti!","breadcrumb":{"@id":"https:\/\/casinowithoutswedishlicense.io\/fi\/vedonlyonti\/#breadcrumb"},"inLanguage":"fi","potentialAction":[{"@type":"ReadAction","target":["https:\/\/casinowithoutswedishlicense.io\/fi\/vedonlyonti\/"]}]},{"@type":"BreadcrumbList","@id":"https:\/\/casinowithoutswedishlicense.io\/fi\/vedonlyonti\/#breadcrumb","itemListElement":[{"@type":"ListItem","position":1,"name":"Home","item":"https:\/\/casinowithoutswedishlicense.io\/fi\/"},{"@type":"ListItem","position":2,"name":"Vedonly\u00f6nti"}]},{"@type":"WebSite","@id":"https:\/\/casinowithoutswedishlicense.io\/fi\/#website","url":"https:\/\/casinowithoutswedishlicense.io\/fi\/","name":"Casino without swedish license","description":"Find your new casino without swedish license","publisher":{"@id":"https:\/\/casinowithoutswedishlicense.io\/fi\/#organization"},"potentialAction":[{"@type":"SearchAction","target":{"@type":"EntryPoint","urlTemplate":"https:\/\/casinowithoutswedishlicense.io\/fi\/?s={search_term_string}"},"query-input":{"@type":"PropertyValueSpecification","valueRequired":true,"valueName":"search_term_string"}}],"inLanguage":"fi"},{"@type":"Organization","@id":"https:\/\/casinowithoutswedishlicense.io\/fi\/#organization","name":"Casinowithoutswedishlicense","url":"https:\/\/casinowithoutswedishlicense.io\/fi\/","logo":{"@type":"ImageObject","inLanguage":"fi","@id":"https:\/\/casinowithoutswedishlicense.io\/fi\/#\/schema\/logo\/image\/","url":"https:\/\/casinowithoutswedishlicense.io\/wp-content\/uploads\/2023\/02\/cropped-Casino-without-swedish-license-logo2.png","contentUrl":"https:\/\/casinowithoutswedishlicense.io\/wp-content\/uploads\/2023\/02\/cropped-Casino-without-swedish-license-logo2.png","width":519,"height":120,"caption":"Casinowithoutswedishlicense"},"image":{"@id":"https:\/\/casinowithoutswedishlicense.io\/fi\/#\/schema\/logo\/image\/"}}]}},"_links":{"self":[{"href":"https:\/\/casinowithoutswedishlicense.io\/fi\/wp-json\/wp\/v2\/pages\/536","targetHints":{"allow":["GET"]}}],"collection":[{"href":"https:\/\/casinowithoutswedishlicense.io\/fi\/wp-json\/wp\/v2\/pages"}],"about":[{"href":"https:\/\/casinowithoutswedishlicense.io\/fi\/wp-json\/wp\/v2\/types\/page"}],"author":[{"embeddable":true,"href":"https:\/\/casinowithoutswedishlicense.io\/fi\/wp-json\/wp\/v2\/users\/3"}],"replies":[{"embeddable":true,"href":"https:\/\/casinowithoutswedishlicense.io\/fi\/wp-json\/wp\/v2\/comments?post=536"}],"version-history":[{"count":4,"href":"https:\/\/casinowithoutswedishlicense.io\/fi\/wp-json\/wp\/v2\/pages\/536\/revisions"}],"predecessor-version":[{"id":541,"href":"https:\/\/casinowithoutswedishlicense.io\/fi\/wp-json\/wp\/v2\/pages\/536\/revisions\/541"}],"wp:attachment":[{"href":"https:\/\/casinowithoutswedishlicense.io\/fi\/wp-json\/wp\/v2\/media?parent=536"}],"curies":[{"name":"wp","href":"https:\/\/api.w.org\/{rel}","templated":true}]}}