{"id":545,"date":"2024-03-05T14:36:34","date_gmt":"2024-03-05T14:36:34","guid":{"rendered":"https:\/\/casinowithoutswedishlicense.io\/?page_id=545"},"modified":"2024-03-05T14:36:34","modified_gmt":"2024-03-05T14:36:34","slug":"mestarien-liiga-sarjataulukot","status":"publish","type":"page","link":"https:\/\/casinowithoutswedishlicense.io\/fi\/vedonlyonti\/mestarien-liiga-sarjataulukot\/","title":{"rendered":"Mestarien liiga sarjataulukot"},"content":{"rendered":"<h1 class=\"wp-block-heading\">Mestarien liiga sarjataulukot<\/h1>    <p>Eurooppalaisessa seurajalkapallossa jokaisen joukkueen himoitsema kirkkain kruunu kauteen olisi voittaa Mestarien liigan mestaruus. Fanit j\u00e4nnitt\u00e4v\u00e4t omien suosikkijoukkueidensa menestyst\u00e4 tiukasti televisioiden \u00e4\u00e4rell\u00e4 ja stadioneilla ymp\u00e4ri mantereen. Olennainen osa t\u00e4ss\u00e4 j\u00e4nnitysn\u00e4ytelm\u00e4ss\u00e4 ovat&nbsp;Mestarien liiga sarjataulukot.<\/p>    <p>Liigan seuraaminen on mielenkiintoisempaa, kun p\u00e4\u00e4see seuraamaan sarjataulukoita, tiet\u00e4\u00e4 historiaa ja voi spekuloida mahdollisia tuloksia n\u00e4ihin perustuen. T\u00e4ss\u00e4 artikkelissa perehdymmekin tarkemmin siihen miten&nbsp;Mestarien liiga sarjataulukot&nbsp;oikein toimivat sek\u00e4 siihen miss\u00e4 kohtaa kautta niiden merkitys on korkeimmillaan.<\/p>    <h2 class=\"wp-block-heading\" id=\"Mestarien+liigan+historiasta\">Mestarien liigan historiasta<\/h2>    <p>Jalkapallon Mestarien liiga on yksi maailman tunnetuimmista ja arvostetuimmista seurajoukkueiden kilpailuista. Se perustettiin alun perin vuonna 1955 Euroopan cupina, tarkoituksenaan tarjota Euroopan parhaille seurajoukkueille mahdollisuus kilpailla toisiaan vastaan ja selvitt\u00e4\u00e4 mantereen paras joukkue. Alkuper\u00e4isess\u00e4 formaatissaan turnaus koostui vain muutamien Euroopan maiden mestareista, mutta vuosien saatossa se on laajentunut kattamaan enemm\u00e4n joukkueita eri maiden liigojen sijoituksien perusteella.<\/p>    <p>Alkuvuosina turnaus her\u00e4tti suurta kiinnostusta ja se saikin nopeasti vakiintuneen aseman Euroopan jalkapallokentill\u00e4. Vuosikymmenten aikana Mestarien liigan formaatti ja s\u00e4\u00e4nn\u00f6t ovat kehittyneet merkitt\u00e4v\u00e4sti vastaamaan sek\u00e4 lajin kasvavaa suosiota ett\u00e4 televisio-oikeuksien vaatimuksia. T\u00e4m\u00e4 on johtanut siihen, ett\u00e4 turnaus on nykyisin yksi maailman katsotuimmista urheilutapahtumista, jossa miljoonat ihmiset ymp\u00e4ri maailman seuraavat innokkaasti otteluita ja j\u00e4nnitt\u00e4v\u00e4t omien joukkueidensa menestyst\u00e4.&nbsp;Mestarien liiga sarjataulukot&nbsp;ovatkin tiukasti seurannassa.<\/p>    <h3 class=\"wp-block-heading\">Hetki\u00e4 jotka ovat j\u00e4\u00e4neet el\u00e4m\u00e4\u00e4n<\/h3>    <p>Mestarien liigan historiassa on monia legendaarisia hetki\u00e4 ja tarinoita, jotka ovat j\u00e4tt\u00e4neet l\u00e4htem\u00e4tt\u00f6m\u00e4n j\u00e4ljen jalkapallon historiaan. Ottelut, kuten Liverpoolin legendaarinen nousu Istanbulissa vuonna 2005 tai Manchester Unitedin dramaattinen voitto vuonna 1999, ovat osa turnauksen rikasta perinnett\u00e4. N\u00e4iden tarinoiden kautta Mestarien liiga on kasvanut paljon enemm\u00e4ksi kuin vain urheilutapahtumaksi; se on tullut osaksi Euroopan kulttuuria ja identiteetti\u00e4.<\/p>    <h2 class=\"wp-block-heading\" id=\"Mestarien+liigan+formaatti\">Mestarien liigan formaatti<\/h2>    <p>Turnauksen formaatti on kehittynyt merkitt\u00e4v\u00e4sti sen perustamisesta l\u00e4htien. Nyky\u00e4\u00e4n Mestarien liigan formaatti on j\u00e4nnitt\u00e4v\u00e4 sekoitus sarjataulukoihin perustuvaa alkulohkovaihetta ja turnausmuotoisia pudotuspelej\u00e4. T\u00e4m\u00e4 tarjoaa paljon j\u00e4nnityst\u00e4 sek\u00e4 joukkueille ett\u00e4 katsojille. Mestarien liiga koostuu useista vaiheista, jotka tarjoavat draamaa ja hiuksia nostattavan j\u00e4nnitt\u00e4vi\u00e4 hetki\u00e4 jalkapallon yst\u00e4ville ymp\u00e4ri maailman.<\/p>    <p>Kauden alussa Mestarien liigaan osallistuvat joukkueet jaetaan alkulohkoihin. N\u00e4m\u00e4 lohkot koostuvat nelj\u00e4st\u00e4 joukkueesta, ja jokainen joukkue pelaa toisiaan vastaan koti- ja vierasottelut.&nbsp;Mestarien liiga sarjataulukot&nbsp;ovat merkityksellisi\u00e4 juurikin alkulohkovaiheessa. Otteluiden tulokset m\u00e4\u00e4ritt\u00e4v\u00e4t joukkueiden sijoituksen lohkossa, ja kaksi parasta joukkuetta etenee jatkoon. Kolmanneksi sijoittuneet joukkueet siirtyv\u00e4t Eurooppa-liigan jatkopeleihin.<\/p>    <h3 class=\"wp-block-heading\">Mestari selvi\u00e4\u00e4 pudotuspelien p\u00e4\u00e4tteeksi<\/h3>    <p>Seuraavassa vaiheessa Mestarien liiga siirtyy pudotuspeleihin, jotka alkavat ensin 16 parhaan joukkueen v\u00e4lisill\u00e4 otteluilla. Pudotuspelit jatkuvat nelj\u00e4nnesv\u00e4lierist\u00e4 v\u00e4lieriin ja lopulta finaaliin asti. Jokainen pudotuspeli koostuu kahdesta osasta, joissa joukkueet pelaavat kotonaan ja vieraissa, ja edet\u00e4kseen seuraavaan vaiheeseen ne tarvitsevat kokonaispistem\u00e4\u00e4r\u00e4n. Poikkeuksen t\u00e4h\u00e4n tekee vain loppuottelu, joka pelataan yksiosaisena otteluna jollain ennalta m\u00e4\u00e4ritellyll\u00e4 Euroopan suurstadionilla. Kaudella 2023-2024 mestaruus ratkeaa Lontoon legendaarisella Wembleyn stadionilla 1.6.2024 pelattavassa loppuottelussa.<\/p>    <p>Mestarien liigan formaatti tarjoaa j\u00e4nnityst\u00e4 sek\u00e4 suurille ett\u00e4 pienemmille seuroille, mahdollistaen kilpailun Euroopan parhaan joukkueen tittelist\u00e4. Turnaus tarjoaa my\u00f6s monipuolisen kokemuksen katsojille, kun he seuraavat jokaista vaihetta alkaen alkulohkoista aina finaaliin saakka. T\u00e4m\u00e4 formaatti on osaltaan tehnyt Mestarien liigasta yhden maailman seuratuimmista urheilutapahtumista.<\/p>    <h3 class=\"wp-block-heading\">Miten&nbsp;Mestarien liiga sarjataulukot&nbsp;toimivat?<\/h3>    <p>Mestarien liiga sarjataulukot&nbsp;ovat olennainen osa turnauksen j\u00e4rjestelm\u00e4\u00e4 ja ne toimivat perustana joukkueiden etenemiselle kilpailussa. Sarjataulukot koostuvat joukkueiden sijoituksista niiden suorituksen perusteella alkulohkovaiheessa. Jokainen voitto, tasapeli ja tappio vaikuttaa joukkueen pisteisiin ja lopulta sen sijoitukseen lohkossa.<\/p>    <p>Kun joukkueet ovat pelanneet kaikki alkulohkovaiheen ottelunsa, sarjataulukot p\u00e4ivitet\u00e4\u00e4n ja kaksi parasta joukkuetta kustakin lohkosta etenee seuraavaan vaiheeseen, pudotuspeleihin. Sarjataulukoissa otetaan huomioon useita tekij\u00f6it\u00e4, kuten voitot, tasapelit, maalieron ja tehdyt maalit. T\u00e4m\u00e4 tarjoaa tasapuolisen tavan m\u00e4\u00e4ritt\u00e4\u00e4 joukkueiden paremmuus ja auttaa ratkaisemaan jatkoon menij\u00e4t siin\u00e4 tapauksessa, ett\u00e4 joukkueet olisivat alkulohkon p\u00e4\u00e4ttyess\u00e4 tasapisteiss\u00e4.<\/p>    <h4 class=\"wp-block-heading\">J\u00e4nnityst\u00e4 faneille ja katsojille ymp\u00e4ri maailman<\/h4>    <p>Mestarien liiga sarjataulukot&nbsp;ovat my\u00f6s t\u00e4rkeit\u00e4 katsojille, faneille ja asiantuntijoille, jotka seuraavat turnausta. Ne tarjoavat selke\u00e4n kuvan siit\u00e4, mitk\u00e4 joukkueet ovat vahvoilla etenem\u00e4\u00e4n jatkoon turnauksessa. Lis\u00e4ksi ne luovat j\u00e4nnityst\u00e4 ja kiinnostusta liigaa kohtaan joukkueiden kilpaillessa sijoituksista ja pyrkiess\u00e4 etenem\u00e4\u00e4n kohti Mestarien liigan kruunua.<\/p>    <p>Kaiken kaikkiaan&nbsp;Mestarien liiga sarjataulukot&nbsp;toimivat tehokkaana ty\u00f6kaluna sek\u00e4 joukkueille ett\u00e4 katsojille, kun he seuraavat turnauksen kulkua ja juhlivat jalkapallon suurta juhlaa Euroopassa.<\/p>    <h2 class=\"wp-block-heading\" id=\"Menneiden+kausien+mestarit\">Menneiden kausien mestarit<\/h2>    <p>Mestarien liiga on kautta aikojen tuottanut joukoittain legendaarisia hetki\u00e4 ja tarjoillut futisfaneille unohtumattomia otteluita. Liigan menneiden kausien mestarit ovat j\u00e4\u00e4neet historiaan voittojensa ja suoritustensa kautta. Joukkueet, jotka ovat kruunattu Mestarien liigan voittajiksi, ovat saavuttaneet huipun eurooppalaisen jalkapalloilun maailmassa ja tehneet itsest\u00e4\u00e4n ikuisia legendoja faneilleen.<\/p>    <p>Vuonna 1992 j\u00e4rjestetyn ensimm\u00e4isen nykymuotoisen Mestarien liigan finaalin voitti FC Barcelona, kun se kaatoi Sampdorian 1-0. T\u00e4st\u00e4 alkoi Barcelonan menestystarina, joka jatkui viel\u00e4 vuosikymmeni\u00e4 eteenp\u00e4in. Vuonna 1999 Manchester United koki historiallisen nousun ja voitti Mestarien liigan finaalin Bayern M\u00fcncheni\u00e4 vastaan, tehden legendaarisen k\u00e4\u00e4nteen ottelun viime hetkill\u00e4.<\/p>    <p>Kaudella 2004-2005 Liverpool teki puolestaan teki uskomattoman tempun finaalissa AC Milania vastaan Istanbulissa, nousten 3-0-tappioasemasta voittoon rankkareilla. T\u00e4m\u00e4 finaali j\u00e4\u00e4 historiaan yhten\u00e4 dramaattisimpana Mestarien liigan finaalina. My\u00f6s Real Madrid on kruunattu Mestarien liigan voittajaksi useaan otteeseen, rakentaen oman dynastiansa turnauksessa. Real Madrid onkin vienyt mestaruuden nimiins\u00e4 toistaiseksi useammin kuin yksik\u00e4\u00e4n toinen joukkue.<\/p>    <p>Viime vuosina Bayern M\u00fcnchen, Barcelona, Real Madrid ja Liverpool ovat olleet vahvoja voimia Mestarien liigassa, voittaen useita mestaruuksia ja pit\u00e4en hallussaan turnauksen k\u00e4rkipaikkoja. N\u00e4m\u00e4 joukkueet ovat n\u00e4ytt\u00e4neet ylivoimansa ja j\u00e4tt\u00e4neet j\u00e4lkens\u00e4 Mestarien liigan historiaan menestyksell\u00e4\u00e4n ja upeilla suorituksillaan. T\u00e4h\u00e4n joukkoon on vahvasti pyrkim\u00e4ss\u00e4 my\u00f6s Manchester City, joka voitti ensimm\u00e4isen mestaruutensa kauden 2022-2023 p\u00e4\u00e4tteeksi.<\/p>    <h2 class=\"wp-block-heading\" id=\"Tulevaisuuden+n%C3%A4kym%C3%A4t+ja+muutokset+formaatissa\">Tulevaisuuden n\u00e4kym\u00e4t ja muutokset formaatissa<\/h2>    <p>Mestarien liiga tulee kokemaan historiallisia muutoksia uuden kauden alkaessa syksyll\u00e4 2024. Nykymuotoinen lohkoj\u00e4rjestelm\u00e4 j\u00e4\u00e4 historiaan ja alkulohkovaiheeseen otetaan mukaan nelj\u00e4 joukkuetta enemm\u00e4n kuin aiemmilla kausilla. N\u00e4in alkulohkoon p\u00e4\u00e4see pelaamaan 36 joukkuetta nykyisen 32 joukkueen sijaan.<\/p>    <p>Kaikki joukkueet tulevat pelaamaan yhdess\u00e4 ja samassa lohkossa, jossa jokainen joukkue pelaa kahdeksan ottelua. Joukkuekohtainen ottelum\u00e4\u00e4r\u00e4 kasvaa n\u00e4in kahdella nykyisest\u00e4 kuudesta ottelusta.&nbsp;Mestarien liiga sarjataulukot&nbsp;tulevat edelleen toki s\u00e4ilytt\u00e4m\u00e4\u00e4n merkityksens\u00e4, sill\u00e4 laajentuneessa alkulohkossa kahdeksan parasta joukkuetta lunastaa suoraan paikkansa pudotuspeleihin. Sijoille 9.-24. sarjataulukossa tulleet joukkueet pelaavat jatkopaikoista kaksiosaisissa jatkopeleiss\u00e4 koti- ja vieraskentill\u00e4.<\/p>    <p>T\u00e4m\u00e4n vaiheen j\u00e4lkeen liigan pudotuspelit etenev\u00e4t samalla kaavalla kuin nyky\u00e4\u00e4nkin, eli nelj\u00e4nnesv\u00e4lierien, puoliv\u00e4lierien ja v\u00e4lierien kautta loppuotteluun. Ensimm\u00e4inen uudistuneen formaatin Mestarien liigan mestari ratkeaa M\u00fcnchenin Fu\u00dfball Areenalla lauantaina 31.5.2025.<\/p>    <h3 class=\"wp-block-heading\">Miksi Mestarien liigaa uudistetaan?<\/h3>    <p>Mestarien liigan uudistusten taustalla on UEFA:n mukaan se, ett\u00e4 fanit saavat n\u00e4in enemm\u00e4n katseltavia otteluita, joiden \u00e4\u00e4rell\u00e4 j\u00e4nnitt\u00e4\u00e4. Toki suuri syy uudistuksiin on varmasti my\u00f6s se, ett\u00e4 mit\u00e4 enemm\u00e4n otteluita pelataan sit\u00e4 enemm\u00e4n rahaa UEFA niiden avulla k\u00e4\u00e4rii. Lis\u00e4ksi uudistunut formaatti mahdollistaa my\u00f6s sen, ett\u00e4 Euroopan suurseurat saattavat kohdata jo turnauksen alkuvaiheessa ilman, ett\u00e4 ne kuitenkaan ovat viel\u00e4 vaarassa pudota jatkosta.<\/p>","protected":false},"excerpt":{"rendered":"<p>Mestarien liiga sarjataulukot Eurooppalaisessa seurajalkapallossa jokaisen joukkueen himoitsema kirkkain kruunu kauteen olisi voittaa Mestarien liigan mestaruus. Fanit j\u00e4nnitt\u00e4v\u00e4t omien suosikkijoukkueidensa&#8230;<\/p>\n","protected":false},"author":3,"featured_media":0,"parent":536,"menu_order":0,"comment_status":"closed","ping_status":"closed","template":"","meta":{"_acf_changed":false,"footnotes":""},"class_list":["post-545","page","type-page","status-publish","hentry"],"acf":[],"yoast_head":"<!-- This site is optimized with the Yoast SEO plugin v27.0 - https:\/\/yoast.com\/product\/yoast-seo-wordpress\/ -->\n<title>Mestarien liiga sarjataulukot - 2024<\/title>\n<meta name=\"description\" content=\"Tutustu Mestarien liigan sarjataulukoihin - pysy ajan tasalla huippujalkapallon Euroopan huippuliigan viimeisimmist\u00e4 tuloksista ja tilanteesta. Lue lis\u00e4\u00e4 t\u00e4\u00e4lt\u00e4!\" \/>\n<meta name=\"robots\" content=\"index, follow, max-snippet:-1, max-image-preview:large, max-video-preview:-1\" \/>\n<link rel=\"canonical\" href=\"https:\/\/casinowithoutswedishlicense.io\/fi\/vedonlyonti\/mestarien-liiga-sarjataulukot\/\" \/>\n<meta property=\"og:locale\" content=\"fi_FI\" \/>\n<meta property=\"og:type\" content=\"article\" \/>\n<meta property=\"og:title\" content=\"Mestarien liiga sarjataulukot - 2024\" \/>\n<meta property=\"og:description\" content=\"Tutustu Mestarien liigan sarjataulukoihin - pysy ajan tasalla huippujalkapallon Euroopan huippuliigan viimeisimmist\u00e4 tuloksista ja tilanteesta. Lue lis\u00e4\u00e4 t\u00e4\u00e4lt\u00e4!\" \/>\n<meta property=\"og:url\" content=\"https:\/\/casinowithoutswedishlicense.io\/fi\/vedonlyonti\/mestarien-liiga-sarjataulukot\/\" \/>\n<meta property=\"og:site_name\" content=\"Casino without swedish license\" \/>\n<meta property=\"og:image\" content=\"https:\/\/casinowithoutswedishlicense.io\/wp-content\/uploads\/2023\/02\/cropped-Casino-without-swedish-license-logo2.png\" \/>\n\t<meta property=\"og:image:width\" content=\"519\" \/>\n\t<meta property=\"og:image:height\" content=\"120\" \/>\n\t<meta property=\"og:image:type\" content=\"image\/png\" \/>\n<meta name=\"twitter:card\" content=\"summary_large_image\" \/>\n<meta name=\"twitter:label1\" content=\"Arvioitu lukuaika\" \/>\n\t<meta name=\"twitter:data1\" content=\"5 minuuttia\" \/>\n<script type=\"application\/ld+json\" class=\"yoast-schema-graph\">{\"@context\":\"https:\/\/schema.org\",\"@graph\":[{\"@type\":\"WebPage\",\"@id\":\"https:\/\/casinowithoutswedishlicense.io\/fi\/vedonlyonti\/mestarien-liiga-sarjataulukot\/\",\"url\":\"https:\/\/casinowithoutswedishlicense.io\/fi\/vedonlyonti\/mestarien-liiga-sarjataulukot\/\",\"name\":\"Mestarien liiga sarjataulukot - 2024\",\"isPartOf\":{\"@id\":\"https:\/\/casinowithoutswedishlicense.io\/fi\/#website\"},\"datePublished\":\"2024-03-05T14:36:34+00:00\",\"description\":\"Tutustu Mestarien liigan sarjataulukoihin - pysy ajan tasalla huippujalkapallon Euroopan huippuliigan viimeisimmist\u00e4 tuloksista ja tilanteesta. Lue lis\u00e4\u00e4 t\u00e4\u00e4lt\u00e4!\",\"breadcrumb\":{\"@id\":\"https:\/\/casinowithoutswedishlicense.io\/fi\/vedonlyonti\/mestarien-liiga-sarjataulukot\/#breadcrumb\"},\"inLanguage\":\"fi\",\"potentialAction\":[{\"@type\":\"ReadAction\",\"target\":[\"https:\/\/casinowithoutswedishlicense.io\/fi\/vedonlyonti\/mestarien-liiga-sarjataulukot\/\"]}]},{\"@type\":\"BreadcrumbList\",\"@id\":\"https:\/\/casinowithoutswedishlicense.io\/fi\/vedonlyonti\/mestarien-liiga-sarjataulukot\/#breadcrumb\",\"itemListElement\":[{\"@type\":\"ListItem\",\"position\":1,\"name\":\"Home\",\"item\":\"https:\/\/casinowithoutswedishlicense.io\/fi\/\"},{\"@type\":\"ListItem\",\"position\":2,\"name\":\"Vedonly\u00f6nti\",\"item\":\"https:\/\/casinowithoutswedishlicense.io\/fi\/vedonlyonti\/\"},{\"@type\":\"ListItem\",\"position\":3,\"name\":\"Mestarien liiga sarjataulukot\"}]},{\"@type\":\"WebSite\",\"@id\":\"https:\/\/casinowithoutswedishlicense.io\/fi\/#website\",\"url\":\"https:\/\/casinowithoutswedishlicense.io\/fi\/\",\"name\":\"Casino without swedish license\",\"description\":\"Find your new casino without swedish license\",\"publisher\":{\"@id\":\"https:\/\/casinowithoutswedishlicense.io\/fi\/#organization\"},\"potentialAction\":[{\"@type\":\"SearchAction\",\"target\":{\"@type\":\"EntryPoint\",\"urlTemplate\":\"https:\/\/casinowithoutswedishlicense.io\/fi\/?s={search_term_string}\"},\"query-input\":{\"@type\":\"PropertyValueSpecification\",\"valueRequired\":true,\"valueName\":\"search_term_string\"}}],\"inLanguage\":\"fi\"},{\"@type\":\"Organization\",\"@id\":\"https:\/\/casinowithoutswedishlicense.io\/fi\/#organization\",\"name\":\"Casinowithoutswedishlicense\",\"url\":\"https:\/\/casinowithoutswedishlicense.io\/fi\/\",\"logo\":{\"@type\":\"ImageObject\",\"inLanguage\":\"fi\",\"@id\":\"https:\/\/casinowithoutswedishlicense.io\/fi\/#\/schema\/logo\/image\/\",\"url\":\"https:\/\/casinowithoutswedishlicense.io\/wp-content\/uploads\/2023\/02\/cropped-Casino-without-swedish-license-logo2.png\",\"contentUrl\":\"https:\/\/casinowithoutswedishlicense.io\/wp-content\/uploads\/2023\/02\/cropped-Casino-without-swedish-license-logo2.png\",\"width\":519,\"height\":120,\"caption\":\"Casinowithoutswedishlicense\"},\"image\":{\"@id\":\"https:\/\/casinowithoutswedishlicense.io\/fi\/#\/schema\/logo\/image\/\"}}]}<\/script>\n<!-- \/ Yoast SEO plugin. -->","yoast_head_json":{"title":"Mestarien liiga sarjataulukot - 2024","description":"Tutustu Mestarien liigan sarjataulukoihin - pysy ajan tasalla huippujalkapallon Euroopan huippuliigan viimeisimmist\u00e4 tuloksista ja tilanteesta. Lue lis\u00e4\u00e4 t\u00e4\u00e4lt\u00e4!","robots":{"index":"index","follow":"follow","max-snippet":"max-snippet:-1","max-image-preview":"max-image-preview:large","max-video-preview":"max-video-preview:-1"},"canonical":"https:\/\/casinowithoutswedishlicense.io\/fi\/vedonlyonti\/mestarien-liiga-sarjataulukot\/","og_locale":"fi_FI","og_type":"article","og_title":"Mestarien liiga sarjataulukot - 2024","og_description":"Tutustu Mestarien liigan sarjataulukoihin - pysy ajan tasalla huippujalkapallon Euroopan huippuliigan viimeisimmist\u00e4 tuloksista ja tilanteesta. Lue lis\u00e4\u00e4 t\u00e4\u00e4lt\u00e4!","og_url":"https:\/\/casinowithoutswedishlicense.io\/fi\/vedonlyonti\/mestarien-liiga-sarjataulukot\/","og_site_name":"Casino without swedish license","og_image":[{"width":519,"height":120,"url":"https:\/\/casinowithoutswedishlicense.io\/wp-content\/uploads\/2023\/02\/cropped-Casino-without-swedish-license-logo2.png","type":"image\/png"}],"twitter_card":"summary_large_image","twitter_misc":{"Arvioitu lukuaika":"5 minuuttia"},"schema":{"@context":"https:\/\/schema.org","@graph":[{"@type":"WebPage","@id":"https:\/\/casinowithoutswedishlicense.io\/fi\/vedonlyonti\/mestarien-liiga-sarjataulukot\/","url":"https:\/\/casinowithoutswedishlicense.io\/fi\/vedonlyonti\/mestarien-liiga-sarjataulukot\/","name":"Mestarien liiga sarjataulukot - 2024","isPartOf":{"@id":"https:\/\/casinowithoutswedishlicense.io\/fi\/#website"},"datePublished":"2024-03-05T14:36:34+00:00","description":"Tutustu Mestarien liigan sarjataulukoihin - pysy ajan tasalla huippujalkapallon Euroopan huippuliigan viimeisimmist\u00e4 tuloksista ja tilanteesta. Lue lis\u00e4\u00e4 t\u00e4\u00e4lt\u00e4!","breadcrumb":{"@id":"https:\/\/casinowithoutswedishlicense.io\/fi\/vedonlyonti\/mestarien-liiga-sarjataulukot\/#breadcrumb"},"inLanguage":"fi","potentialAction":[{"@type":"ReadAction","target":["https:\/\/casinowithoutswedishlicense.io\/fi\/vedonlyonti\/mestarien-liiga-sarjataulukot\/"]}]},{"@type":"BreadcrumbList","@id":"https:\/\/casinowithoutswedishlicense.io\/fi\/vedonlyonti\/mestarien-liiga-sarjataulukot\/#breadcrumb","itemListElement":[{"@type":"ListItem","position":1,"name":"Home","item":"https:\/\/casinowithoutswedishlicense.io\/fi\/"},{"@type":"ListItem","position":2,"name":"Vedonly\u00f6nti","item":"https:\/\/casinowithoutswedishlicense.io\/fi\/vedonlyonti\/"},{"@type":"ListItem","position":3,"name":"Mestarien liiga sarjataulukot"}]},{"@type":"WebSite","@id":"https:\/\/casinowithoutswedishlicense.io\/fi\/#website","url":"https:\/\/casinowithoutswedishlicense.io\/fi\/","name":"Casino without swedish license","description":"Find your new casino without swedish license","publisher":{"@id":"https:\/\/casinowithoutswedishlicense.io\/fi\/#organization"},"potentialAction":[{"@type":"SearchAction","target":{"@type":"EntryPoint","urlTemplate":"https:\/\/casinowithoutswedishlicense.io\/fi\/?s={search_term_string}"},"query-input":{"@type":"PropertyValueSpecification","valueRequired":true,"valueName":"search_term_string"}}],"inLanguage":"fi"},{"@type":"Organization","@id":"https:\/\/casinowithoutswedishlicense.io\/fi\/#organization","name":"Casinowithoutswedishlicense","url":"https:\/\/casinowithoutswedishlicense.io\/fi\/","logo":{"@type":"ImageObject","inLanguage":"fi","@id":"https:\/\/casinowithoutswedishlicense.io\/fi\/#\/schema\/logo\/image\/","url":"https:\/\/casinowithoutswedishlicense.io\/wp-content\/uploads\/2023\/02\/cropped-Casino-without-swedish-license-logo2.png","contentUrl":"https:\/\/casinowithoutswedishlicense.io\/wp-content\/uploads\/2023\/02\/cropped-Casino-without-swedish-license-logo2.png","width":519,"height":120,"caption":"Casinowithoutswedishlicense"},"image":{"@id":"https:\/\/casinowithoutswedishlicense.io\/fi\/#\/schema\/logo\/image\/"}}]}},"_links":{"self":[{"href":"https:\/\/casinowithoutswedishlicense.io\/fi\/wp-json\/wp\/v2\/pages\/545","targetHints":{"allow":["GET"]}}],"collection":[{"href":"https:\/\/casinowithoutswedishlicense.io\/fi\/wp-json\/wp\/v2\/pages"}],"about":[{"href":"https:\/\/casinowithoutswedishlicense.io\/fi\/wp-json\/wp\/v2\/types\/page"}],"author":[{"embeddable":true,"href":"https:\/\/casinowithoutswedishlicense.io\/fi\/wp-json\/wp\/v2\/users\/3"}],"replies":[{"embeddable":true,"href":"https:\/\/casinowithoutswedishlicense.io\/fi\/wp-json\/wp\/v2\/comments?post=545"}],"version-history":[{"count":1,"href":"https:\/\/casinowithoutswedishlicense.io\/fi\/wp-json\/wp\/v2\/pages\/545\/revisions"}],"predecessor-version":[{"id":546,"href":"https:\/\/casinowithoutswedishlicense.io\/fi\/wp-json\/wp\/v2\/pages\/545\/revisions\/546"}],"up":[{"embeddable":true,"href":"https:\/\/casinowithoutswedishlicense.io\/fi\/wp-json\/wp\/v2\/pages\/536"}],"wp:attachment":[{"href":"https:\/\/casinowithoutswedishlicense.io\/fi\/wp-json\/wp\/v2\/media?parent=545"}],"curies":[{"name":"wp","href":"https:\/\/api.w.org\/{rel}","templated":true}]}}