{"id":188,"date":"2023-06-26T07:08:18","date_gmt":"2023-06-26T07:08:18","guid":{"rendered":"https:\/\/casinowithoutswedishlicense.io\/?page_id=188"},"modified":"2024-02-27T22:55:04","modified_gmt":"2024-02-27T22:55:04","slug":"poker-utan-svensk-licens","status":"publish","type":"page","link":"https:\/\/casinowithoutswedishlicense.io\/sv\/poker-utan-svensk-licens\/","title":{"rendered":"B\u00e4sta\u00a0poker utan svensk licens"},"content":{"rendered":"<h1 class=\"wp-block-heading\">B\u00e4sta&nbsp;poker utan svensk licens<\/h1>    <p>Poker online utan svensk licens\u00a0\u00e4r popul\u00e4rt bland m\u00e5nga spelare och anledningarna \u00e4r m\u00e5nga. Vi kommer i den h\u00e4r artikeln att g\u00e5 igenom allt du beh\u00f6ver veta om\u00a0poker utan svensk licens, varf\u00f6r det \u00e4r f\u00f6rdelaktigt f\u00f6r dig och ur du ska g\u00e5 tillv\u00e4ga. Kolla in listorna p\u00e5 sidan f\u00f6r att hitta din n\u00e4sta spelsajt att spela poker p\u00e5.<\/p>   <div class=\"partner-list container\"> <div class=\"partner\">\n     <div class=\"image\">\n        <a href=\"\/ref\/449\/\" target=\"_blank\" rel=\"nofollow oreferrer noopener\" title=\"B\u00e4sta casino utan svensk licens\"><img decoding=\"async\" class=\"p-img-responsive logo\" src=\"https:\/\/casinowithoutswedishlicense.io\/wp-content\/uploads\/2024\/01\/basta-casino-utan-svensk-licens.png\" alt=\"B\u00e4sta casino utan svensk licens\" loading=\"lazy\"><\/a>\n     <\/div>\n     <div class=\"name-rating\">\n         <div class=\"name\">B\u00e4sta casino utan svensk licens<\/div>\n         <div class=\"rating\"><svg class=\"star\"><use xlink:href=\"https:\/\/casinowithoutswedishlicense.io\/wp-content\/themes\/casinodroidsv3\/assets\/dist\/img\/stars.svg#star-full\"><\/use><\/svg><svg class=\"star\"><use xlink:href=\"https:\/\/casinowithoutswedishlicense.io\/wp-content\/themes\/casinodroidsv3\/assets\/dist\/img\/stars.svg#star-full\"><\/use><\/svg><svg class=\"star\"><use xlink:href=\"https:\/\/casinowithoutswedishlicense.io\/wp-content\/themes\/casinodroidsv3\/assets\/dist\/img\/stars.svg#star-full\"><\/use><\/svg><svg class=\"star\"><use xlink:href=\"https:\/\/casinowithoutswedishlicense.io\/wp-content\/themes\/casinodroidsv3\/assets\/dist\/img\/stars.svg#star-full\"><\/use><\/svg><svg class=\"star\"><use xlink:href=\"https:\/\/casinowithoutswedishlicense.io\/wp-content\/themes\/casinodroidsv3\/assets\/dist\/img\/stars.svg#star-full\"><\/use><\/svg><\/div>\n     <\/div>\n     <div class=\"usp\">\n         <ul>\n             \n         <\/ul>\n     <\/div>\n\n     <div class=\"cta\">\n         <div class=\"icons\">\n             \n         <\/div>\n        <a href=\"\/ref\/449\/\" target=\"_blank\" rel=\"nofollow oreferrer noopener\">Spela Nu<\/a>\n     <\/div>\n <\/div> \n <div class=\"partner\">\n     <div class=\"image\">\n        <a href=\"\/ref\/459\/\" target=\"_blank\" rel=\"nofollow oreferrer noopener\" title=\"Skattefria casinon utan svensk licens\"><img decoding=\"async\" class=\"p-img-responsive logo\" src=\"https:\/\/casinowithoutswedishlicense.io\/wp-content\/uploads\/2024\/01\/Skattefria-casinon-2.png\" alt=\"Skattefria casinon utan svensk licens\" loading=\"lazy\"><\/a>\n     <\/div>\n     <div class=\"name-rating\">\n         <div class=\"name\">Skattefria casinon utan svensk licens<\/div>\n         <div class=\"rating\"><svg class=\"star\"><use xlink:href=\"https:\/\/casinowithoutswedishlicense.io\/wp-content\/themes\/casinodroidsv3\/assets\/dist\/img\/stars.svg#star-full\"><\/use><\/svg><svg class=\"star\"><use xlink:href=\"https:\/\/casinowithoutswedishlicense.io\/wp-content\/themes\/casinodroidsv3\/assets\/dist\/img\/stars.svg#star-full\"><\/use><\/svg><svg class=\"star\"><use xlink:href=\"https:\/\/casinowithoutswedishlicense.io\/wp-content\/themes\/casinodroidsv3\/assets\/dist\/img\/stars.svg#star-full\"><\/use><\/svg><svg class=\"star\"><use xlink:href=\"https:\/\/casinowithoutswedishlicense.io\/wp-content\/themes\/casinodroidsv3\/assets\/dist\/img\/stars.svg#star-full\"><\/use><\/svg><svg class=\"star\"><use xlink:href=\"https:\/\/casinowithoutswedishlicense.io\/wp-content\/themes\/casinodroidsv3\/assets\/dist\/img\/stars.svg#star-half\"><\/use><\/svg><\/div>\n     <\/div>\n     <div class=\"usp\">\n         <ul>\n             <li>Skattefria casinon med EU licens<\/li>\n         <\/ul>\n     <\/div>\n\n     <div class=\"cta\">\n         <div class=\"icons\">\n             \n         <\/div>\n        <a href=\"\/ref\/459\/\" target=\"_blank\" rel=\"nofollow oreferrer noopener\">Spela Nu<\/a>\n     <\/div>\n <\/div> \n <div class=\"partner\">\n     <div class=\"image\">\n        <a href=\"\/ref\/464\/\" target=\"_blank\" rel=\"nofollow oreferrer noopener\" title=\"Instant banking\"><img decoding=\"async\" class=\"p-img-responsive logo\" src=\"https:\/\/casinowithoutswedishlicense.io\/wp-content\/uploads\/2024\/01\/Instant-bank-2.png\" alt=\"Instant banking\" loading=\"lazy\"><\/a>\n     <\/div>\n     <div class=\"name-rating\">\n         <div class=\"name\">Instant banking<\/div>\n         <div class=\"rating\"><svg class=\"star\"><use xlink:href=\"https:\/\/casinowithoutswedishlicense.io\/wp-content\/themes\/casinodroidsv3\/assets\/dist\/img\/stars.svg#star-full\"><\/use><\/svg><svg class=\"star\"><use xlink:href=\"https:\/\/casinowithoutswedishlicense.io\/wp-content\/themes\/casinodroidsv3\/assets\/dist\/img\/stars.svg#star-full\"><\/use><\/svg><svg class=\"star\"><use xlink:href=\"https:\/\/casinowithoutswedishlicense.io\/wp-content\/themes\/casinodroidsv3\/assets\/dist\/img\/stars.svg#star-full\"><\/use><\/svg><svg class=\"star\"><use xlink:href=\"https:\/\/casinowithoutswedishlicense.io\/wp-content\/themes\/casinodroidsv3\/assets\/dist\/img\/stars.svg#star-full\"><\/use><\/svg><svg class=\"star\"><use xlink:href=\"https:\/\/casinowithoutswedishlicense.io\/wp-content\/themes\/casinodroidsv3\/assets\/dist\/img\/stars.svg#star-half\"><\/use><\/svg><\/div>\n     <\/div>\n     <div class=\"usp\">\n         <ul>\n             \n         <\/ul>\n     <\/div>\n\n     <div class=\"cta\">\n         <div class=\"icons\">\n             \n         <\/div>\n        <a href=\"\/ref\/464\/\" target=\"_blank\" rel=\"nofollow oreferrer noopener\">Spela Nu<\/a>\n     <\/div>\n <\/div> \n <div class=\"partner\">\n     <div class=\"image\">\n        <a href=\"\/ref\/577\/\" target=\"_blank\" rel=\"nofollow oreferrer noopener\" title=\"Casino med kortbetalning\"><img decoding=\"async\" class=\"p-img-responsive logo\" src=\"https:\/\/casinowithoutswedishlicense.io\/wp-content\/uploads\/2024\/03\/Kortbetalning-2.png\" alt=\"Casino med kortbetalning\" loading=\"lazy\"><\/a>\n     <\/div>\n     <div class=\"name-rating\">\n         <div class=\"name\">Casino med kortbetalning<\/div>\n         <div class=\"rating\"><svg class=\"star\"><use xlink:href=\"https:\/\/casinowithoutswedishlicense.io\/wp-content\/themes\/casinodroidsv3\/assets\/dist\/img\/stars.svg#star-full\"><\/use><\/svg><svg class=\"star\"><use xlink:href=\"https:\/\/casinowithoutswedishlicense.io\/wp-content\/themes\/casinodroidsv3\/assets\/dist\/img\/stars.svg#star-full\"><\/use><\/svg><svg class=\"star\"><use xlink:href=\"https:\/\/casinowithoutswedishlicense.io\/wp-content\/themes\/casinodroidsv3\/assets\/dist\/img\/stars.svg#star-full\"><\/use><\/svg><svg class=\"star\"><use xlink:href=\"https:\/\/casinowithoutswedishlicense.io\/wp-content\/themes\/casinodroidsv3\/assets\/dist\/img\/stars.svg#star-full\"><\/use><\/svg><svg class=\"star\"><use xlink:href=\"https:\/\/casinowithoutswedishlicense.io\/wp-content\/themes\/casinodroidsv3\/assets\/dist\/img\/stars.svg#star-half\"><\/use><\/svg><\/div>\n     <\/div>\n     <div class=\"usp\">\n         <ul>\n             <li>Visa \/ Mastercard<\/li><li>Revolut<\/li>\n         <\/ul>\n     <\/div>\n\n     <div class=\"cta\">\n         <div class=\"icons\">\n             \n         <\/div>\n        <a href=\"\/ref\/577\/\" target=\"_blank\" rel=\"nofollow oreferrer noopener\">Spela Nu<\/a>\n     <\/div>\n <\/div> \n<\/div>    <figure class=\"wp-block-image size-full\"><img loading=\"lazy\" decoding=\"async\" width=\"800\" height=\"450\" src=\"https:\/\/casinowithoutswedishlicense.io\/wp-content\/uploads\/2023\/06\/poker-utan-svensk-licens.png\" alt=\"Poker utan svensk licens\" class=\"wp-image-240\" srcset=\"https:\/\/casinowithoutswedishlicense.io\/wp-content\/uploads\/2023\/06\/poker-utan-svensk-licens.png 800w, https:\/\/casinowithoutswedishlicense.io\/wp-content\/uploads\/2023\/06\/poker-utan-svensk-licens-300x169.png 300w, https:\/\/casinowithoutswedishlicense.io\/wp-content\/uploads\/2023\/06\/poker-utan-svensk-licens-768x432.png 768w\" sizes=\"auto, (max-width: 800px) 100vw, 800px\" \/><\/figure>    <h2 class=\"wp-block-heading\" id=\"Online%26nbsp%3Bpoker+utan+svensk+licens\">Online&nbsp;poker utan svensk licens<\/h2>    <p>I Sverige upplevde vi en stor f\u00f6r\u00e4ndring n\u00e4r den svenska spellicensen introducerades i januari 2019. Den st\u00f6rsta f\u00f6r\u00e4ndringen som kom med licensen var att licensen begr\u00e4nsade bonusar och kampanjer ordentligt. Du kunde inte l\u00e4ngre ta del av VIP- och lojalitetsprogram och endast en bonus var till\u00e5ten per spelare, spelsajt och licens.<\/p>    <p>Det \u00e4r h\u00e4r&nbsp;poker utan svensk licens&nbsp;kommer in i bilden. Spelar du&nbsp;poker utan svensk licens&nbsp;finns det inga s\u00e5dana begr\u00e4nsningar. Du \u00e4r fri att ta del av hur m\u00e5nga bonusar som helst, du kan f\u00e5 g\u00e5vor och pengar genom VIP-program, precis s\u00e5som vi hade det i Sverige innan 2019.<\/p>    <p>Allt du beh\u00f6ver g\u00f6ra \u00e4r att hitta en pokersajt i en av v\u00e5ra m\u00e5nga listor och registrera dig. MGA-licensen \u00e4r och har alltid varit mycket popul\u00e4r bland svenska spelare. Du har r\u00e4tt att spela p\u00e5 andra licenser, det \u00e4r inte mot n\u00e5gon lag i Sverige att g\u00f6ra det.<\/p>    <h2 class=\"wp-block-heading\" id=\"Mer+variation+n%C3%A4r+du+spelar%26nbsp%3Bpoker+online+utan+svensk+licens\">Mer variation n\u00e4r du spelar&nbsp;poker online utan svensk licens<\/h2>    <p>En av sakerna som m\u00e5nga spelare gillar n\u00e4r de spelar&nbsp;poker utan svensk licens&nbsp;\u00e4r det extremt stora och varierande spelutbudet. Du hittar ofta betydligt fler pokerspel n\u00e4r du spelar p\u00e5 en licens utanf\u00f6r Sverige. Det brukar \u00e4ven har ett st\u00f6rre utbud n\u00e4r det kommer till andra casinospel som till exempel spelautomater och live casino.<\/p>    <p>Gillar du att variera mellan poker och casino kan du hitta alla de b\u00e4sta&nbsp;<a href=\"https:\/\/casinowithoutswedishlicense.io\/\" rel=\"noreferrer noopener\" target=\"_blank\">casino utan svensk licens<\/a>&nbsp;i en av v\u00e5ra listor p\u00e5 sidan. Alla spelbolag som vi listar har v\u00e5ra experter utv\u00e4rderat mycket noggrant och de \u00e4r alla s\u00e4kra och bra att spela p\u00e5.<\/p>    <h2 class=\"wp-block-heading\" id=\"Spela%26nbsp%3Bpoker+utan+svensk+licens%26nbsp%3Bmed+skattefria+vinster\">Spela&nbsp;poker utan svensk licens&nbsp;med skattefria vinster<\/h2>    <p>N\u00e4r du spelar om pengar p\u00e5 n\u00e4tet kan det vara avg\u00f6rande f\u00f6r din bankrulle att dina vinster \u00e4r skattefria. Som du kanske vet s\u00e5 \u00e4r vinster skattefria om du spelar p\u00e5 poker med svensk licens. Det st\u00e4mmer \u00e4ven \u00f6verens med om du spelar&nbsp;poker utan svensk licens&nbsp;d\u00e4r spelsajten har en licens inom Europa.<\/p>    <p>Skulle du dock v\u00e4lja att&nbsp;spela&nbsp;poker utan svensk licens&nbsp;d\u00e4r f\u00f6retaget har en utomeuropeisk licens s\u00e5 \u00e4r du skyldig att betala skatt p\u00e5 dina vinster. En s\u00e5dan licens som det \u00e4r skatteplikt p\u00e5 \u00e4r den fr\u00e5n Curacao. D\u00e4r beh\u00f6ver du betala in skatt till skatteverket p\u00e5 30 % av den totalt vinsten som du g\u00f6r ett uttag p\u00e5.<\/p>    <h3 class=\"wp-block-heading\">F\u00f6r- och nackdelar med&nbsp;poker utan svensk licens<\/h3>    <p>Som med i stort s\u00e4tt allting finns det b\u00e5de f\u00f6r- och nackdelar med att&nbsp;spela&nbsp;poker utan svensk licens. Vi tycker dock att f\u00f6rdelarna \u00f6verv\u00e4ger de f\u00e5 nackdelar som faktiskt finns n\u00e4r du v\u00e4ljer att&nbsp;spela&nbsp;poker utan svensk licens.<\/p>    <figure class=\"wp-block-image size-full\"><img loading=\"lazy\" decoding=\"async\" width=\"800\" height=\"450\" src=\"https:\/\/casinowithoutswedishlicense.io\/wp-content\/uploads\/2023\/06\/poker-utan-licens.png\" alt=\"Poker utan licens\" class=\"wp-image-238\" srcset=\"https:\/\/casinowithoutswedishlicense.io\/wp-content\/uploads\/2023\/06\/poker-utan-licens.png 800w, https:\/\/casinowithoutswedishlicense.io\/wp-content\/uploads\/2023\/06\/poker-utan-licens-300x169.png 300w, https:\/\/casinowithoutswedishlicense.io\/wp-content\/uploads\/2023\/06\/poker-utan-licens-768x432.png 768w\" sizes=\"auto, (max-width: 800px) 100vw, 800px\" \/><\/figure>    <h4 class=\"wp-block-heading\">F\u00f6rdelar<\/h4>    <p>Den absolut st\u00f6rsta f\u00f6rdelen har vi redan tagit upp lite snabbt och det \u00e4r att du kan ta del av flera och st\u00f6rre bonusar. Du har ocks\u00e5 m\u00f6jligheten att g\u00e5 med i VIP-program som kan ge dig fantastiska priser och bonusar ju h\u00f6gre upp p\u00e5 VIP-stegen du kl\u00e4ttrar. Som VIP-spelare har du ofta m\u00f6jligheten att f\u00e5 ordentligt med rake- eller cashback. Du kan p\u00e5 s\u00e5 s\u00e4tt vinna mer pengar i slut\u00e4ndan.<\/p>    <p>Gillar du att spela med bonusar och ha chans att vinna stora och fina priser kan vi starkt rekommendera att du spelar&nbsp;poker utan svensk licens.<\/p>    <h4 class=\"wp-block-heading\">Nackdelar<\/h4>    <p>Det finns \u00e4ven ett par nackdelar med att v\u00e4lja&nbsp;online&nbsp;poker utan svensk licens. Den st\u00f6rsta nackdelen som vi ser det \u00e4r att du kan beh\u00f6va betala skatt p\u00e5 dina vinster om du spelar p\u00e5 ett casino med en utomeuropeisk licens.<\/p>    <p>En del spelsajter utan svensk licens har \u00e4ven n\u00e5got luddiga och or\u00e4ttvisa regler kring sina bonusar. Det kan du dock komma runt genom att l\u00e4sa regler och villkor f\u00f6r bonusar. S\u00e5lla sedan ut de du tycker \u00e4r or\u00e4ttvisa och d\u00e5liga.<\/p>    <h2 class=\"wp-block-heading\" id=\"M%C3%A5nga+olika+betalningsmetoder+n%C3%A4r+du+spelar%26nbsp%3Bonline%26nbsp%3Bpoker+utan+svensk+licens\">M\u00e5nga olika betalningsmetoder n\u00e4r du spelar&nbsp;online&nbsp;poker utan svensk licens<\/h2>    <p><a href=\"https:\/\/casinowithoutswedishlicense.io\/sv\/casino-utan-bankid\/\" target=\"_blank\" rel=\"noreferrer noopener\">Spela casino utan BankID<\/a>&nbsp;eller poker f\u00f6r den delen ger dig som sagt flera f\u00f6rdelar. En av dem \u00e4r m\u00e5nga valm\u00f6jligheter n\u00e4r det kommer till betalningsmetoder. P\u00e5 svenska sajter har du oftast bara tillg\u00e5ng till ett par betalningsmetoder som till exempel Trustly och Swish. De \u00e4r tv\u00e5 mycket bra metoder men det g\u00e5r inte att vara anonym med dem som m\u00e5nga gillar att vara.<\/p>    <p>Hos utl\u00e4ndska spelbolag har du m\u00f6jligheten att anv\u00e4nda betalningsmetoder som e-pl\u00e5nb\u00f6cker, f\u00f6rbetalda vouchers och kort. Du kan \u00e4ven anv\u00e4nda kryptovaluta p\u00e5 en del pokersidor med licens fr\u00e5n Curacao.<\/p>    <figure class=\"wp-block-image size-full\"><img loading=\"lazy\" decoding=\"async\" width=\"800\" height=\"450\" src=\"https:\/\/casinowithoutswedishlicense.io\/wp-content\/uploads\/2023\/06\/spela-poker-utan-licens.png\" alt=\"Betalningsmetoder p\u00e5 poker online\" class=\"wp-image-246\" srcset=\"https:\/\/casinowithoutswedishlicense.io\/wp-content\/uploads\/2023\/06\/spela-poker-utan-licens.png 800w, https:\/\/casinowithoutswedishlicense.io\/wp-content\/uploads\/2023\/06\/spela-poker-utan-licens-300x169.png 300w, https:\/\/casinowithoutswedishlicense.io\/wp-content\/uploads\/2023\/06\/spela-poker-utan-licens-768x432.png 768w\" sizes=\"auto, (max-width: 800px) 100vw, 800px\" \/><\/figure>    <h2 class=\"wp-block-heading\" id=\"Poker+utan+svensk+licens%26nbsp%3B%26%238211%3B+flashback\">Poker utan svensk licens&nbsp;&#8211; flashback<\/h2>    <p>Det finns mycket gott att l\u00e4sa om&nbsp;poker utan svensk licens&nbsp;p\u00e5 flashback. Det \u00e4r \u00f6verv\u00e4gande positiva saker d\u00e4r de ofta pratas om alla bonusar de f\u00e5r. Vill du veta mer om vad flashback har att s\u00e4ga kan du s\u00f6ka p\u00e5 det p\u00e5 Google.<\/p>","protected":false},"excerpt":{"rendered":"<p>B\u00e4sta&nbsp;poker utan svensk licens Poker online utan svensk licens\u00a0\u00e4r popul\u00e4rt bland m\u00e5nga spelare och anledningarna \u00e4r m\u00e5nga. Vi kommer i&#8230;<\/p>\n","protected":false},"author":3,"featured_media":0,"parent":0,"menu_order":0,"comment_status":"closed","ping_status":"closed","template":"","meta":{"_acf_changed":false,"footnotes":""},"class_list":["post-188","page","type-page","status-publish","hentry"],"acf":[],"yoast_head":"<!-- This site is optimized with the Yoast SEO plugin v27.0 - https:\/\/yoast.com\/product\/yoast-seo-wordpress\/ -->\n<title>Spela poker utan svensk licens med st\u00f6rre bonusar<\/title>\n<meta name=\"description\" content=\"Den finns flera f\u00f6rdelar med att spela poker utan svensk licens. Vill du veta varf\u00f6r du ska v\u00e4lja utl\u00e4ndska pokersidor kan du klicka h\u00e4r\" \/>\n<meta name=\"robots\" content=\"index, follow, max-snippet:-1, max-image-preview:large, max-video-preview:-1\" \/>\n<link rel=\"canonical\" href=\"https:\/\/casinowithoutswedishlicense.io\/sv\/poker-utan-svensk-licens\/\" \/>\n<meta property=\"og:locale\" content=\"sv_SE\" \/>\n<meta property=\"og:type\" content=\"article\" \/>\n<meta property=\"og:title\" content=\"Spela poker utan svensk licens med st\u00f6rre bonusar\" \/>\n<meta property=\"og:description\" content=\"Den finns flera f\u00f6rdelar med att spela poker utan svensk licens. Vill du veta varf\u00f6r du ska v\u00e4lja utl\u00e4ndska pokersidor kan du klicka h\u00e4r\" \/>\n<meta property=\"og:url\" content=\"https:\/\/casinowithoutswedishlicense.io\/sv\/poker-utan-svensk-licens\/\" \/>\n<meta property=\"og:site_name\" content=\"Casino utan svensk licens\" \/>\n<meta property=\"article:modified_time\" content=\"2024-02-27T22:55:04+00:00\" \/>\n<meta property=\"og:image\" content=\"https:\/\/casinowithoutswedishlicense.io\/wp-content\/uploads\/2023\/06\/poker-utan-svensk-licens.png\" \/>\n<meta name=\"twitter:card\" content=\"summary_large_image\" \/>\n<meta name=\"twitter:label1\" content=\"Ber\u00e4knad l\u00e4stid\" \/>\n\t<meta name=\"twitter:data1\" content=\"5 minuter\" \/>\n<script type=\"application\/ld+json\" class=\"yoast-schema-graph\">{\"@context\":\"https:\/\/schema.org\",\"@graph\":[{\"@type\":\"WebPage\",\"@id\":\"https:\/\/casinowithoutswedishlicense.io\/sv\/poker-utan-svensk-licens\/\",\"url\":\"https:\/\/casinowithoutswedishlicense.io\/sv\/poker-utan-svensk-licens\/\",\"name\":\"Spela poker utan svensk licens med st\u00f6rre bonusar\",\"isPartOf\":{\"@id\":\"https:\/\/casinowithoutswedishlicense.io\/sv\/#website\"},\"primaryImageOfPage\":{\"@id\":\"https:\/\/casinowithoutswedishlicense.io\/sv\/poker-utan-svensk-licens\/#primaryimage\"},\"image\":{\"@id\":\"https:\/\/casinowithoutswedishlicense.io\/sv\/poker-utan-svensk-licens\/#primaryimage\"},\"thumbnailUrl\":\"https:\/\/casinowithoutswedishlicense.io\/wp-content\/uploads\/2023\/06\/poker-utan-svensk-licens.png\",\"datePublished\":\"2023-06-26T07:08:18+00:00\",\"dateModified\":\"2024-02-27T22:55:04+00:00\",\"description\":\"Den finns flera f\u00f6rdelar med att spela poker utan svensk licens. Vill du veta varf\u00f6r du ska v\u00e4lja utl\u00e4ndska pokersidor kan du klicka h\u00e4r\",\"breadcrumb\":{\"@id\":\"https:\/\/casinowithoutswedishlicense.io\/sv\/poker-utan-svensk-licens\/#breadcrumb\"},\"inLanguage\":\"sv-SE\",\"potentialAction\":[{\"@type\":\"ReadAction\",\"target\":[\"https:\/\/casinowithoutswedishlicense.io\/sv\/poker-utan-svensk-licens\/\"]}]},{\"@type\":\"ImageObject\",\"inLanguage\":\"sv-SE\",\"@id\":\"https:\/\/casinowithoutswedishlicense.io\/sv\/poker-utan-svensk-licens\/#primaryimage\",\"url\":\"https:\/\/casinowithoutswedishlicense.io\/wp-content\/uploads\/2023\/06\/poker-utan-svensk-licens.png\",\"contentUrl\":\"https:\/\/casinowithoutswedishlicense.io\/wp-content\/uploads\/2023\/06\/poker-utan-svensk-licens.png\"},{\"@type\":\"BreadcrumbList\",\"@id\":\"https:\/\/casinowithoutswedishlicense.io\/sv\/poker-utan-svensk-licens\/#breadcrumb\",\"itemListElement\":[{\"@type\":\"ListItem\",\"position\":1,\"name\":\"Home\",\"item\":\"https:\/\/casinowithoutswedishlicense.io\/sv\/\"},{\"@type\":\"ListItem\",\"position\":2,\"name\":\"B\u00e4sta\u00a0poker utan svensk licens\"}]},{\"@type\":\"WebSite\",\"@id\":\"https:\/\/casinowithoutswedishlicense.io\/sv\/#website\",\"url\":\"https:\/\/casinowithoutswedishlicense.io\/sv\/\",\"name\":\"Casino utan svensk licens\",\"description\":\"Hitta ditt nya casino utan svensk licens\",\"publisher\":{\"@id\":\"https:\/\/casinowithoutswedishlicense.io\/sv\/#organization\"},\"potentialAction\":[{\"@type\":\"SearchAction\",\"target\":{\"@type\":\"EntryPoint\",\"urlTemplate\":\"https:\/\/casinowithoutswedishlicense.io\/sv\/?s={search_term_string}\"},\"query-input\":{\"@type\":\"PropertyValueSpecification\",\"valueRequired\":true,\"valueName\":\"search_term_string\"}}],\"inLanguage\":\"sv-SE\"},{\"@type\":\"Organization\",\"@id\":\"https:\/\/casinowithoutswedishlicense.io\/sv\/#organization\",\"name\":\"Casinowithoutswedishlicense\",\"url\":\"https:\/\/casinowithoutswedishlicense.io\/sv\/\",\"logo\":{\"@type\":\"ImageObject\",\"inLanguage\":\"sv-SE\",\"@id\":\"https:\/\/casinowithoutswedishlicense.io\/sv\/#\/schema\/logo\/image\/\",\"url\":\"https:\/\/casinowithoutswedishlicense.io\/wp-content\/uploads\/2023\/02\/cropped-Casino-without-swedish-license-logo2.png\",\"contentUrl\":\"https:\/\/casinowithoutswedishlicense.io\/wp-content\/uploads\/2023\/02\/cropped-Casino-without-swedish-license-logo2.png\",\"width\":519,\"height\":120,\"caption\":\"Casinowithoutswedishlicense\"},\"image\":{\"@id\":\"https:\/\/casinowithoutswedishlicense.io\/sv\/#\/schema\/logo\/image\/\"}}]}<\/script>\n<!-- \/ Yoast SEO plugin. -->","yoast_head_json":{"title":"Spela poker utan svensk licens med st\u00f6rre bonusar","description":"Den finns flera f\u00f6rdelar med att spela poker utan svensk licens. Vill du veta varf\u00f6r du ska v\u00e4lja utl\u00e4ndska pokersidor kan du klicka h\u00e4r","robots":{"index":"index","follow":"follow","max-snippet":"max-snippet:-1","max-image-preview":"max-image-preview:large","max-video-preview":"max-video-preview:-1"},"canonical":"https:\/\/casinowithoutswedishlicense.io\/sv\/poker-utan-svensk-licens\/","og_locale":"sv_SE","og_type":"article","og_title":"Spela poker utan svensk licens med st\u00f6rre bonusar","og_description":"Den finns flera f\u00f6rdelar med att spela poker utan svensk licens. Vill du veta varf\u00f6r du ska v\u00e4lja utl\u00e4ndska pokersidor kan du klicka h\u00e4r","og_url":"https:\/\/casinowithoutswedishlicense.io\/sv\/poker-utan-svensk-licens\/","og_site_name":"Casino utan svensk licens","article_modified_time":"2024-02-27T22:55:04+00:00","og_image":[{"url":"https:\/\/casinowithoutswedishlicense.io\/wp-content\/uploads\/2023\/06\/poker-utan-svensk-licens.png","type":"","width":"","height":""}],"twitter_card":"summary_large_image","twitter_misc":{"Ber\u00e4knad l\u00e4stid":"5 minuter"},"schema":{"@context":"https:\/\/schema.org","@graph":[{"@type":"WebPage","@id":"https:\/\/casinowithoutswedishlicense.io\/sv\/poker-utan-svensk-licens\/","url":"https:\/\/casinowithoutswedishlicense.io\/sv\/poker-utan-svensk-licens\/","name":"Spela poker utan svensk licens med st\u00f6rre bonusar","isPartOf":{"@id":"https:\/\/casinowithoutswedishlicense.io\/sv\/#website"},"primaryImageOfPage":{"@id":"https:\/\/casinowithoutswedishlicense.io\/sv\/poker-utan-svensk-licens\/#primaryimage"},"image":{"@id":"https:\/\/casinowithoutswedishlicense.io\/sv\/poker-utan-svensk-licens\/#primaryimage"},"thumbnailUrl":"https:\/\/casinowithoutswedishlicense.io\/wp-content\/uploads\/2023\/06\/poker-utan-svensk-licens.png","datePublished":"2023-06-26T07:08:18+00:00","dateModified":"2024-02-27T22:55:04+00:00","description":"Den finns flera f\u00f6rdelar med att spela poker utan svensk licens. Vill du veta varf\u00f6r du ska v\u00e4lja utl\u00e4ndska pokersidor kan du klicka h\u00e4r","breadcrumb":{"@id":"https:\/\/casinowithoutswedishlicense.io\/sv\/poker-utan-svensk-licens\/#breadcrumb"},"inLanguage":"sv-SE","potentialAction":[{"@type":"ReadAction","target":["https:\/\/casinowithoutswedishlicense.io\/sv\/poker-utan-svensk-licens\/"]}]},{"@type":"ImageObject","inLanguage":"sv-SE","@id":"https:\/\/casinowithoutswedishlicense.io\/sv\/poker-utan-svensk-licens\/#primaryimage","url":"https:\/\/casinowithoutswedishlicense.io\/wp-content\/uploads\/2023\/06\/poker-utan-svensk-licens.png","contentUrl":"https:\/\/casinowithoutswedishlicense.io\/wp-content\/uploads\/2023\/06\/poker-utan-svensk-licens.png"},{"@type":"BreadcrumbList","@id":"https:\/\/casinowithoutswedishlicense.io\/sv\/poker-utan-svensk-licens\/#breadcrumb","itemListElement":[{"@type":"ListItem","position":1,"name":"Home","item":"https:\/\/casinowithoutswedishlicense.io\/sv\/"},{"@type":"ListItem","position":2,"name":"B\u00e4sta\u00a0poker utan svensk licens"}]},{"@type":"WebSite","@id":"https:\/\/casinowithoutswedishlicense.io\/sv\/#website","url":"https:\/\/casinowithoutswedishlicense.io\/sv\/","name":"Casino utan svensk licens","description":"Hitta ditt nya casino utan svensk licens","publisher":{"@id":"https:\/\/casinowithoutswedishlicense.io\/sv\/#organization"},"potentialAction":[{"@type":"SearchAction","target":{"@type":"EntryPoint","urlTemplate":"https:\/\/casinowithoutswedishlicense.io\/sv\/?s={search_term_string}"},"query-input":{"@type":"PropertyValueSpecification","valueRequired":true,"valueName":"search_term_string"}}],"inLanguage":"sv-SE"},{"@type":"Organization","@id":"https:\/\/casinowithoutswedishlicense.io\/sv\/#organization","name":"Casinowithoutswedishlicense","url":"https:\/\/casinowithoutswedishlicense.io\/sv\/","logo":{"@type":"ImageObject","inLanguage":"sv-SE","@id":"https:\/\/casinowithoutswedishlicense.io\/sv\/#\/schema\/logo\/image\/","url":"https:\/\/casinowithoutswedishlicense.io\/wp-content\/uploads\/2023\/02\/cropped-Casino-without-swedish-license-logo2.png","contentUrl":"https:\/\/casinowithoutswedishlicense.io\/wp-content\/uploads\/2023\/02\/cropped-Casino-without-swedish-license-logo2.png","width":519,"height":120,"caption":"Casinowithoutswedishlicense"},"image":{"@id":"https:\/\/casinowithoutswedishlicense.io\/sv\/#\/schema\/logo\/image\/"}}]}},"_links":{"self":[{"href":"https:\/\/casinowithoutswedishlicense.io\/sv\/wp-json\/wp\/v2\/pages\/188","targetHints":{"allow":["GET"]}}],"collection":[{"href":"https:\/\/casinowithoutswedishlicense.io\/sv\/wp-json\/wp\/v2\/pages"}],"about":[{"href":"https:\/\/casinowithoutswedishlicense.io\/sv\/wp-json\/wp\/v2\/types\/page"}],"author":[{"embeddable":true,"href":"https:\/\/casinowithoutswedishlicense.io\/sv\/wp-json\/wp\/v2\/users\/3"}],"replies":[{"embeddable":true,"href":"https:\/\/casinowithoutswedishlicense.io\/sv\/wp-json\/wp\/v2\/comments?post=188"}],"version-history":[{"count":5,"href":"https:\/\/casinowithoutswedishlicense.io\/sv\/wp-json\/wp\/v2\/pages\/188\/revisions"}],"predecessor-version":[{"id":517,"href":"https:\/\/casinowithoutswedishlicense.io\/sv\/wp-json\/wp\/v2\/pages\/188\/revisions\/517"}],"wp:attachment":[{"href":"https:\/\/casinowithoutswedishlicense.io\/sv\/wp-json\/wp\/v2\/media?parent=188"}],"curies":[{"name":"wp","href":"https:\/\/api.w.org\/{rel}","templated":true}]}}