{"id":192,"date":"2023-06-26T07:11:06","date_gmt":"2023-06-26T07:11:06","guid":{"rendered":"https:\/\/casinowithoutswedishlicense.io\/?page_id=192"},"modified":"2024-01-30T11:51:32","modified_gmt":"2024-01-30T11:51:32","slug":"casino-utan-bankid","status":"publish","type":"page","link":"https:\/\/casinowithoutswedishlicense.io\/sv\/casino-utan-bankid\/","title":{"rendered":"Spela casino utan BankID"},"content":{"rendered":"<h1 class=\"wp-block-heading\">Spela casino utan BankID<\/h1>    <p>Att spela p\u00e5 online casino \u00e4r n\u00e5gonting som blivit allt vanligare de senaste \u00e5ren. Marknaden har sedan 90-talet g\u00e5tt fr\u00e5n n\u00e5gra f\u00e5, skumma n\u00e4tcasinon till en st\u00e4ndigt v\u00e4xande bransch med flera tusentals olika casinon att v\u00e4lja mellan.<\/p>    <p>Tack vare internet kan du idag spela p\u00e5 sajter fr\u00e5n hela v\u00e4rlden, vilket \u00f6ppnar upp f\u00f6r flera m\u00f6jligheter. Svenska f\u00f6retag med svensk licens drivs under andra regler och lagar \u00e4n ett&nbsp;<a href=\"https:\/\/casinowithoutswedishlicense.io\/sv\/\" target=\"_blank\" rel=\"noreferrer noopener\">casino utan svensk licens<\/a>.<\/p>    <p>I den h\u00e4r artikeln g\u00e5r vi igenom varf\u00f6r det \u00e4r popul\u00e4rt att\u00a0spela casino utan BankID, f\u00f6rdelar och nackdelar med den svenska licensen och mer.<\/p>    <h2 class=\"wp-block-heading\" id=\"B%C3%A4sta+casino+utan+BankID\">B\u00e4sta casino utan BankID<\/h2>   <div class=\"partner-list container\"> <div class=\"partner\">\n     <div class=\"image\">\n        <a href=\"\/ref\/449\/\" target=\"_blank\" rel=\"nofollow oreferrer noopener\" title=\"B\u00e4sta casino utan svensk licens\"><img decoding=\"async\" class=\"p-img-responsive logo\" src=\"https:\/\/casinowithoutswedishlicense.io\/wp-content\/uploads\/2024\/01\/basta-casino-utan-svensk-licens.png\" alt=\"B\u00e4sta casino utan svensk licens\" loading=\"lazy\"><\/a>\n     <\/div>\n     <div class=\"name-rating\">\n         <div class=\"name\">B\u00e4sta casino utan svensk licens<\/div>\n         <div class=\"rating\"><svg class=\"star\"><use xlink:href=\"https:\/\/casinowithoutswedishlicense.io\/wp-content\/themes\/casinodroidsv3\/assets\/dist\/img\/stars.svg#star-full\"><\/use><\/svg><svg class=\"star\"><use xlink:href=\"https:\/\/casinowithoutswedishlicense.io\/wp-content\/themes\/casinodroidsv3\/assets\/dist\/img\/stars.svg#star-full\"><\/use><\/svg><svg class=\"star\"><use xlink:href=\"https:\/\/casinowithoutswedishlicense.io\/wp-content\/themes\/casinodroidsv3\/assets\/dist\/img\/stars.svg#star-full\"><\/use><\/svg><svg class=\"star\"><use xlink:href=\"https:\/\/casinowithoutswedishlicense.io\/wp-content\/themes\/casinodroidsv3\/assets\/dist\/img\/stars.svg#star-full\"><\/use><\/svg><svg class=\"star\"><use xlink:href=\"https:\/\/casinowithoutswedishlicense.io\/wp-content\/themes\/casinodroidsv3\/assets\/dist\/img\/stars.svg#star-full\"><\/use><\/svg><\/div>\n     <\/div>\n     <div class=\"usp\">\n         <ul>\n             \n         <\/ul>\n     <\/div>\n\n     <div class=\"cta\">\n         <div class=\"icons\">\n             \n         <\/div>\n        <a href=\"\/ref\/449\/\" target=\"_blank\" rel=\"nofollow oreferrer noopener\">Spela Nu<\/a>\n     <\/div>\n <\/div> \n <div class=\"partner\">\n     <div class=\"image\">\n        <a href=\"\/ref\/464\/\" target=\"_blank\" rel=\"nofollow oreferrer noopener\" title=\"Instant banking\"><img decoding=\"async\" class=\"p-img-responsive logo\" src=\"https:\/\/casinowithoutswedishlicense.io\/wp-content\/uploads\/2024\/01\/Instant-bank-2.png\" alt=\"Instant banking\" loading=\"lazy\"><\/a>\n     <\/div>\n     <div class=\"name-rating\">\n         <div class=\"name\">Instant banking<\/div>\n         <div class=\"rating\"><svg class=\"star\"><use xlink:href=\"https:\/\/casinowithoutswedishlicense.io\/wp-content\/themes\/casinodroidsv3\/assets\/dist\/img\/stars.svg#star-full\"><\/use><\/svg><svg class=\"star\"><use xlink:href=\"https:\/\/casinowithoutswedishlicense.io\/wp-content\/themes\/casinodroidsv3\/assets\/dist\/img\/stars.svg#star-full\"><\/use><\/svg><svg class=\"star\"><use xlink:href=\"https:\/\/casinowithoutswedishlicense.io\/wp-content\/themes\/casinodroidsv3\/assets\/dist\/img\/stars.svg#star-full\"><\/use><\/svg><svg class=\"star\"><use xlink:href=\"https:\/\/casinowithoutswedishlicense.io\/wp-content\/themes\/casinodroidsv3\/assets\/dist\/img\/stars.svg#star-full\"><\/use><\/svg><svg class=\"star\"><use xlink:href=\"https:\/\/casinowithoutswedishlicense.io\/wp-content\/themes\/casinodroidsv3\/assets\/dist\/img\/stars.svg#star-half\"><\/use><\/svg><\/div>\n     <\/div>\n     <div class=\"usp\">\n         <ul>\n             \n         <\/ul>\n     <\/div>\n\n     <div class=\"cta\">\n         <div class=\"icons\">\n             \n         <\/div>\n        <a href=\"\/ref\/464\/\" target=\"_blank\" rel=\"nofollow oreferrer noopener\">Spela Nu<\/a>\n     <\/div>\n <\/div> \n <div class=\"partner\">\n     <div class=\"image\">\n        <a href=\"\/ref\/459\/\" target=\"_blank\" rel=\"nofollow oreferrer noopener\" title=\"Skattefria casinon utan svensk licens\"><img decoding=\"async\" class=\"p-img-responsive logo\" src=\"https:\/\/casinowithoutswedishlicense.io\/wp-content\/uploads\/2024\/01\/Skattefria-casinon-2.png\" alt=\"Skattefria casinon utan svensk licens\" loading=\"lazy\"><\/a>\n     <\/div>\n     <div class=\"name-rating\">\n         <div class=\"name\">Skattefria casinon utan svensk licens<\/div>\n         <div class=\"rating\"><svg class=\"star\"><use xlink:href=\"https:\/\/casinowithoutswedishlicense.io\/wp-content\/themes\/casinodroidsv3\/assets\/dist\/img\/stars.svg#star-full\"><\/use><\/svg><svg class=\"star\"><use xlink:href=\"https:\/\/casinowithoutswedishlicense.io\/wp-content\/themes\/casinodroidsv3\/assets\/dist\/img\/stars.svg#star-full\"><\/use><\/svg><svg class=\"star\"><use xlink:href=\"https:\/\/casinowithoutswedishlicense.io\/wp-content\/themes\/casinodroidsv3\/assets\/dist\/img\/stars.svg#star-full\"><\/use><\/svg><svg class=\"star\"><use xlink:href=\"https:\/\/casinowithoutswedishlicense.io\/wp-content\/themes\/casinodroidsv3\/assets\/dist\/img\/stars.svg#star-full\"><\/use><\/svg><svg class=\"star\"><use xlink:href=\"https:\/\/casinowithoutswedishlicense.io\/wp-content\/themes\/casinodroidsv3\/assets\/dist\/img\/stars.svg#star-half\"><\/use><\/svg><\/div>\n     <\/div>\n     <div class=\"usp\">\n         <ul>\n             <li>Skattefria casinon med EU licens<\/li>\n         <\/ul>\n     <\/div>\n\n     <div class=\"cta\">\n         <div class=\"icons\">\n             \n         <\/div>\n        <a href=\"\/ref\/459\/\" target=\"_blank\" rel=\"nofollow oreferrer noopener\">Spela Nu<\/a>\n     <\/div>\n <\/div> \n<\/div>    <figure class=\"wp-block-image size-full\"><img loading=\"lazy\" decoding=\"async\" width=\"800\" height=\"450\" src=\"https:\/\/casinowithoutswedishlicense.io\/wp-content\/uploads\/2023\/06\/casino-utan-bankid.png\" alt=\"Casino utan BankID\" class=\"wp-image-230\" srcset=\"https:\/\/casinowithoutswedishlicense.io\/wp-content\/uploads\/2023\/06\/casino-utan-bankid.png 800w, https:\/\/casinowithoutswedishlicense.io\/wp-content\/uploads\/2023\/06\/casino-utan-bankid-300x169.png 300w, https:\/\/casinowithoutswedishlicense.io\/wp-content\/uploads\/2023\/06\/casino-utan-bankid-768x432.png 768w\" sizes=\"auto, (max-width: 800px) 100vw, 800px\" \/><\/figure>    <h2 class=\"wp-block-heading\" id=\"Spela+utan+BankID\">Spela utan BankID<\/h2>    <p>M\u00f6jligheten att anv\u00e4nda BankID f\u00f6r att verifiera sig och spela online \u00e4r popul\u00e4rt bland m\u00e5nga. Det finns dock de som f\u00f6redrar att spela p\u00e5 ett&nbsp;casino utan Bank ID&nbsp;av flera olika anledningar.<\/p>    <p>F\u00f6rst och fr\u00e4mst \u00e4r det m\u00e5nga som \u00e4r m\u00e5na om sin anonymitet n\u00e4r de spelar online. Eftersom du med BankID verifierar dig mot din bank med ditt personnummer s\u00e5 \u00e4r dina aktiviteter inte anonyma.<\/p>    <p>M\u00e5nga vill \u00e4ven spela p\u00e5 ett casino utan svensk licens, vilket inte \u00e4r m\u00f6jligt n\u00e4r du anv\u00e4nder BankID. Eftersom BankID \u00e4r ett svenskt koncept s\u00e5 kan du spela p\u00e5 utl\u00e4ndska casinon online med andra inloggnings- och verifieringsmetoder.<\/p>    <h3 class=\"wp-block-heading\">Fler bonusm\u00f6jligheter utan svensk licens<\/h3>    <p>Den svenska licensen g\u00f6r mycket f\u00f6r att garantera spelarens s\u00e4kerhet, men s\u00e4tter samtidigt begr\u00e4nsningar p\u00e5 casinot. Ett casino med svensk licens kan till exempel inte erbjuda mer \u00e4n en bonus per spelare. Det g\u00f6r att m\u00e5nga s\u00f6ker sig till utl\u00e4ndska casinon f\u00f6r att kunna ta del av fler bonusar.<\/p>    <p>Det inneb\u00e4r ocks\u00e5 att m\u00e5nga spel som erbjuder bonusar inte g\u00e5r att spela p\u00e5 ett svenskt casino. Om du vill ta del av flera bonusar eller spela ett specifikt bonusspel f\u00e5r du d\u00e4rf\u00f6r leta efter ett online casino med en annan spellicens.<\/p>    <h2 class=\"wp-block-heading\" id=\"Hur+registrerar+man+sig+p%C3%A5+ett+casino+utan+BankID%3F\">Hur registrerar man sig p\u00e5 ett casino utan BankID?<\/h2>    <p>P\u00e5 casinon med BankID s\u00e5 sker registrering och verifiering av ditt konto via BankID, p\u00e5 online casinon utan BankID s\u00e5 sker registreringen ist\u00e4llet p\u00e5 det traditionella s\u00e4ttet, man f\u00e5r fylla i sina personuppgifter och v\u00e4lja l\u00f6senord.<\/p>    <h3 class=\"wp-block-heading\">Registrering p\u00e5 casino utan Bankid &#8211; Steg f\u00f6r steg<\/h3>    <ol class=\"wp-block-list\"> <li>Fyll i dina personuppgifter som mail, namn, adress, telefonnummer<\/li>    <li>V\u00e4lj ett l\u00f6senord<\/li>    <li>Aktivera ditt konto via sms eller email<\/li>    <li>Klart!<\/li> <\/ol>    <figure class=\"wp-block-image size-full\"><img loading=\"lazy\" decoding=\"async\" width=\"800\" height=\"450\" src=\"https:\/\/casinowithoutswedishlicense.io\/wp-content\/uploads\/2023\/06\/spela-casino-utan-bankid.png\" alt=\"Bonusar p\u00e5 Casino utan BankID\" class=\"wp-image-242\" srcset=\"https:\/\/casinowithoutswedishlicense.io\/wp-content\/uploads\/2023\/06\/spela-casino-utan-bankid.png 800w, https:\/\/casinowithoutswedishlicense.io\/wp-content\/uploads\/2023\/06\/spela-casino-utan-bankid-300x169.png 300w, https:\/\/casinowithoutswedishlicense.io\/wp-content\/uploads\/2023\/06\/spela-casino-utan-bankid-768x432.png 768w\" sizes=\"auto, (max-width: 800px) 100vw, 800px\" \/><\/figure>    <h3 class=\"wp-block-heading\">St\u00f6rre variation<\/h3>    <p>Eftersom kraven fr\u00e5n andra spellicenser inte \u00e4r lika tuffa som den svenska kan casinot d\u00e5 erbjuda en st\u00f6rre variation av spel. M\u00e5nga v\u00e4ljer att spela&nbsp;<a href=\"https:\/\/casinowithoutswedishlicense.io\/sv\/poker-utan-svensk-licens\/\" target=\"_blank\" rel=\"noreferrer noopener\">poker utan svensk licens<\/a>&nbsp;just p\u00e5 grund av spelutbudet. Casinot f\u00e5r \u00e4ven m\u00f6jlighet att erbjuda v\u00e4lkomstbonusar, cashbacks, veckobonusar och free spins som ett svenskt inte har m\u00f6jlighet till.<\/p>    <p>N\u00e4r du spelar poker utan BankID har du m\u00f6jlighet att spela sp\u00e4nnande varianter av de klassiska spelen som exempelvis Texas Hold&#8217; Em. Det finns m\u00e5nga olika varianter som bland annat Razz Poker, 5 Card Draw, Short Deck Poker och m\u00e5nga fler som spelare tycker om. Ofta hittar du inte de h\u00e4r varianterna p\u00e5 ett svenskt casino utan f\u00e5r leta efter ett utan svensk licens.<\/p>    <h2 class=\"wp-block-heading\" id=\"Skattefria+vinster+p%C3%A5%26nbsp%3Bcasino+utan+BankID\">Skattefria vinster p\u00e5&nbsp;casino utan BankID<\/h2>    <p>En av f\u00f6rdelarna med att spela p\u00e5 ett svenskt casino \u00e4r att alla dina vinster \u00e4r skattefria. Det inneb\u00e4r att du inte beh\u00f6ver betala n\u00e5gon skatt alls p\u00e5 dina vinster, utan kan ta ut och utnyttja varenda vinstkrona hur du vill.<\/p>    <p>Det m\u00e5nga kanske inte k\u00e4nner till \u00e4r att du kan spela p\u00e5 utl\u00e4ndska casinon online utan att betala vinstskatt ocks\u00e5. Allt beror p\u00e5 vilket land casinot \u00e4r baserat i och vilken licens det innehar.<\/p>    <p>Om du spelar p\u00e5 ett casino som innehar en spellicens inom EU s\u00e5 slipper du betala skatt p\u00e5 dina vinster. N\u00e5gra exempel p\u00e5 l\u00e4nder inom EU som ger ut spellicenser \u00e4r Malta, Danmark och Estland. Om du vinner p\u00e5 ett casino med licens fr\u00e5n n\u00e5got av de l\u00e4nderna kan du plocka ut alla pengar utan att betala n\u00e5gon skatt.<\/p>    <figure class=\"wp-block-image size-full\"><img loading=\"lazy\" decoding=\"async\" width=\"800\" height=\"450\" src=\"https:\/\/casinowithoutswedishlicense.io\/wp-content\/uploads\/2023\/06\/casinon-utan-bankid.png\" alt=\"Skattefria vinster Casino utan BankID\" class=\"wp-image-234\" srcset=\"https:\/\/casinowithoutswedishlicense.io\/wp-content\/uploads\/2023\/06\/casinon-utan-bankid.png 800w, https:\/\/casinowithoutswedishlicense.io\/wp-content\/uploads\/2023\/06\/casinon-utan-bankid-300x169.png 300w, https:\/\/casinowithoutswedishlicense.io\/wp-content\/uploads\/2023\/06\/casinon-utan-bankid-768x432.png 768w\" sizes=\"auto, (max-width: 800px) 100vw, 800px\" \/><\/figure>    <h3 class=\"wp-block-heading\">Casinon som inte \u00e4r skattefria<\/h3>    <p>Det finns s\u00e5klart \u00e4ven casinon som inte har en licens fr\u00e5n Sverige eller inom EU som g\u00e5r att spela p\u00e5. D\u00e5 m\u00e5ste du dock vara noga med att kolla upp vad som g\u00e4ller innan du spelar, s\u00e5 att du inte missar att betala eventuell vinstskatt.<\/p>    <p>D\u00e4rf\u00f6r \u00e4r det viktigt att du alltid kollar upp vilken licens casinot har innan du b\u00f6rjar spela. P\u00e5 s\u00e5 vis har du koll p\u00e5 om du beh\u00f6ver betala skatt p\u00e5 eventuella vinster eller inte och undviker kostsamma problem.<\/p>    <h2 class=\"wp-block-heading\" id=\"F%C3%B6rdelar+med%26nbsp%3Bcasino+utan+BankID\">F\u00f6rdelar med&nbsp;casino utan BankID<\/h2>    <p>N\u00e4r du spelar p\u00e5 ett&nbsp;casino utan BankID&nbsp;eller svensk licens har du en st\u00f6rre m\u00f6jlighet att vara anonym. Du kan ocks\u00e5 spela p\u00e5 casinon utan svensk licens och d\u00e4rmed ta del av b\u00e4ttre erbjudanden och st\u00f6rre spelutbud.<\/p>    <h2 class=\"wp-block-heading\" id=\"Nackdelar+med%26nbsp%3Bcasino+utan+BankID\">Nackdelar med&nbsp;casino utan BankID<\/h2>    <p>Sj\u00e4lvklart finns det \u00e4ven nackdelar ocks\u00e5. Att anv\u00e4nda BankID \u00e4r ett v\u00e4ldigt snabbt, tryggt och enkelt s\u00e4tt att verifiera dig och betala online. Du \u00e4r ocks\u00e5 b\u00e4ttre skyddad p\u00e5 ett casino med BankID eftersom det drivs under svensk spellag, vilket du inte \u00e4r n\u00e4r du spelar p\u00e5 ett utl\u00e4ndskt casino.<\/p>","protected":false},"excerpt":{"rendered":"<p>Spela casino utan BankID Att spela p\u00e5 online casino \u00e4r n\u00e5gonting som blivit allt vanligare de senaste \u00e5ren. Marknaden har&#8230;<\/p>\n","protected":false},"author":3,"featured_media":0,"parent":0,"menu_order":0,"comment_status":"closed","ping_status":"closed","template":"","meta":{"_acf_changed":false,"footnotes":""},"class_list":["post-192","page","type-page","status-publish","hentry"],"acf":[],"yoast_head":"<!-- This site is optimized with the Yoast SEO plugin v27.0 - https:\/\/yoast.com\/product\/yoast-seo-wordpress\/ -->\n<title>Spela casino utan BankID - (2024)<\/title>\n<meta name=\"description\" content=\"Det finns m\u00e5nga f\u00f6rdelar att spela casino utan BankID, men \u00e4ven n\u00e5gra nackdelar. L\u00e4s det h\u00e4r innan s\u00e5 att du har koll p\u00e5 vad som g\u00e4ller.\" \/>\n<meta name=\"robots\" content=\"index, follow, max-snippet:-1, max-image-preview:large, max-video-preview:-1\" \/>\n<link rel=\"canonical\" href=\"https:\/\/casinowithoutswedishlicense.io\/sv\/casino-utan-bankid\/\" \/>\n<meta property=\"og:locale\" content=\"sv_SE\" \/>\n<meta property=\"og:type\" content=\"article\" \/>\n<meta property=\"og:title\" content=\"Spela casino utan BankID - (2024)\" \/>\n<meta property=\"og:description\" content=\"Det finns m\u00e5nga f\u00f6rdelar att spela casino utan BankID, men \u00e4ven n\u00e5gra nackdelar. L\u00e4s det h\u00e4r innan s\u00e5 att du har koll p\u00e5 vad som g\u00e4ller.\" \/>\n<meta property=\"og:url\" content=\"https:\/\/casinowithoutswedishlicense.io\/sv\/casino-utan-bankid\/\" \/>\n<meta property=\"og:site_name\" content=\"Casino utan svensk licens\" \/>\n<meta property=\"article:modified_time\" content=\"2024-01-30T11:51:32+00:00\" \/>\n<meta property=\"og:image\" content=\"https:\/\/casinowithoutswedishlicense.io\/wp-content\/uploads\/2023\/06\/casino-utan-bankid.png\" \/>\n<meta name=\"twitter:card\" content=\"summary_large_image\" \/>\n<meta name=\"twitter:label1\" content=\"Ber\u00e4knad l\u00e4stid\" \/>\n\t<meta name=\"twitter:data1\" content=\"5 minuter\" \/>\n<script type=\"application\/ld+json\" class=\"yoast-schema-graph\">{\"@context\":\"https:\/\/schema.org\",\"@graph\":[{\"@type\":\"WebPage\",\"@id\":\"https:\/\/casinowithoutswedishlicense.io\/sv\/casino-utan-bankid\/\",\"url\":\"https:\/\/casinowithoutswedishlicense.io\/sv\/casino-utan-bankid\/\",\"name\":\"Spela casino utan BankID - (2024)\",\"isPartOf\":{\"@id\":\"https:\/\/casinowithoutswedishlicense.io\/sv\/#website\"},\"primaryImageOfPage\":{\"@id\":\"https:\/\/casinowithoutswedishlicense.io\/sv\/casino-utan-bankid\/#primaryimage\"},\"image\":{\"@id\":\"https:\/\/casinowithoutswedishlicense.io\/sv\/casino-utan-bankid\/#primaryimage\"},\"thumbnailUrl\":\"https:\/\/casinowithoutswedishlicense.io\/wp-content\/uploads\/2023\/06\/casino-utan-bankid.png\",\"datePublished\":\"2023-06-26T07:11:06+00:00\",\"dateModified\":\"2024-01-30T11:51:32+00:00\",\"description\":\"Det finns m\u00e5nga f\u00f6rdelar att spela casino utan BankID, men \u00e4ven n\u00e5gra nackdelar. L\u00e4s det h\u00e4r innan s\u00e5 att du har koll p\u00e5 vad som g\u00e4ller.\",\"breadcrumb\":{\"@id\":\"https:\/\/casinowithoutswedishlicense.io\/sv\/casino-utan-bankid\/#breadcrumb\"},\"inLanguage\":\"sv-SE\",\"potentialAction\":[{\"@type\":\"ReadAction\",\"target\":[\"https:\/\/casinowithoutswedishlicense.io\/sv\/casino-utan-bankid\/\"]}]},{\"@type\":\"ImageObject\",\"inLanguage\":\"sv-SE\",\"@id\":\"https:\/\/casinowithoutswedishlicense.io\/sv\/casino-utan-bankid\/#primaryimage\",\"url\":\"https:\/\/casinowithoutswedishlicense.io\/wp-content\/uploads\/2023\/06\/casino-utan-bankid.png\",\"contentUrl\":\"https:\/\/casinowithoutswedishlicense.io\/wp-content\/uploads\/2023\/06\/casino-utan-bankid.png\"},{\"@type\":\"BreadcrumbList\",\"@id\":\"https:\/\/casinowithoutswedishlicense.io\/sv\/casino-utan-bankid\/#breadcrumb\",\"itemListElement\":[{\"@type\":\"ListItem\",\"position\":1,\"name\":\"Home\",\"item\":\"https:\/\/casinowithoutswedishlicense.io\/sv\/\"},{\"@type\":\"ListItem\",\"position\":2,\"name\":\"Spela casino utan BankID\"}]},{\"@type\":\"WebSite\",\"@id\":\"https:\/\/casinowithoutswedishlicense.io\/sv\/#website\",\"url\":\"https:\/\/casinowithoutswedishlicense.io\/sv\/\",\"name\":\"Casino utan svensk licens\",\"description\":\"Hitta ditt nya casino utan svensk licens\",\"publisher\":{\"@id\":\"https:\/\/casinowithoutswedishlicense.io\/sv\/#organization\"},\"potentialAction\":[{\"@type\":\"SearchAction\",\"target\":{\"@type\":\"EntryPoint\",\"urlTemplate\":\"https:\/\/casinowithoutswedishlicense.io\/sv\/?s={search_term_string}\"},\"query-input\":{\"@type\":\"PropertyValueSpecification\",\"valueRequired\":true,\"valueName\":\"search_term_string\"}}],\"inLanguage\":\"sv-SE\"},{\"@type\":\"Organization\",\"@id\":\"https:\/\/casinowithoutswedishlicense.io\/sv\/#organization\",\"name\":\"Casinowithoutswedishlicense\",\"url\":\"https:\/\/casinowithoutswedishlicense.io\/sv\/\",\"logo\":{\"@type\":\"ImageObject\",\"inLanguage\":\"sv-SE\",\"@id\":\"https:\/\/casinowithoutswedishlicense.io\/sv\/#\/schema\/logo\/image\/\",\"url\":\"https:\/\/casinowithoutswedishlicense.io\/wp-content\/uploads\/2023\/02\/cropped-Casino-without-swedish-license-logo2.png\",\"contentUrl\":\"https:\/\/casinowithoutswedishlicense.io\/wp-content\/uploads\/2023\/02\/cropped-Casino-without-swedish-license-logo2.png\",\"width\":519,\"height\":120,\"caption\":\"Casinowithoutswedishlicense\"},\"image\":{\"@id\":\"https:\/\/casinowithoutswedishlicense.io\/sv\/#\/schema\/logo\/image\/\"}}]}<\/script>\n<!-- \/ Yoast SEO plugin. -->","yoast_head_json":{"title":"Spela casino utan BankID - (2024)","description":"Det finns m\u00e5nga f\u00f6rdelar att spela casino utan BankID, men \u00e4ven n\u00e5gra nackdelar. L\u00e4s det h\u00e4r innan s\u00e5 att du har koll p\u00e5 vad som g\u00e4ller.","robots":{"index":"index","follow":"follow","max-snippet":"max-snippet:-1","max-image-preview":"max-image-preview:large","max-video-preview":"max-video-preview:-1"},"canonical":"https:\/\/casinowithoutswedishlicense.io\/sv\/casino-utan-bankid\/","og_locale":"sv_SE","og_type":"article","og_title":"Spela casino utan BankID - (2024)","og_description":"Det finns m\u00e5nga f\u00f6rdelar att spela casino utan BankID, men \u00e4ven n\u00e5gra nackdelar. L\u00e4s det h\u00e4r innan s\u00e5 att du har koll p\u00e5 vad som g\u00e4ller.","og_url":"https:\/\/casinowithoutswedishlicense.io\/sv\/casino-utan-bankid\/","og_site_name":"Casino utan svensk licens","article_modified_time":"2024-01-30T11:51:32+00:00","og_image":[{"url":"https:\/\/casinowithoutswedishlicense.io\/wp-content\/uploads\/2023\/06\/casino-utan-bankid.png","type":"","width":"","height":""}],"twitter_card":"summary_large_image","twitter_misc":{"Ber\u00e4knad l\u00e4stid":"5 minuter"},"schema":{"@context":"https:\/\/schema.org","@graph":[{"@type":"WebPage","@id":"https:\/\/casinowithoutswedishlicense.io\/sv\/casino-utan-bankid\/","url":"https:\/\/casinowithoutswedishlicense.io\/sv\/casino-utan-bankid\/","name":"Spela casino utan BankID - (2024)","isPartOf":{"@id":"https:\/\/casinowithoutswedishlicense.io\/sv\/#website"},"primaryImageOfPage":{"@id":"https:\/\/casinowithoutswedishlicense.io\/sv\/casino-utan-bankid\/#primaryimage"},"image":{"@id":"https:\/\/casinowithoutswedishlicense.io\/sv\/casino-utan-bankid\/#primaryimage"},"thumbnailUrl":"https:\/\/casinowithoutswedishlicense.io\/wp-content\/uploads\/2023\/06\/casino-utan-bankid.png","datePublished":"2023-06-26T07:11:06+00:00","dateModified":"2024-01-30T11:51:32+00:00","description":"Det finns m\u00e5nga f\u00f6rdelar att spela casino utan BankID, men \u00e4ven n\u00e5gra nackdelar. L\u00e4s det h\u00e4r innan s\u00e5 att du har koll p\u00e5 vad som g\u00e4ller.","breadcrumb":{"@id":"https:\/\/casinowithoutswedishlicense.io\/sv\/casino-utan-bankid\/#breadcrumb"},"inLanguage":"sv-SE","potentialAction":[{"@type":"ReadAction","target":["https:\/\/casinowithoutswedishlicense.io\/sv\/casino-utan-bankid\/"]}]},{"@type":"ImageObject","inLanguage":"sv-SE","@id":"https:\/\/casinowithoutswedishlicense.io\/sv\/casino-utan-bankid\/#primaryimage","url":"https:\/\/casinowithoutswedishlicense.io\/wp-content\/uploads\/2023\/06\/casino-utan-bankid.png","contentUrl":"https:\/\/casinowithoutswedishlicense.io\/wp-content\/uploads\/2023\/06\/casino-utan-bankid.png"},{"@type":"BreadcrumbList","@id":"https:\/\/casinowithoutswedishlicense.io\/sv\/casino-utan-bankid\/#breadcrumb","itemListElement":[{"@type":"ListItem","position":1,"name":"Home","item":"https:\/\/casinowithoutswedishlicense.io\/sv\/"},{"@type":"ListItem","position":2,"name":"Spela casino utan BankID"}]},{"@type":"WebSite","@id":"https:\/\/casinowithoutswedishlicense.io\/sv\/#website","url":"https:\/\/casinowithoutswedishlicense.io\/sv\/","name":"Casino utan svensk licens","description":"Hitta ditt nya casino utan svensk licens","publisher":{"@id":"https:\/\/casinowithoutswedishlicense.io\/sv\/#organization"},"potentialAction":[{"@type":"SearchAction","target":{"@type":"EntryPoint","urlTemplate":"https:\/\/casinowithoutswedishlicense.io\/sv\/?s={search_term_string}"},"query-input":{"@type":"PropertyValueSpecification","valueRequired":true,"valueName":"search_term_string"}}],"inLanguage":"sv-SE"},{"@type":"Organization","@id":"https:\/\/casinowithoutswedishlicense.io\/sv\/#organization","name":"Casinowithoutswedishlicense","url":"https:\/\/casinowithoutswedishlicense.io\/sv\/","logo":{"@type":"ImageObject","inLanguage":"sv-SE","@id":"https:\/\/casinowithoutswedishlicense.io\/sv\/#\/schema\/logo\/image\/","url":"https:\/\/casinowithoutswedishlicense.io\/wp-content\/uploads\/2023\/02\/cropped-Casino-without-swedish-license-logo2.png","contentUrl":"https:\/\/casinowithoutswedishlicense.io\/wp-content\/uploads\/2023\/02\/cropped-Casino-without-swedish-license-logo2.png","width":519,"height":120,"caption":"Casinowithoutswedishlicense"},"image":{"@id":"https:\/\/casinowithoutswedishlicense.io\/sv\/#\/schema\/logo\/image\/"}}]}},"_links":{"self":[{"href":"https:\/\/casinowithoutswedishlicense.io\/sv\/wp-json\/wp\/v2\/pages\/192","targetHints":{"allow":["GET"]}}],"collection":[{"href":"https:\/\/casinowithoutswedishlicense.io\/sv\/wp-json\/wp\/v2\/pages"}],"about":[{"href":"https:\/\/casinowithoutswedishlicense.io\/sv\/wp-json\/wp\/v2\/types\/page"}],"author":[{"embeddable":true,"href":"https:\/\/casinowithoutswedishlicense.io\/sv\/wp-json\/wp\/v2\/users\/3"}],"replies":[{"embeddable":true,"href":"https:\/\/casinowithoutswedishlicense.io\/sv\/wp-json\/wp\/v2\/comments?post=192"}],"version-history":[{"count":6,"href":"https:\/\/casinowithoutswedishlicense.io\/sv\/wp-json\/wp\/v2\/pages\/192\/revisions"}],"predecessor-version":[{"id":469,"href":"https:\/\/casinowithoutswedishlicense.io\/sv\/wp-json\/wp\/v2\/pages\/192\/revisions\/469"}],"wp:attachment":[{"href":"https:\/\/casinowithoutswedishlicense.io\/sv\/wp-json\/wp\/v2\/media?parent=192"}],"curies":[{"name":"wp","href":"https:\/\/api.w.org\/{rel}","templated":true}]}}