{"id":478,"date":"2024-02-06T19:56:02","date_gmt":"2024-02-06T19:56:02","guid":{"rendered":"https:\/\/casinowithoutswedishlicense.io\/?page_id=478"},"modified":"2024-02-06T19:58:52","modified_gmt":"2024-02-06T19:58:52","slug":"curacao-casino","status":"publish","type":"page","link":"https:\/\/casinowithoutswedishlicense.io\/sv\/curacao-casino\/","title":{"rendered":"Curacao casino"},"content":{"rendered":"<h1 class=\"wp-block-heading\">Curacao casino<\/h1>    <p>Ett Curacao casino \u00e4r ett online casino med Curacao licens, det vill s\u00e4ga att spelsajten har sin spellicens utf\u00e4rdad av Curacao eGaming, spelmyndigheten p\u00e5 den karibiska \u00f6n Curacao. Curacao casinon \u00e4r casinon utan svensk licens men det \u00e4r helt lagligt f\u00f6r svenska spelare att spela p\u00e5 casinon med licens fr\u00e5n Curacao.<\/p>    <h2 class=\"wp-block-heading\" id=\"B%C3%A4sta+Curacao+casinon\">B\u00e4sta Curacao casinon<\/h2>   <div class=\"partner-list container\"> <div class=\"partner\">\n     <div class=\"image\">\n        <a href=\"\/ref\/449\/\" target=\"_blank\" rel=\"nofollow oreferrer noopener\" title=\"B\u00e4sta casino utan svensk licens\"><img decoding=\"async\" class=\"p-img-responsive logo\" src=\"https:\/\/casinowithoutswedishlicense.io\/wp-content\/uploads\/2024\/01\/basta-casino-utan-svensk-licens.png\" alt=\"B\u00e4sta casino utan svensk licens\" loading=\"lazy\"><\/a>\n     <\/div>\n     <div class=\"name-rating\">\n         <div class=\"name\">B\u00e4sta casino utan svensk licens<\/div>\n         <div class=\"rating\"><svg class=\"star\"><use xlink:href=\"https:\/\/casinowithoutswedishlicense.io\/wp-content\/themes\/casinodroidsv3\/assets\/dist\/img\/stars.svg#star-full\"><\/use><\/svg><svg class=\"star\"><use xlink:href=\"https:\/\/casinowithoutswedishlicense.io\/wp-content\/themes\/casinodroidsv3\/assets\/dist\/img\/stars.svg#star-full\"><\/use><\/svg><svg class=\"star\"><use xlink:href=\"https:\/\/casinowithoutswedishlicense.io\/wp-content\/themes\/casinodroidsv3\/assets\/dist\/img\/stars.svg#star-full\"><\/use><\/svg><svg class=\"star\"><use xlink:href=\"https:\/\/casinowithoutswedishlicense.io\/wp-content\/themes\/casinodroidsv3\/assets\/dist\/img\/stars.svg#star-full\"><\/use><\/svg><svg class=\"star\"><use xlink:href=\"https:\/\/casinowithoutswedishlicense.io\/wp-content\/themes\/casinodroidsv3\/assets\/dist\/img\/stars.svg#star-full\"><\/use><\/svg><\/div>\n     <\/div>\n     <div class=\"usp\">\n         <ul>\n             \n         <\/ul>\n     <\/div>\n\n     <div class=\"cta\">\n         <div class=\"icons\">\n             \n         <\/div>\n        <a href=\"\/ref\/449\/\" target=\"_blank\" rel=\"nofollow oreferrer noopener\">Spela Nu<\/a>\n     <\/div>\n <\/div> \n <div class=\"partner\">\n     <div class=\"image\">\n        <a href=\"\/ref\/577\/\" target=\"_blank\" rel=\"nofollow oreferrer noopener\" title=\"Casino med kortbetalning\"><img decoding=\"async\" class=\"p-img-responsive logo\" src=\"https:\/\/casinowithoutswedishlicense.io\/wp-content\/uploads\/2024\/03\/Kortbetalning-2.png\" alt=\"Casino med kortbetalning\" loading=\"lazy\"><\/a>\n     <\/div>\n     <div class=\"name-rating\">\n         <div class=\"name\">Casino med kortbetalning<\/div>\n         <div class=\"rating\"><svg class=\"star\"><use xlink:href=\"https:\/\/casinowithoutswedishlicense.io\/wp-content\/themes\/casinodroidsv3\/assets\/dist\/img\/stars.svg#star-full\"><\/use><\/svg><svg class=\"star\"><use xlink:href=\"https:\/\/casinowithoutswedishlicense.io\/wp-content\/themes\/casinodroidsv3\/assets\/dist\/img\/stars.svg#star-full\"><\/use><\/svg><svg class=\"star\"><use xlink:href=\"https:\/\/casinowithoutswedishlicense.io\/wp-content\/themes\/casinodroidsv3\/assets\/dist\/img\/stars.svg#star-full\"><\/use><\/svg><svg class=\"star\"><use xlink:href=\"https:\/\/casinowithoutswedishlicense.io\/wp-content\/themes\/casinodroidsv3\/assets\/dist\/img\/stars.svg#star-full\"><\/use><\/svg><svg class=\"star\"><use xlink:href=\"https:\/\/casinowithoutswedishlicense.io\/wp-content\/themes\/casinodroidsv3\/assets\/dist\/img\/stars.svg#star-half\"><\/use><\/svg><\/div>\n     <\/div>\n     <div class=\"usp\">\n         <ul>\n             <li>Visa \/ Mastercard<\/li><li>Revolut<\/li>\n         <\/ul>\n     <\/div>\n\n     <div class=\"cta\">\n         <div class=\"icons\">\n             \n         <\/div>\n        <a href=\"\/ref\/577\/\" target=\"_blank\" rel=\"nofollow oreferrer noopener\">Spela Nu<\/a>\n     <\/div>\n <\/div> \n<\/div>    <h2 class=\"wp-block-heading\" id=\"B%C3%A4sta+online+casinon+med+Curacao+licens\">B\u00e4sta online casinon med Curacao licens<\/h2>    <ul class=\"wp-block-list\"> <li>Joker.io<\/li>    <li>Stake.com<\/li>    <li>Smokace Casino<\/li>    <li>Raptor Casino<\/li>    <li>Qbet<\/li>    <li>Manga Casino<\/li>    <li>20Bet Casino<\/li>    <li>22Bet Casino<\/li> <\/ul>    <h2 class=\"wp-block-heading\" id=\"Varf%C3%B6r+ska+man+spela+p%C3%A5+ett+Curacao+Casino%3F\">Varf\u00f6r ska man spela p\u00e5 ett Curacao Casino?<\/h2>    <p>Det finns flera anledningar till att spela p\u00e5 n\u00e4tcasinon med Curacao licens, en av de fr\u00e4msta anledningarna till att svenska casinospelare s\u00f6ker sig till Curacao casinon \u00e4r m\u00f6jligheten att spela med kryptovalutor. M\u00e5nga casinon som har sin spellicens fr\u00e5n Curacao eGaming erbjuder ins\u00e4ttningar och uttag med kryptovalutor.&nbsp;<\/p>    <p>Flera av renodlade crypto casinon har sin licens utf\u00e4rdad p\u00e5 Curacao, bland annat Stake och Gamdom f\u00f6r att n\u00e4mna tv\u00e5.<\/p>    <p>En annan sak som lockar m\u00e5nga spelare till casinon med licens fr\u00e5n Curacao \u00e4r de saftiga bonusarna och kampanjerna som erbjuds. M\u00e5nga online casinon utan svensk licens fr\u00e5n Curacao erbjuder dessutom cashback bonusar till sina spelare.<\/p>    <h2 class=\"wp-block-heading\" id=\"%C3%84r+det+lagligt+att+spela+p%C3%A5+ett+Curacao+casino%3F\">\u00c4r det lagligt att spela p\u00e5 ett Curacao casino?<\/h2>    <p>Det \u00e4r fullt lagligt att <a href=\"https:\/\/casinowithoutswedishlicense.io\/sv\/\">spela p\u00e5 casino utan svensk licens<\/a> som svensk och det g\u00e5r alldeles utm\u00e4rkt att spela p\u00e5 ett online casino med Curacao licens. Eftersom att Curacao inte tillh\u00f6r EU s\u00e5 beh\u00f6ver man skatta 30% av sina vinster fr\u00e5n n\u00e4tcasinon med licens fr\u00e5n Curacao, det \u00e4r allts\u00e5 inte skattefria vinster som p\u00e5 MGA casinon eller EMTA casinon.\u00a0<\/p>    <h2 class=\"wp-block-heading\" id=\"Spels%C3%A4kerherhet+p%C3%A5+Curacao+Casinon\">Spels\u00e4kerherhet p\u00e5 Curacao Casinon<\/h2>    <p>N\u00e4r man spelar p\u00e5 casinon med Curacao licens som saknar svensk spellicens s\u00e5 har man inte tillg\u00e5ng till Spelpaus. Det finns dock andra verktyg f\u00f6r att f\u00f6rebygga spelmissbruk s\u00e5som Gamcare till exempel.<\/p>    <h2 class=\"wp-block-heading\" id=\"Bonusar+p%C3%A5+Curacao+casinon\">Bonusar p\u00e5 Curacao casinon<\/h2>    <p>Online casinon fr\u00e5n Curacao vinner mycket popularitet tack vare sina gener\u00f6sa bonuserbjudanden och kampanjer. P\u00e5 utl\u00e4ndska casinon med licens fr\u00e5n Curacao eGaming s\u00e5 kan man f\u00e5 obegr\u00e4nsat med casinobonusar och v\u00e4lkomstbonusen \u00e4r ofta v\u00e4ldigt stor och inte s\u00e4llan p\u00e5 dina tre f\u00f6rsta ins\u00e4ttningar.<\/p>    <p>I v\u00e4lkomstbonusen ing\u00e5r ofta en attraktiv matchningsbonus och inte s\u00e4llan ett stort antal free spins. Cashback \u00e4r ocks\u00e5 en v\u00e4ldigt vanlig bonusform p\u00e5 casinon utan svensk spellicens och det \u00e4r ofta cashback p\u00e5 5-15% som betalas ut m\u00e5nadsvis, veckovis eller varje dag!<\/p>    <h3 class=\"wp-block-heading\">B\u00e4sta bonusarna p\u00e5 n\u00e4tcasinon med licens fr\u00e5n Curacao<\/h3>    <ul class=\"wp-block-list\"> <li>Ice Casino &#8211; 100 % upp till 1,500 Euro + 275 free spins<\/li>    <li>Buumi Casino &#8211; 100% upp till 500 Euro + 15 % cashback varje dag<\/li>    <li>Koi Casino &#8211; 100% upp till 500 Euro + cashback varje dag<\/li>    <li>Wild Tokyo &#8211; 210% upp till 500 EUro + 250 free spins<\/li>    <li>Jupi Casino &#8211; 120% upp till 600 <strong>\u20ac<\/strong><\/li>    <li>Snatch Casino &#8211; 200% upp till 1000\u20ac + 100 freespins<\/li>    <li>Cobra Casino &#8211; 100 % upp till 1,050 euro + 300 free spins!<\/li> <\/ul>    <h2 class=\"wp-block-heading\" id=\"Vilka+betalningsmetoder+finns+p%C3%A5+casinon+med+Curacao+licens%3F\">Vilka betalningsmetoder finns p\u00e5 casinon med Curacao licens?<\/h2>    <p>P\u00e5 Curacao casinon finns det en hel dr\u00f6s med betalmetoder att v\u00e4lja mellan. Trustly, Zimpler och Swish finns dock inte tillg\u00e4ngliga d\u00e5 dessa endast f\u00e5r erbjudas p\u00e5 svenska casinon. P\u00e5 n\u00e4tcasinon fr\u00e5n Curacao s\u00e5 kan man dock njuta av en hel del andra betalningsmetoder s\u00e5som kryptovalutor och kortbetalningar.<\/p>    <h3 class=\"wp-block-heading\">Krypto<\/h3>    <p>N\u00e4r man spelar p\u00e5 casinosajter med licens fr\u00e5n Curacao s\u00e5 erbjuds kryptovalutor v\u00e4ldigt ofta som betalningsmetod. Man kan g\u00f6ra b\u00e5de ins\u00e4ttningar och uttag med kryptovalutor och transaktionerna \u00e4r direkta till och fr\u00e5n din kryptopl\u00e5nbok.&nbsp;<\/p>    <p>M\u00e5nga casinon erbjuder stora variationer p\u00e5 kryptovalutor som kan anv\u00e4ndas f\u00f6r att genomf\u00f6ra transaktioner, d\u00e4r Bitcoin, Litecoin, Dogecoin och Bitcoin Cash \u00e4r bland de allra vanligaste.<\/p>    <h3 class=\"wp-block-heading\">Kortbetalning<\/h3>    <p>P\u00e5 Curacao casinon kan man \u00e4ven anv\u00e4nda Visa eller Mastercard f\u00f6r kortbetalningar. En del svenska banker blockerar dock transaktioner till online casinon utan licens i Sverige, det kan d\u00e4rf\u00f6r vara en f\u00f6rdel att anv\u00e4nda sig av ett Revolut kort till exempel.<\/p>    <h3 class=\"wp-block-heading\">Andra betalmetoder p\u00e5 curacao casinon<\/h3>    <ul class=\"wp-block-list\"> <li>Jeton Cash<\/li>    <li>Mifinity&nbsp;<\/li>    <li>EcopayZ<\/li>    <li>Astropay<\/li> <\/ul>    <h2 class=\"wp-block-heading\" id=\"Spelutbud+p%C3%A5+casinon+med+licens+fr%C3%A5n+Curacao\">Spelutbud p\u00e5 casinon med licens fr\u00e5n Curacao<\/h2>    <p>En av de viktigaste faktorerna n\u00e4r man v\u00e4ljer en casinosajt att spela p\u00e5 \u00e4r kanske spelutbudet. Som casinospelare \u00e4r det viktigt att spelsajten erbjuder ett spelutbud som matchar ens smak.&nbsp;<\/p>    <p>P\u00e5 Curacao casinon g\u00e5r det ofta att finna v\u00e4ldigt breda spelutbud med \u00f6ver 5000 olika casinospel samt betting och e-sport.<\/p>    <p>Det \u00e4r viktigt att reda p\u00e5 spelutbudet redan innan man registrerar sig p\u00e5 en casinosajt, i v\u00e5ra recensioner s\u00e5 kan man enkelt f\u00e5 en bra \u00f6verblick \u00f6ver hur m\u00e5nga spel som erbjuds p\u00e5 casinosajten. Du kan \u00e4ven f\u00e5 en bra \u00f6verblick av vilka spelutvecklare som finns och p\u00e5 s\u00e5 s\u00e4tt ta reda p\u00e5 om dina favoritspel finns tillg\u00e4ngliga p\u00e5 casinosajten.&nbsp;<\/p>    <h3 class=\"wp-block-heading\">Curacao casinon med b\u00e4st spelutbud<\/h3>    <ul class=\"wp-block-list\"> <li><strong>Koi Casino<\/strong> &#8211; 3000+ casinospel&nbsp;<\/li>    <li><strong>Leon casino<\/strong> &#8211; 4000+ casinospel<\/li>    <li><strong>B.C Game Casino<\/strong> &#8211; 8000+ casinospel<\/li>    <li><strong>Rocketpot Casino<\/strong> &#8211; 4000+ casinospel<\/li> <\/ul>    <h2 class=\"wp-block-heading\" id=\"Betting+p%C3%A5+Curacao+casinon\">Betting p\u00e5 Curacao casinon<\/h2>    <p>Det finns m\u00e5nga utl\u00e4ndska bettingsidor med licens utf\u00e4rdade p\u00e5 Curacao. F\u00f6rdelen \u00e4r att spelutbudet \u00e4r enormt, samt att man kan f\u00e5 ta del av olika bettingbonusar och kampanjer.<\/p>    <h3 class=\"wp-block-heading\">B\u00e4sta bettingsidorna med Curacao licens<\/h3>    <ul class=\"wp-block-list\"> <li>Stake.com<\/li>    <li>22 Bet<\/li>    <li>20 Bet<\/li>    <li>BC. Game<\/li>    <li>Moi Casino<\/li> <\/ul>    <h2 class=\"wp-block-heading\" id=\"Kundtj%C3%A4nst+p%C3%A5+Curacao+casinon\">Kundtj\u00e4nst p\u00e5 Curacao casinon<\/h2>    <p>N\u00e4r man spelar p\u00e5 online casinon med utl\u00e4ndska licenser s\u00e5 finns ingen svensk kundtj\u00e4nst tillg\u00e4nglig. Supporten sker d\u00e5 p\u00e5 engelska och p\u00e5 de b\u00e4sta spelsajterna med Curacao licens s\u00e5 erbjuds \u00e4ven en f\u00f6rstklassig kundtj\u00e4nst.<\/p>","protected":false},"excerpt":{"rendered":"<p>Curacao casino Ett Curacao casino \u00e4r ett online casino med Curacao licens, det vill s\u00e4ga att spelsajten har sin spellicens&#8230;<\/p>\n","protected":false},"author":3,"featured_media":0,"parent":0,"menu_order":0,"comment_status":"closed","ping_status":"closed","template":"","meta":{"_acf_changed":false,"footnotes":""},"class_list":["post-478","page","type-page","status-publish","hentry"],"acf":[],"yoast_head":"<!-- This site is optimized with the Yoast SEO plugin v27.0 - https:\/\/yoast.com\/product\/yoast-seo-wordpress\/ -->\n<title>B\u00e4sta Curacao Casino - Online Casino med Curacao Licens<\/title>\n<meta name=\"description\" content=\"Vi g\u00e5r igenom allt du beh\u00f6ver veta f\u00f6r att hitta ett bra Curacao Casino att spela p\u00e5! Vi g\u00e5r igenom bonusar, betalmetoder och mycket mer!\" \/>\n<meta name=\"robots\" content=\"index, follow, max-snippet:-1, max-image-preview:large, max-video-preview:-1\" \/>\n<link rel=\"canonical\" href=\"https:\/\/casinowithoutswedishlicense.io\/sv\/curacao-casino\/\" \/>\n<meta property=\"og:locale\" content=\"sv_SE\" \/>\n<meta property=\"og:type\" content=\"article\" \/>\n<meta property=\"og:title\" content=\"B\u00e4sta Curacao Casino - Online Casino med Curacao Licens\" \/>\n<meta property=\"og:description\" content=\"Vi g\u00e5r igenom allt du beh\u00f6ver veta f\u00f6r att hitta ett bra Curacao Casino att spela p\u00e5! Vi g\u00e5r igenom bonusar, betalmetoder och mycket mer!\" \/>\n<meta property=\"og:url\" content=\"https:\/\/casinowithoutswedishlicense.io\/sv\/curacao-casino\/\" \/>\n<meta property=\"og:site_name\" content=\"Casino utan svensk licens\" \/>\n<meta property=\"article:modified_time\" content=\"2024-02-06T19:58:52+00:00\" \/>\n<meta property=\"og:image\" content=\"https:\/\/casinowithoutswedishlicense.io\/wp-content\/uploads\/2023\/02\/cropped-Casino-without-swedish-license-logo2.png\" \/>\n\t<meta property=\"og:image:width\" content=\"519\" \/>\n\t<meta property=\"og:image:height\" content=\"120\" \/>\n\t<meta property=\"og:image:type\" content=\"image\/png\" \/>\n<meta name=\"twitter:card\" content=\"summary_large_image\" \/>\n<meta name=\"twitter:label1\" content=\"Ber\u00e4knad l\u00e4stid\" \/>\n\t<meta name=\"twitter:data1\" content=\"4 minuter\" \/>\n<script type=\"application\/ld+json\" class=\"yoast-schema-graph\">{\"@context\":\"https:\/\/schema.org\",\"@graph\":[{\"@type\":\"WebPage\",\"@id\":\"https:\/\/casinowithoutswedishlicense.io\/sv\/curacao-casino\/\",\"url\":\"https:\/\/casinowithoutswedishlicense.io\/sv\/curacao-casino\/\",\"name\":\"B\u00e4sta Curacao Casino - Online Casino med Curacao Licens\",\"isPartOf\":{\"@id\":\"https:\/\/casinowithoutswedishlicense.io\/sv\/#website\"},\"datePublished\":\"2024-02-06T19:56:02+00:00\",\"dateModified\":\"2024-02-06T19:58:52+00:00\",\"description\":\"Vi g\u00e5r igenom allt du beh\u00f6ver veta f\u00f6r att hitta ett bra Curacao Casino att spela p\u00e5! Vi g\u00e5r igenom bonusar, betalmetoder och mycket mer!\",\"breadcrumb\":{\"@id\":\"https:\/\/casinowithoutswedishlicense.io\/sv\/curacao-casino\/#breadcrumb\"},\"inLanguage\":\"sv-SE\",\"potentialAction\":[{\"@type\":\"ReadAction\",\"target\":[\"https:\/\/casinowithoutswedishlicense.io\/sv\/curacao-casino\/\"]}]},{\"@type\":\"BreadcrumbList\",\"@id\":\"https:\/\/casinowithoutswedishlicense.io\/sv\/curacao-casino\/#breadcrumb\",\"itemListElement\":[{\"@type\":\"ListItem\",\"position\":1,\"name\":\"Home\",\"item\":\"https:\/\/casinowithoutswedishlicense.io\/sv\/\"},{\"@type\":\"ListItem\",\"position\":2,\"name\":\"Curacao casino\"}]},{\"@type\":\"WebSite\",\"@id\":\"https:\/\/casinowithoutswedishlicense.io\/sv\/#website\",\"url\":\"https:\/\/casinowithoutswedishlicense.io\/sv\/\",\"name\":\"Casino utan svensk licens\",\"description\":\"Hitta ditt nya casino utan svensk licens\",\"publisher\":{\"@id\":\"https:\/\/casinowithoutswedishlicense.io\/sv\/#organization\"},\"potentialAction\":[{\"@type\":\"SearchAction\",\"target\":{\"@type\":\"EntryPoint\",\"urlTemplate\":\"https:\/\/casinowithoutswedishlicense.io\/sv\/?s={search_term_string}\"},\"query-input\":{\"@type\":\"PropertyValueSpecification\",\"valueRequired\":true,\"valueName\":\"search_term_string\"}}],\"inLanguage\":\"sv-SE\"},{\"@type\":\"Organization\",\"@id\":\"https:\/\/casinowithoutswedishlicense.io\/sv\/#organization\",\"name\":\"Casinowithoutswedishlicense\",\"url\":\"https:\/\/casinowithoutswedishlicense.io\/sv\/\",\"logo\":{\"@type\":\"ImageObject\",\"inLanguage\":\"sv-SE\",\"@id\":\"https:\/\/casinowithoutswedishlicense.io\/sv\/#\/schema\/logo\/image\/\",\"url\":\"https:\/\/casinowithoutswedishlicense.io\/wp-content\/uploads\/2023\/02\/cropped-Casino-without-swedish-license-logo2.png\",\"contentUrl\":\"https:\/\/casinowithoutswedishlicense.io\/wp-content\/uploads\/2023\/02\/cropped-Casino-without-swedish-license-logo2.png\",\"width\":519,\"height\":120,\"caption\":\"Casinowithoutswedishlicense\"},\"image\":{\"@id\":\"https:\/\/casinowithoutswedishlicense.io\/sv\/#\/schema\/logo\/image\/\"}}]}<\/script>\n<!-- \/ Yoast SEO plugin. -->","yoast_head_json":{"title":"B\u00e4sta Curacao Casino - Online Casino med Curacao Licens","description":"Vi g\u00e5r igenom allt du beh\u00f6ver veta f\u00f6r att hitta ett bra Curacao Casino att spela p\u00e5! Vi g\u00e5r igenom bonusar, betalmetoder och mycket mer!","robots":{"index":"index","follow":"follow","max-snippet":"max-snippet:-1","max-image-preview":"max-image-preview:large","max-video-preview":"max-video-preview:-1"},"canonical":"https:\/\/casinowithoutswedishlicense.io\/sv\/curacao-casino\/","og_locale":"sv_SE","og_type":"article","og_title":"B\u00e4sta Curacao Casino - Online Casino med Curacao Licens","og_description":"Vi g\u00e5r igenom allt du beh\u00f6ver veta f\u00f6r att hitta ett bra Curacao Casino att spela p\u00e5! Vi g\u00e5r igenom bonusar, betalmetoder och mycket mer!","og_url":"https:\/\/casinowithoutswedishlicense.io\/sv\/curacao-casino\/","og_site_name":"Casino utan svensk licens","article_modified_time":"2024-02-06T19:58:52+00:00","og_image":[{"width":519,"height":120,"url":"https:\/\/casinowithoutswedishlicense.io\/wp-content\/uploads\/2023\/02\/cropped-Casino-without-swedish-license-logo2.png","type":"image\/png"}],"twitter_card":"summary_large_image","twitter_misc":{"Ber\u00e4knad l\u00e4stid":"4 minuter"},"schema":{"@context":"https:\/\/schema.org","@graph":[{"@type":"WebPage","@id":"https:\/\/casinowithoutswedishlicense.io\/sv\/curacao-casino\/","url":"https:\/\/casinowithoutswedishlicense.io\/sv\/curacao-casino\/","name":"B\u00e4sta Curacao Casino - Online Casino med Curacao Licens","isPartOf":{"@id":"https:\/\/casinowithoutswedishlicense.io\/sv\/#website"},"datePublished":"2024-02-06T19:56:02+00:00","dateModified":"2024-02-06T19:58:52+00:00","description":"Vi g\u00e5r igenom allt du beh\u00f6ver veta f\u00f6r att hitta ett bra Curacao Casino att spela p\u00e5! Vi g\u00e5r igenom bonusar, betalmetoder och mycket mer!","breadcrumb":{"@id":"https:\/\/casinowithoutswedishlicense.io\/sv\/curacao-casino\/#breadcrumb"},"inLanguage":"sv-SE","potentialAction":[{"@type":"ReadAction","target":["https:\/\/casinowithoutswedishlicense.io\/sv\/curacao-casino\/"]}]},{"@type":"BreadcrumbList","@id":"https:\/\/casinowithoutswedishlicense.io\/sv\/curacao-casino\/#breadcrumb","itemListElement":[{"@type":"ListItem","position":1,"name":"Home","item":"https:\/\/casinowithoutswedishlicense.io\/sv\/"},{"@type":"ListItem","position":2,"name":"Curacao casino"}]},{"@type":"WebSite","@id":"https:\/\/casinowithoutswedishlicense.io\/sv\/#website","url":"https:\/\/casinowithoutswedishlicense.io\/sv\/","name":"Casino utan svensk licens","description":"Hitta ditt nya casino utan svensk licens","publisher":{"@id":"https:\/\/casinowithoutswedishlicense.io\/sv\/#organization"},"potentialAction":[{"@type":"SearchAction","target":{"@type":"EntryPoint","urlTemplate":"https:\/\/casinowithoutswedishlicense.io\/sv\/?s={search_term_string}"},"query-input":{"@type":"PropertyValueSpecification","valueRequired":true,"valueName":"search_term_string"}}],"inLanguage":"sv-SE"},{"@type":"Organization","@id":"https:\/\/casinowithoutswedishlicense.io\/sv\/#organization","name":"Casinowithoutswedishlicense","url":"https:\/\/casinowithoutswedishlicense.io\/sv\/","logo":{"@type":"ImageObject","inLanguage":"sv-SE","@id":"https:\/\/casinowithoutswedishlicense.io\/sv\/#\/schema\/logo\/image\/","url":"https:\/\/casinowithoutswedishlicense.io\/wp-content\/uploads\/2023\/02\/cropped-Casino-without-swedish-license-logo2.png","contentUrl":"https:\/\/casinowithoutswedishlicense.io\/wp-content\/uploads\/2023\/02\/cropped-Casino-without-swedish-license-logo2.png","width":519,"height":120,"caption":"Casinowithoutswedishlicense"},"image":{"@id":"https:\/\/casinowithoutswedishlicense.io\/sv\/#\/schema\/logo\/image\/"}}]}},"_links":{"self":[{"href":"https:\/\/casinowithoutswedishlicense.io\/sv\/wp-json\/wp\/v2\/pages\/478","targetHints":{"allow":["GET"]}}],"collection":[{"href":"https:\/\/casinowithoutswedishlicense.io\/sv\/wp-json\/wp\/v2\/pages"}],"about":[{"href":"https:\/\/casinowithoutswedishlicense.io\/sv\/wp-json\/wp\/v2\/types\/page"}],"author":[{"embeddable":true,"href":"https:\/\/casinowithoutswedishlicense.io\/sv\/wp-json\/wp\/v2\/users\/3"}],"replies":[{"embeddable":true,"href":"https:\/\/casinowithoutswedishlicense.io\/sv\/wp-json\/wp\/v2\/comments?post=478"}],"version-history":[{"count":1,"href":"https:\/\/casinowithoutswedishlicense.io\/sv\/wp-json\/wp\/v2\/pages\/478\/revisions"}],"predecessor-version":[{"id":480,"href":"https:\/\/casinowithoutswedishlicense.io\/sv\/wp-json\/wp\/v2\/pages\/478\/revisions\/480"}],"wp:attachment":[{"href":"https:\/\/casinowithoutswedishlicense.io\/sv\/wp-json\/wp\/v2\/media?parent=478"}],"curies":[{"name":"wp","href":"https:\/\/api.w.org\/{rel}","templated":true}]}}