{"id":520,"date":"2024-03-05T12:35:45","date_gmt":"2024-03-05T12:35:45","guid":{"rendered":"https:\/\/casinowithoutswedishlicense.io\/?page_id=520"},"modified":"2024-03-11T11:48:21","modified_gmt":"2024-03-11T11:48:21","slug":"instant-banking-casino","status":"publish","type":"page","link":"https:\/\/casinowithoutswedishlicense.io\/sv\/instant-banking-casino\/","title":{"rendered":"Instant banking Casino"},"content":{"rendered":"<h1 class=\"wp-block-heading\">Instant banking Casino<\/h1>    <p>M\u00e5nga casinospelare f\u00f6redrar direkta bank\u00f6verf\u00f6ringar som betalningsmetod n\u00e4r det \u00e4r dags att s\u00e4tta in pengar p\u00e5 ett online casino. I den h\u00e4r guiden g\u00e5r vi igenom vilka betalningsmetoder som till\u00e5ter dig att g\u00f6ra en direkt bank\u00f6verf\u00f6ring och vilka casinon som de erbjuds p\u00e5. Eftersom att v\u00e5rt fokus ligger p\u00e5 utl\u00e4ndska casinon s\u00e5 \u00e4r den h\u00e4r guiden fr\u00e4mst riktad f\u00f6r den som s\u00f6ker ett casino utan svensk licens med instant banking.\u00a0<\/p>    <figure class=\"wp-block-image size-full\"><img loading=\"lazy\" decoding=\"async\" width=\"650\" height=\"400\" src=\"https:\/\/casinowithoutswedishlicense.io\/wp-content\/uploads\/2024\/03\/instant-banking-casino-utan-svensk-licens.png\" alt=\"Instant banking casino utan svensk licens\" class=\"wp-image-521\" srcset=\"https:\/\/casinowithoutswedishlicense.io\/wp-content\/uploads\/2024\/03\/instant-banking-casino-utan-svensk-licens.png 650w, https:\/\/casinowithoutswedishlicense.io\/wp-content\/uploads\/2024\/03\/instant-banking-casino-utan-svensk-licens-300x185.png 300w\" sizes=\"auto, (max-width: 650px) 100vw, 650px\" \/><\/figure>    <h2 class=\"wp-block-heading\" id=\"B%C3%A4sta+instant+banking+casino+utan+svensk+licens\">B\u00e4sta instant banking casino utan svensk licens<\/h2>    <div class=\"partner\">\n     <div class=\"image\">\n        <a href=\"\/ref\/464\/\" target=\"_blank\" rel=\"nofollow oreferrer noopener\" title=\"Instant banking\"><img decoding=\"async\" class=\"p-img-responsive logo\" src=\"https:\/\/casinowithoutswedishlicense.io\/wp-content\/uploads\/2024\/01\/Instant-bank-2.png\" alt=\"Instant banking\" loading=\"lazy\"><\/a>\n     <\/div>\n     <div class=\"name-rating\">\n         <div class=\"name\">Instant banking<\/div>\n         <div class=\"rating\"><svg class=\"star\"><use xlink:href=\"https:\/\/casinowithoutswedishlicense.io\/wp-content\/themes\/casinodroidsv3\/assets\/dist\/img\/stars.svg#star-full\"><\/use><\/svg><svg class=\"star\"><use xlink:href=\"https:\/\/casinowithoutswedishlicense.io\/wp-content\/themes\/casinodroidsv3\/assets\/dist\/img\/stars.svg#star-full\"><\/use><\/svg><svg class=\"star\"><use xlink:href=\"https:\/\/casinowithoutswedishlicense.io\/wp-content\/themes\/casinodroidsv3\/assets\/dist\/img\/stars.svg#star-full\"><\/use><\/svg><svg class=\"star\"><use xlink:href=\"https:\/\/casinowithoutswedishlicense.io\/wp-content\/themes\/casinodroidsv3\/assets\/dist\/img\/stars.svg#star-full\"><\/use><\/svg><svg class=\"star\"><use xlink:href=\"https:\/\/casinowithoutswedishlicense.io\/wp-content\/themes\/casinodroidsv3\/assets\/dist\/img\/stars.svg#star-half\"><\/use><\/svg><\/div>\n     <\/div>\n     <div class=\"usp\">\n         <ul>\n             \n         <\/ul>\n     <\/div>\n\n     <div class=\"cta\">\n         <div class=\"icons\">\n             \n         <\/div>\n        <a href=\"\/ref\/464\/\" target=\"_blank\" rel=\"nofollow oreferrer noopener\">Spela Nu<\/a>\n     <\/div>\n <\/div> \n    <h2 class=\"wp-block-heading\" id=\"Vad+%C3%A4r+instant+banking+p%C3%A5+online+casino%3F\">Vad \u00e4r instant banking p\u00e5 online casino?<\/h2>    <p>Instant banking \u00e4r engelska f\u00f6r direkt bank\u00f6verf\u00f6ring, vilket inneb\u00e4r att man g\u00f6r en bank\u00f6verf\u00f6ring utan n\u00e5gra mellanh\u00e4nder och banktransaktionen \u00e4r klar p\u00e5 ett par minuter. Normalt sett s\u00e5 kan traditionella bank\u00f6verf\u00f6ringar dr\u00f6ja 3-5 arbetsdagar.<\/p>    <h2 class=\"wp-block-heading\" id=\"%C3%84r+det+s%C3%A4kert+att+anv%C3%A4nda+instant+banking+p%C3%A5+casino+utan+licens+i+Sverige%3F\">\u00c4r det s\u00e4kert att anv\u00e4nda instant banking p\u00e5 casino utan licens i Sverige?<\/h2>    <p>Ja, instant banking \u00e4r en av de mest s\u00e4kra betalningsalternativen man kan anv\u00e4nda p\u00e5 online casino, det g\u00e4ller \u00e4ven p\u00e5 utl\u00e4ndska casinon. Direkta bank\u00f6verf\u00f6ringar har blivit m\u00f6jligt sedan den nya tekniken med digitalt ID som BankID d\u00f6k upp. P\u00e5 s\u00e5 s\u00e4tt kan man verifiera transaktionen och sin identitet p\u00e5 samma g\u00e5ng.<\/p>    <h2 class=\"wp-block-heading\" id=\"Instant+banking+casino+utan+svensk+licens\">Instant banking casino utan svensk licens<\/h2>    <p>Ett instant banking casino utan svensk licens \u00e4r ett casino med en utl\u00e4ndsk spellicens som erbjuder direkta bank\u00f6verf\u00f6ringar som betalningsmetod. Det har blivit lite sv\u00e5rare det senaste \u00e5ret att g\u00f6ra direkta bank\u00f6verf\u00f6ringar p\u00e5 casinon utan licens fr\u00e5n spelinspektionen.\u00a0<\/p>    <p>Tidigare fanns b\u00e5de Trustly och Zimpler tillg\u00e4ngliga f\u00f6r svenska spelare p\u00e5 utl\u00e4ndska casinosajter, men b\u00e5da har dragit sig ur den olicensierade spelmarknaden efter p\u00e5tryckningar fr\u00e5n Spelinspektionen.&nbsp;<\/p>    <p>Zimpler fanns tillg\u00e4ngligt p\u00e5 <a href=\"https:\/\/casinowithoutswedishlicense.io\/sv\/\">casinon utan svensk licens<\/a> \u00e4nda fram till sista juli 2023.<\/p>    <p>Lyckligtvis s\u00e5 finns det dock andra alternativ f\u00f6r den som letar efter ett instant banking casino utan svensk licens. Bland annat genom alternativet Finshark som har setts som Trustly och Zimplers eftertr\u00e4dare p\u00e5 utl\u00e4ndska spelsajter. En annan betalningsmetod f\u00f6r instant banking \u00e4r Flykk, som \u00e4r ett cypriotiskt f\u00f6retag som g\u00f6r det m\u00f6jligt att betala med direkta bank\u00f6verf\u00f6ringar p\u00e5 utl\u00e4ndska casinon.<\/p>    <p>Finshark \u00e4r liksom dess f\u00f6retr\u00e4dare ett svensk bolag som f\u00e5tt godk\u00e4nt fr\u00e5n Finansinspektionen att hantera instant banking l\u00f6sningar hos spelbolag. FInshark fungerar precis som Trustly och Zimpler med skillnaden att du f\u00f6rsta g\u00e5ngen m\u00e5ste godk\u00e4nna att Finshark f\u00e5r ta del av dina uppgifter.<\/p>    <h2 class=\"wp-block-heading\" id=\"Instant+banking+casino+med+svensk+licens\">Instant banking casino med svensk licens<\/h2>    <p>P\u00e5 svensklicensierade casinon s\u00e5 finns det gott om m\u00f6jligheter till att g\u00f6ra direkta bank\u00f6verf\u00f6ringar via Trustly och Zimpler. M\u00e5nga spelare uppskattar enkelheten med att inte beh\u00f6va skapa ett konto hos Zimpler eller Trustly, utan det enda som beh\u00f6vs \u00e4r att man anger sitt personnummer och verifierar via BankID.&nbsp;<\/p>    <h2 class=\"wp-block-heading\" id=\"%26nbsp%3BM%C3%A5ste+man+betala+skatt+p%C3%A5+Instant+Bank-casino+utan+svensk+licens%3F\">&nbsp;M\u00e5ste man betala skatt p\u00e5 Instant Bank-casino utan svensk licens?<\/h2>    <p>Nej, eftersom att instant banking l\u00f6sningar endast kan erbjudas p\u00e5 EU casinon s\u00e5 som <a href=\"https:\/\/casinowithoutswedishlicense.io\/sv\/mga-casino\/\">MGA casinon<\/a> och EMTA casinon s\u00e5 \u00e4r vinsterna skattefria trots att spelbolaget saknar svensk licens.&nbsp;<\/p>    <h2 class=\"wp-block-heading\" id=\"Hur+g%C3%B6r+man+en+ins%C3%A4ttning+med+instant+banking+p%C3%A5+p%C3%A5+casino%3F\">Hur g\u00f6r man en ins\u00e4ttning med instant banking p\u00e5 p\u00e5 casino?<\/h2>    <p>En anledning till att m\u00e5nga \u00e4ven v\u00e4ljer direkta bank\u00f6verf\u00f6ringar som betalningsalternativ p\u00e5 n\u00e4tcasinon \u00e4r att det \u00e4r s\u00e5 enkelt att anv\u00e4nda, nedan f\u00f6ljer en steg f\u00f6r steg guide hur man anv\u00e4nder direkta bank\u00f6verf\u00f6ringar p\u00e5 casino:\u00a0<\/p>    <ol class=\"wp-block-list\"> <li>V\u00e4lj ett casino som erbjuder instant bank &#8211; Du kan ofta se redan innan du registrerar dig vilka betalmetoder som erbjuds p\u00e5 casinot.\u00a0<\/li>    <li>Registrera dig och skapa ett konto.<\/li>    <li>V\u00e4lj instant banking metoden som finns p\u00e5 det aktuella n\u00e4tcasinot.<\/li>    <li>V\u00e4lj din bank<\/li>    <li>Fyll i ditt personnummer<\/li>    <li>V\u00e4lj summa f\u00f6r ins\u00e4ttningen<\/li>    <li>Verifera transaktionen med E-leg (t.ex. BankID)<\/li>    <li>Transaktionen tar ett par minuter sedan \u00e4r det klart!<\/li> <\/ol>    <h2 class=\"wp-block-heading\" id=\"Snabba+transaktioner+bakom+popularitet+av+instant+bank\">Snabba transaktioner bakom popularitet av instant bank<\/h2>    <p>Den uppenbara anledningen till att m\u00e5nga f\u00f6redrar instant bank transaktioner p\u00e5 online casino f\u00f6rutom att det \u00e4r v\u00e4ldigt s\u00e4kert \u00e4r att transaktionerna sker s\u00e5 fort. Med instant banking har man m\u00f6jlighet att g\u00f6ra riktigt snabba uttag och ha pengarna p\u00e5 bankkontot redan inom ett par minuter. Detsamma g\u00e4ller vid snabba ins\u00e4ttningar, d\u00e4r pengarna syns p\u00e5 ditt casinossaldo efter ett par sekunder.<\/p>    <h2 class=\"wp-block-heading\" id=\"G%C3%A4ller+casinobonusar+med+instant+banking%3F\">G\u00e4ller casinobonusar med instant banking?<\/h2>    <p>N\u00e4r man anv\u00e4nder sig av vissa typer av betalningsmetoder, fr\u00e4mst e-pl\u00e5nb\u00f6cker, s\u00e5 f\u00e5r man ibland inte ta del av v\u00e4lkomstbonusen p\u00e5 casinot. N\u00e4r du anv\u00e4nder dig av instant banking metoder s\u00e5 brukar dock alltid casinobonusar g\u00e4lla, och du kan ta del av matchningsbonusar, free spins och cashback bonusar bland annat.\u00a0<\/p>    <h2 class=\"wp-block-heading\" id=\"Sammanfattning%26nbsp%3B\">Sammanfattning&nbsp;<\/h2>    <p>Instant banking \u00e4r en av de popul\u00e4raste betalningsmetoderna p\u00e5 online casinon hos svenska spelare. M\u00e5nga vill \u00e4ven kunna g\u00f6ra direkta bank\u00f6verf\u00f6ringar p\u00e5 utl\u00e4ndska n\u00e4tcasinon, och det \u00e4r n\u00e5got som har blivit sv\u00e5rare med \u00e5ren d\u00e5 spelinspektionen satt press p\u00e5 flera stora akt\u00f6rer att dra sig ur, som Trustly och Zimpler. Lyckligtvis finns det \u00e4ven andra alternativ f\u00f6r spelare som s\u00f6ker instant banking metoder p\u00e5 casino utan svensk licens, Flykk och Finshark \u00e4r tv\u00e5 alternativ till exempel.&nbsp;<\/p>","protected":false},"excerpt":{"rendered":"<p>Instant banking Casino M\u00e5nga casinospelare f\u00f6redrar direkta bank\u00f6verf\u00f6ringar som betalningsmetod n\u00e4r det \u00e4r dags att s\u00e4tta in pengar p\u00e5 ett&#8230;<\/p>\n","protected":false},"author":3,"featured_media":0,"parent":0,"menu_order":0,"comment_status":"closed","ping_status":"closed","template":"","meta":{"_acf_changed":false,"footnotes":""},"class_list":["post-520","page","type-page","status-publish","hentry"],"acf":[],"yoast_head":"<!-- This site is optimized with the Yoast SEO plugin v27.0 - https:\/\/yoast.com\/product\/yoast-seo-wordpress\/ -->\n<title>Instant Banking Casino utan svensk licens (2024)<\/title>\n<meta name=\"robots\" content=\"index, follow, max-snippet:-1, max-image-preview:large, max-video-preview:-1\" \/>\n<link rel=\"canonical\" href=\"https:\/\/casinowithoutswedishlicense.io\/sv\/instant-banking-casino\/\" \/>\n<meta property=\"og:locale\" content=\"sv_SE\" \/>\n<meta property=\"og:type\" content=\"article\" \/>\n<meta property=\"og:title\" content=\"Instant Banking Casino utan svensk licens (2024)\" \/>\n<meta property=\"og:description\" content=\"Instant banking Casino M\u00e5nga casinospelare f\u00f6redrar direkta bank\u00f6verf\u00f6ringar som betalningsmetod n\u00e4r det \u00e4r dags att s\u00e4tta in pengar p\u00e5 ett...\" \/>\n<meta property=\"og:url\" content=\"https:\/\/casinowithoutswedishlicense.io\/sv\/instant-banking-casino\/\" \/>\n<meta property=\"og:site_name\" content=\"Casino utan svensk licens\" \/>\n<meta property=\"article:modified_time\" content=\"2024-03-11T11:48:21+00:00\" \/>\n<meta property=\"og:image\" content=\"https:\/\/casinowithoutswedishlicense.io\/wp-content\/uploads\/2024\/03\/instant-banking-casino-utan-svensk-licens.png\" \/>\n<meta name=\"twitter:card\" content=\"summary_large_image\" \/>\n<meta name=\"twitter:label1\" content=\"Ber\u00e4knad l\u00e4stid\" \/>\n\t<meta name=\"twitter:data1\" content=\"4 minuter\" \/>\n<script type=\"application\/ld+json\" class=\"yoast-schema-graph\">{\"@context\":\"https:\/\/schema.org\",\"@graph\":[{\"@type\":\"WebPage\",\"@id\":\"https:\/\/casinowithoutswedishlicense.io\/sv\/instant-banking-casino\/\",\"url\":\"https:\/\/casinowithoutswedishlicense.io\/sv\/instant-banking-casino\/\",\"name\":\"Instant Banking Casino utan svensk licens (2024)\",\"isPartOf\":{\"@id\":\"https:\/\/casinowithoutswedishlicense.io\/sv\/#website\"},\"primaryImageOfPage\":{\"@id\":\"https:\/\/casinowithoutswedishlicense.io\/sv\/instant-banking-casino\/#primaryimage\"},\"image\":{\"@id\":\"https:\/\/casinowithoutswedishlicense.io\/sv\/instant-banking-casino\/#primaryimage\"},\"thumbnailUrl\":\"https:\/\/casinowithoutswedishlicense.io\/wp-content\/uploads\/2024\/03\/instant-banking-casino-utan-svensk-licens.png\",\"datePublished\":\"2024-03-05T12:35:45+00:00\",\"dateModified\":\"2024-03-11T11:48:21+00:00\",\"breadcrumb\":{\"@id\":\"https:\/\/casinowithoutswedishlicense.io\/sv\/instant-banking-casino\/#breadcrumb\"},\"inLanguage\":\"sv-SE\",\"potentialAction\":[{\"@type\":\"ReadAction\",\"target\":[\"https:\/\/casinowithoutswedishlicense.io\/sv\/instant-banking-casino\/\"]}]},{\"@type\":\"ImageObject\",\"inLanguage\":\"sv-SE\",\"@id\":\"https:\/\/casinowithoutswedishlicense.io\/sv\/instant-banking-casino\/#primaryimage\",\"url\":\"https:\/\/casinowithoutswedishlicense.io\/wp-content\/uploads\/2024\/03\/instant-banking-casino-utan-svensk-licens.png\",\"contentUrl\":\"https:\/\/casinowithoutswedishlicense.io\/wp-content\/uploads\/2024\/03\/instant-banking-casino-utan-svensk-licens.png\"},{\"@type\":\"BreadcrumbList\",\"@id\":\"https:\/\/casinowithoutswedishlicense.io\/sv\/instant-banking-casino\/#breadcrumb\",\"itemListElement\":[{\"@type\":\"ListItem\",\"position\":1,\"name\":\"Home\",\"item\":\"https:\/\/casinowithoutswedishlicense.io\/sv\/\"},{\"@type\":\"ListItem\",\"position\":2,\"name\":\"Instant banking Casino\"}]},{\"@type\":\"WebSite\",\"@id\":\"https:\/\/casinowithoutswedishlicense.io\/sv\/#website\",\"url\":\"https:\/\/casinowithoutswedishlicense.io\/sv\/\",\"name\":\"Casino utan svensk licens\",\"description\":\"Hitta ditt nya casino utan svensk licens\",\"publisher\":{\"@id\":\"https:\/\/casinowithoutswedishlicense.io\/sv\/#organization\"},\"potentialAction\":[{\"@type\":\"SearchAction\",\"target\":{\"@type\":\"EntryPoint\",\"urlTemplate\":\"https:\/\/casinowithoutswedishlicense.io\/sv\/?s={search_term_string}\"},\"query-input\":{\"@type\":\"PropertyValueSpecification\",\"valueRequired\":true,\"valueName\":\"search_term_string\"}}],\"inLanguage\":\"sv-SE\"},{\"@type\":\"Organization\",\"@id\":\"https:\/\/casinowithoutswedishlicense.io\/sv\/#organization\",\"name\":\"Casinowithoutswedishlicense\",\"url\":\"https:\/\/casinowithoutswedishlicense.io\/sv\/\",\"logo\":{\"@type\":\"ImageObject\",\"inLanguage\":\"sv-SE\",\"@id\":\"https:\/\/casinowithoutswedishlicense.io\/sv\/#\/schema\/logo\/image\/\",\"url\":\"https:\/\/casinowithoutswedishlicense.io\/wp-content\/uploads\/2023\/02\/cropped-Casino-without-swedish-license-logo2.png\",\"contentUrl\":\"https:\/\/casinowithoutswedishlicense.io\/wp-content\/uploads\/2023\/02\/cropped-Casino-without-swedish-license-logo2.png\",\"width\":519,\"height\":120,\"caption\":\"Casinowithoutswedishlicense\"},\"image\":{\"@id\":\"https:\/\/casinowithoutswedishlicense.io\/sv\/#\/schema\/logo\/image\/\"}}]}<\/script>\n<!-- \/ Yoast SEO plugin. -->","yoast_head_json":{"title":"Instant Banking Casino utan svensk licens (2024)","robots":{"index":"index","follow":"follow","max-snippet":"max-snippet:-1","max-image-preview":"max-image-preview:large","max-video-preview":"max-video-preview:-1"},"canonical":"https:\/\/casinowithoutswedishlicense.io\/sv\/instant-banking-casino\/","og_locale":"sv_SE","og_type":"article","og_title":"Instant Banking Casino utan svensk licens (2024)","og_description":"Instant banking Casino M\u00e5nga casinospelare f\u00f6redrar direkta bank\u00f6verf\u00f6ringar som betalningsmetod n\u00e4r det \u00e4r dags att s\u00e4tta in pengar p\u00e5 ett...","og_url":"https:\/\/casinowithoutswedishlicense.io\/sv\/instant-banking-casino\/","og_site_name":"Casino utan svensk licens","article_modified_time":"2024-03-11T11:48:21+00:00","og_image":[{"url":"https:\/\/casinowithoutswedishlicense.io\/wp-content\/uploads\/2024\/03\/instant-banking-casino-utan-svensk-licens.png","type":"","width":"","height":""}],"twitter_card":"summary_large_image","twitter_misc":{"Ber\u00e4knad l\u00e4stid":"4 minuter"},"schema":{"@context":"https:\/\/schema.org","@graph":[{"@type":"WebPage","@id":"https:\/\/casinowithoutswedishlicense.io\/sv\/instant-banking-casino\/","url":"https:\/\/casinowithoutswedishlicense.io\/sv\/instant-banking-casino\/","name":"Instant Banking Casino utan svensk licens (2024)","isPartOf":{"@id":"https:\/\/casinowithoutswedishlicense.io\/sv\/#website"},"primaryImageOfPage":{"@id":"https:\/\/casinowithoutswedishlicense.io\/sv\/instant-banking-casino\/#primaryimage"},"image":{"@id":"https:\/\/casinowithoutswedishlicense.io\/sv\/instant-banking-casino\/#primaryimage"},"thumbnailUrl":"https:\/\/casinowithoutswedishlicense.io\/wp-content\/uploads\/2024\/03\/instant-banking-casino-utan-svensk-licens.png","datePublished":"2024-03-05T12:35:45+00:00","dateModified":"2024-03-11T11:48:21+00:00","breadcrumb":{"@id":"https:\/\/casinowithoutswedishlicense.io\/sv\/instant-banking-casino\/#breadcrumb"},"inLanguage":"sv-SE","potentialAction":[{"@type":"ReadAction","target":["https:\/\/casinowithoutswedishlicense.io\/sv\/instant-banking-casino\/"]}]},{"@type":"ImageObject","inLanguage":"sv-SE","@id":"https:\/\/casinowithoutswedishlicense.io\/sv\/instant-banking-casino\/#primaryimage","url":"https:\/\/casinowithoutswedishlicense.io\/wp-content\/uploads\/2024\/03\/instant-banking-casino-utan-svensk-licens.png","contentUrl":"https:\/\/casinowithoutswedishlicense.io\/wp-content\/uploads\/2024\/03\/instant-banking-casino-utan-svensk-licens.png"},{"@type":"BreadcrumbList","@id":"https:\/\/casinowithoutswedishlicense.io\/sv\/instant-banking-casino\/#breadcrumb","itemListElement":[{"@type":"ListItem","position":1,"name":"Home","item":"https:\/\/casinowithoutswedishlicense.io\/sv\/"},{"@type":"ListItem","position":2,"name":"Instant banking Casino"}]},{"@type":"WebSite","@id":"https:\/\/casinowithoutswedishlicense.io\/sv\/#website","url":"https:\/\/casinowithoutswedishlicense.io\/sv\/","name":"Casino utan svensk licens","description":"Hitta ditt nya casino utan svensk licens","publisher":{"@id":"https:\/\/casinowithoutswedishlicense.io\/sv\/#organization"},"potentialAction":[{"@type":"SearchAction","target":{"@type":"EntryPoint","urlTemplate":"https:\/\/casinowithoutswedishlicense.io\/sv\/?s={search_term_string}"},"query-input":{"@type":"PropertyValueSpecification","valueRequired":true,"valueName":"search_term_string"}}],"inLanguage":"sv-SE"},{"@type":"Organization","@id":"https:\/\/casinowithoutswedishlicense.io\/sv\/#organization","name":"Casinowithoutswedishlicense","url":"https:\/\/casinowithoutswedishlicense.io\/sv\/","logo":{"@type":"ImageObject","inLanguage":"sv-SE","@id":"https:\/\/casinowithoutswedishlicense.io\/sv\/#\/schema\/logo\/image\/","url":"https:\/\/casinowithoutswedishlicense.io\/wp-content\/uploads\/2023\/02\/cropped-Casino-without-swedish-license-logo2.png","contentUrl":"https:\/\/casinowithoutswedishlicense.io\/wp-content\/uploads\/2023\/02\/cropped-Casino-without-swedish-license-logo2.png","width":519,"height":120,"caption":"Casinowithoutswedishlicense"},"image":{"@id":"https:\/\/casinowithoutswedishlicense.io\/sv\/#\/schema\/logo\/image\/"}}]}},"_links":{"self":[{"href":"https:\/\/casinowithoutswedishlicense.io\/sv\/wp-json\/wp\/v2\/pages\/520","targetHints":{"allow":["GET"]}}],"collection":[{"href":"https:\/\/casinowithoutswedishlicense.io\/sv\/wp-json\/wp\/v2\/pages"}],"about":[{"href":"https:\/\/casinowithoutswedishlicense.io\/sv\/wp-json\/wp\/v2\/types\/page"}],"author":[{"embeddable":true,"href":"https:\/\/casinowithoutswedishlicense.io\/sv\/wp-json\/wp\/v2\/users\/3"}],"replies":[{"embeddable":true,"href":"https:\/\/casinowithoutswedishlicense.io\/sv\/wp-json\/wp\/v2\/comments?post=520"}],"version-history":[{"count":3,"href":"https:\/\/casinowithoutswedishlicense.io\/sv\/wp-json\/wp\/v2\/pages\/520\/revisions"}],"predecessor-version":[{"id":591,"href":"https:\/\/casinowithoutswedishlicense.io\/sv\/wp-json\/wp\/v2\/pages\/520\/revisions\/591"}],"wp:attachment":[{"href":"https:\/\/casinowithoutswedishlicense.io\/sv\/wp-json\/wp\/v2\/media?parent=520"}],"curies":[{"name":"wp","href":"https:\/\/api.w.org\/{rel}","templated":true}]}}