{"id":617,"date":"2024-03-18T15:51:17","date_gmt":"2024-03-18T15:51:17","guid":{"rendered":"https:\/\/casinowithoutswedishlicense.io\/?page_id=617"},"modified":"2024-03-18T15:53:17","modified_gmt":"2024-03-18T15:53:17","slug":"utlandska-casino-med-zimpler","status":"publish","type":"page","link":"https:\/\/casinowithoutswedishlicense.io\/sv\/utlandska-casino-med-zimpler\/","title":{"rendered":"Utl\u00e4ndska casino med Zimpler"},"content":{"rendered":"<h1 class=\"wp-block-heading\">Zimpler Casino<\/h1>    <p>Zimpler \u00e4r en betalningsmetod som har blivit v\u00e4ldigt popul\u00e4r b\u00e5de p\u00e5 svenska casinon och p\u00e5 utl\u00e4ndska spelsajter. M\u00e5nga spelare s\u00f6ker efter Zimpler casinon utan svensk licens eftersom att betalningarna g\u00e5r s\u00e5 fort och det inte kr\u00e4vs att man skapar n\u00e5got konto.<\/p>    <p>I den h\u00e4r artikeln g\u00e5r vi igenom hur Zimpler fungerar p\u00e5 online casino, vilka casino som erbjuder Zimpler till svenska spelare och vad som g\u00e4ller f\u00f6r Zimpler p\u00e5 utl\u00e4ndska casinon.\u00a0<\/p>    <h2 class=\"wp-block-heading\" id=\"B%C3%A4sta+utl%C3%A4ndska+casino+med+Zimpler\">B\u00e4sta utl\u00e4ndska casino med Zimpler<\/h2>    <div class=\"partner\">\n     <div class=\"image\">\n        <a href=\"\/ref\/464\/\" target=\"_blank\" rel=\"nofollow oreferrer noopener\" title=\"Instant banking\"><img decoding=\"async\" class=\"p-img-responsive logo\" src=\"https:\/\/casinowithoutswedishlicense.io\/wp-content\/uploads\/2024\/01\/Instant-bank-2.png\" alt=\"Instant banking\" loading=\"lazy\"><\/a>\n     <\/div>\n     <div class=\"name-rating\">\n         <div class=\"name\">Instant banking<\/div>\n         <div class=\"rating\"><svg class=\"star\"><use xlink:href=\"https:\/\/casinowithoutswedishlicense.io\/wp-content\/themes\/casinodroidsv3\/assets\/dist\/img\/stars.svg#star-full\"><\/use><\/svg><svg class=\"star\"><use xlink:href=\"https:\/\/casinowithoutswedishlicense.io\/wp-content\/themes\/casinodroidsv3\/assets\/dist\/img\/stars.svg#star-full\"><\/use><\/svg><svg class=\"star\"><use xlink:href=\"https:\/\/casinowithoutswedishlicense.io\/wp-content\/themes\/casinodroidsv3\/assets\/dist\/img\/stars.svg#star-full\"><\/use><\/svg><svg class=\"star\"><use xlink:href=\"https:\/\/casinowithoutswedishlicense.io\/wp-content\/themes\/casinodroidsv3\/assets\/dist\/img\/stars.svg#star-full\"><\/use><\/svg><svg class=\"star\"><use xlink:href=\"https:\/\/casinowithoutswedishlicense.io\/wp-content\/themes\/casinodroidsv3\/assets\/dist\/img\/stars.svg#star-half\"><\/use><\/svg><\/div>\n     <\/div>\n     <div class=\"usp\">\n         <ul>\n             \n         <\/ul>\n     <\/div>\n\n     <div class=\"cta\">\n         <div class=\"icons\">\n             \n         <\/div>\n        <a href=\"\/ref\/464\/\" target=\"_blank\" rel=\"nofollow oreferrer noopener\">Spela Nu<\/a>\n     <\/div>\n <\/div> \n    <h2 class=\"wp-block-heading\" id=\"Zimpler+casino+utan+svensk+licens\">Zimpler casino utan svensk licens<\/h2>    <p>Casinon utan svensk licens med Zimpler har varit v\u00e4ldigt efters\u00f6kta av svenska casinospelare sedan den svenska spellagen b\u00f6rjade g\u00e4lla. Zimpler fanns tillg\u00e4ngligt p\u00e5 utl\u00e4ndska casinon tills sista juli 2023, d\u00e5 Zimpler drog sig ur marknaden f\u00f6r utl\u00e4ndska casinon f\u00f6r svenska spelare efter p\u00e5tryckningar fr\u00e5n Spelinspektionen.&nbsp;<\/p>    <p>Tidigare s\u00e5 fanns Zimpler tillg\u00e4ngligt p\u00e5 flera <a href=\"https:\/\/casinowithoutswedishlicense.io\/sv\/mga-casino\/\">MGA casinon med licens fr\u00e5n Malta<\/a>. Det innebar \u00e4ven att utl\u00e4ndska Zimpler casinon var skattefria f\u00f6r svenska spelare. Att g\u00f6ra en ins\u00e4ttning eller ett uttag med Zimpler p\u00e5 casinon utan svensk licens fungerade p\u00e5 samma s\u00e4tt som n\u00e4r man g\u00f6r transaktioner p\u00e5 casinon med svensk licens. Zimpler finns allts\u00e5 inte p\u00e5 <a href=\"https:\/\/casinowithoutswedishlicense.io\/sv\/\">casino utan svensk licens<\/a> idag, men det finns liknande betalningsmetoder.<\/p>    <h2 class=\"wp-block-heading\" id=\"Varf%C3%B6r+finns+det+inga+Zimpler+casinon+utan+svensk+licens%3F\">Varf\u00f6r finns det inga Zimpler casinon utan svensk licens?<\/h2>    <p>B\u00e5de Trustly och Zimpler var tvungna att dra sig ur marknaden f\u00f6r utl\u00e4ndska casinon eftersom p\u00e5tryckningarna fr\u00e5n Spelinspektionen. Det ser helt enkelt inte bra ut att ett svenskt f\u00f6retag erbjuder betall\u00f6sningar f\u00f6r svenskar p\u00e5 casino utan svensk licens.<\/p>    <h2 class=\"wp-block-heading\" id=\"Zimplers+ers%C3%A4ttare+p%C3%A5+utl%C3%A4ndska+casinon%26nbsp%3B\">Zimplers ers\u00e4ttare p\u00e5 utl\u00e4ndska casinon&nbsp;<\/h2>    <p>N\u00e4r Zimpler drog sig ur marknaden f\u00f6r utl\u00e4ndska casinon s\u00e5 har andra akt\u00f6rer g\u00e5tt in f\u00f6r att erbjuda <a href=\"https:\/\/casinowithoutswedishlicense.io\/sv\/instant-banking-casino\/\">instant banking p\u00e5 casino utan svensk licens<\/a> f\u00f6r svenska casinospelare. Tv\u00e5 av dessa \u00e4r Finshark och Flykk som \u00e4r ett svenskt respektive cypriotiskt f\u00f6retag.\u00a0<\/p>    <h2 class=\"wp-block-heading\" id=\"Zimpler+p%C3%A5+svenska+casinon%26nbsp%3B\">Zimpler p\u00e5 svenska casinon&nbsp;<\/h2>    <p>Det finns m\u00e5nga Zimpler casinon p\u00e5 den svenska spelmarknaden. Eftersom Zimpler endast f\u00e5r erbjudas till svenskar p\u00e5 casinon med svensk licens s\u00e5 \u00e4r det m\u00e5nga casinon som endast erbjuder Zimpler som betalningsmetod f\u00f6r ins\u00e4ttningar och uttag eftersom att metoden \u00e4r s\u00e5 smidig.&nbsp;<\/p>    <h2 class=\"wp-block-heading\" id=\"Vad+%C3%A4r+Zimpler%3F\">Vad \u00e4r Zimpler?<\/h2>    <p>Zimpler AB hette tidigare PugglePay och grundades 2012 av tv\u00e5 svenskar. Tanken var i b\u00f6rjan att skapa en e-pl\u00e5nbok men 2019 \u00e4ndrade f\u00f6retaget inriktning och b\u00f6rjade att endast fokusera p\u00e5 betalningar med open banking teknik, vilket inneb\u00e4r att b\u00e4gge parter delar information under en transaktion.&nbsp;<\/p>    <p>Detta g\u00f6r att man kan verifiera sin identitet p\u00e5 ett casino automatiskt via en transaktion med Zimpler och det i sin tur g\u00f6r att Zimpler kan erbjuda utbetalningar p\u00e5 under 10 minuter fr\u00e5n online casinon.<\/p>    <h2 class=\"wp-block-heading\" id=\"Hur+anv%C3%A4nds+Zimpler+p%C3%A5+online+casino%3F\">Hur anv\u00e4nds Zimpler p\u00e5 online casino?<\/h2>    <p>Att anv\u00e4nda Zimpler p\u00e5 casinon f\u00f6r ins\u00e4ttningar och uttag \u00e4r verkligen v\u00e4ldigt enkelt och det enda du beh\u00f6ver ha tillg\u00e5ngar till \u00e4r ditt mobila bankID.&nbsp;<\/p>    <h3 class=\"wp-block-heading\">Inst\u00e4ttningar<\/h3>    <ol class=\"wp-block-list\"> <li>Registrera dig p\u00e5 ett casino med Zimpler<\/li>    <li>V\u00e4lj Zimpler som betalningsmetod.&nbsp;<\/li>    <li>V\u00e4lj belopp att s\u00e4tta in<\/li>    <li>Skriv in ditt telefonnummer<\/li>    <li>Du f\u00e5r ett sms med en kod<\/li>    <li>Verifiera transaktionen p\u00e5 casinot med koden som du fick via sms<\/li>    <li>Klart!<\/li> <\/ol>    <h3 class=\"wp-block-heading\">Uttag<\/h3>    <ol class=\"wp-block-list\"> <li>V\u00e4lj Zimpler som uttagsmetod<\/li>    <li>Skriv in det belopp som du vill ta ut<\/li>    <li>Fyll i ditt telefonnummer&nbsp;<\/li>    <li>Verifiera uttaget med en kod som du f\u00e5r p\u00e5 sms<\/li>    <li>Ha pengarna p\u00e5 kontot p\u00e5 2-10 minuter!<\/li> <\/ol>    <h2 class=\"wp-block-heading\" id=\"%C3%84r+det+s%C3%A4kert+att+anv%C3%A4nda+Zimpler+p%C3%A5+casino%3F\">\u00c4r det s\u00e4kert att anv\u00e4nda Zimpler p\u00e5 casino?<\/h2>    <p>Ja, Zimpler anses vara en mycket s\u00e4ker betalningsmetod p\u00e5 online casinon. Detta eftersom att man inte beh\u00f6ver l\u00e4mna ut n\u00e5gra k\u00e4nsliga uppgifter. Zimpler st\u00e5r \u00e4ven under Finansinspektionen som ser till att datahantering och transaktioner sk\u00f6ts korrekt.&nbsp;<\/p>    <p>Numera g\u00e5r det inte att anv\u00e4nda Zimpler p\u00e5 utl\u00e4ndska casinon men tidigare s\u00e5 var det s\u00e4kert att anv\u00e4nda Zimpler p\u00e5 casino utan svensk licens.<\/p>    <h2 class=\"wp-block-heading\" id=\"Spela+p%C3%A5+Zimpler+casinon+f%C3%B6r+smidiga+mobilbetalningar\">Spela p\u00e5 Zimpler casinon f\u00f6r smidiga mobilbetalningar<\/h2>    <p>Eftersom att verifieringen av transaktioner med Zimpler p\u00e5 casinon sk\u00f6ts via sms s\u00e5 \u00e4r Zimpler en mycket smidig betalningsmetod f\u00f6r mobilbetalningar.&nbsp;<\/p>    <p>Man beh\u00f6ver inte tillg\u00e5ng till dator eller annat f\u00f6r att g\u00f6ra ins\u00e4ttningar och uttag med Zimpler p\u00e5 n\u00e4tcasinon. Man beh\u00f6ver inte heller ladda ner n\u00e5gon app eller liknande f\u00f6r att spela casino p\u00e5 mobilen med Zimpler.<\/p>    <h2 class=\"wp-block-heading\" id=\"Zimpler+samarbetar+med+alla+svenska+banker\">Zimpler samarbetar med alla svenska banker<\/h2>    <p>En av anledningarna till att Zimpler kan erbjuda instant banking p\u00e5 n\u00e4tcasino \u00e4r att f\u00f6retaget samarbetar med alla svenska banker. F\u00f6r att g\u00f6ra en direkt bank\u00f6verf\u00f6ring med Zimpler s\u00e5 beh\u00f6ver man bara skriva in sitt personnummer och legitimera sig med mobilt BankID.<\/p>    <p><strong>Bland annar s\u00e5 samarbetar Zimpler med:<\/strong><\/p>    <ul class=\"wp-block-list\"> <li><strong>Swedbank<\/strong><\/li>    <li><strong>Nordea<\/strong><\/li>    <li><strong>L\u00e4nsf\u00f6rs\u00e4kringar<\/strong><\/li>    <li><strong>SEB<\/strong><\/li>    <li><strong>Handelsbanke<\/strong>n<\/li> <\/ul>    <h2 class=\"wp-block-heading\" id=\"Casinobonusar+med+Zimpler\">Casinobonusar med Zimpler<\/h2>    <p>F\u00f6r att ta del av en casinobonus s\u00e5 g\u00e5r det utm\u00e4rkt att anv\u00e4nda Zimpler som betalningsmetod. Casinobonusarna g\u00e4ller ofta inte med alla betalningsmetoder, men det brukar oftas vara Skrill och Neteller som inte aktiverar bonusarna.<\/p>    <h2 class=\"wp-block-heading\" id=\"Vanliga+fr%C3%A5gor+och+svar+om+Zimpler+casino%3F\">Vanliga fr\u00e5gor och svar om Zimpler casino?<\/h2>    <div class=\"schema-faq wp-block-yoast-faq-block\"><div class=\"schema-faq-section\" id=\"faq-question-1710775961719\"><strong class=\"schema-faq-question\">Kan man spela p\u00e5 casino utan svensk licens med Zimpler?<\/strong> <p class=\"schema-faq-answer\">Sedan augusti 2023 s\u00e5 \u00e4r det inte m\u00f6jligt att anv\u00e4nda Zimpler p\u00e5 utl\u00e4ndska casinon. Det finns dock andra instant banking alternativ f\u00f6r svenska spelare.<\/p> <\/div> <div class=\"schema-faq-section\" id=\"faq-question-1710776110923\"><strong class=\"schema-faq-question\">Vilka betalningmetoder kan svenska spelare anv\u00e4nda p\u00e5 utl\u00e4ndska casinon ist\u00e4llet f\u00f6r Zimpler?<\/strong> <p class=\"schema-faq-answer\">Det dyker hela tiden upp nya betalningsmetoder som erbjuder snabba ins\u00e4ttningar och uttag. Dem mest framtr\u00e4dande metoderna just nu som erbjuder instant banking som Zimpler \u00e4r Flykk och Finshark.<\/p> <\/div> <div class=\"schema-faq-section\" id=\"faq-question-1710776268917\"><strong class=\"schema-faq-question\">Hur snabba \u00e4r uttagen med Zimpler p\u00e5 n\u00e4tcasino?<\/strong> <p class=\"schema-faq-answer\">Man kan g\u00f6ra mycket snabba uttag p\u00e5 casino med Zimpler. Vanligtvis syns pengarna p\u00e5 kontot inom 5-10 minuter<\/p> <\/div> <div class=\"schema-faq-section\" id=\"faq-question-1710776322354\"><strong class=\"schema-faq-question\">Kan man g\u00f6ra ins\u00e4ttningar med Zimpler p\u00e5 casino via mobilen?<\/strong> <p class=\"schema-faq-answer\">Ja, eftersom att transaktioner p\u00e5 casino med Zimpler verifieras via sms-kod eller BankID s\u00e5 beh\u00f6ver man ingenting annat \u00e4n sin mobil.<\/p> <\/div> <\/div>","protected":false},"excerpt":{"rendered":"<p>Zimpler Casino Zimpler \u00e4r en betalningsmetod som har blivit v\u00e4ldigt popul\u00e4r b\u00e5de p\u00e5 svenska casinon och p\u00e5 utl\u00e4ndska spelsajter. M\u00e5nga&#8230;<\/p>\n","protected":false},"author":3,"featured_media":0,"parent":0,"menu_order":0,"comment_status":"closed","ping_status":"closed","template":"","meta":{"_acf_changed":false,"footnotes":""},"class_list":["post-617","page","type-page","status-publish","hentry"],"acf":[],"yoast_head":"<!-- This site is optimized with the Yoast SEO plugin v27.0 - https:\/\/yoast.com\/product\/yoast-seo-wordpress\/ -->\n<title>Zimpler casino utan svensk licens (2024)<\/title>\n<meta name=\"description\" content=\"Spela p\u00e5 Zimpler casino utan svensk licens (2024)! Vi g\u00e5r igenom allt du beh\u00f6ver veta om casinon med Zimpler.\" \/>\n<meta name=\"robots\" content=\"index, follow, max-snippet:-1, max-image-preview:large, max-video-preview:-1\" \/>\n<link rel=\"canonical\" href=\"https:\/\/casinowithoutswedishlicense.io\/sv\/utlandska-casino-med-zimpler\/\" \/>\n<meta property=\"og:locale\" content=\"sv_SE\" \/>\n<meta property=\"og:type\" content=\"article\" \/>\n<meta property=\"og:title\" content=\"Zimpler casino utan svensk licens (2024)\" \/>\n<meta property=\"og:description\" content=\"Spela p\u00e5 Zimpler casino utan svensk licens (2024)! Vi g\u00e5r igenom allt du beh\u00f6ver veta om casinon med Zimpler.\" \/>\n<meta property=\"og:url\" content=\"https:\/\/casinowithoutswedishlicense.io\/sv\/utlandska-casino-med-zimpler\/\" \/>\n<meta property=\"og:site_name\" content=\"Casino utan svensk licens\" \/>\n<meta property=\"article:modified_time\" content=\"2024-03-18T15:53:17+00:00\" \/>\n<meta property=\"og:image\" content=\"https:\/\/casinowithoutswedishlicense.io\/wp-content\/uploads\/2023\/02\/cropped-Casino-without-swedish-license-logo2.png\" \/>\n\t<meta property=\"og:image:width\" content=\"519\" \/>\n\t<meta property=\"og:image:height\" content=\"120\" \/>\n\t<meta property=\"og:image:type\" content=\"image\/png\" \/>\n<meta name=\"twitter:card\" content=\"summary_large_image\" \/>\n<meta name=\"twitter:label1\" content=\"Ber\u00e4knad l\u00e4stid\" \/>\n\t<meta name=\"twitter:data1\" content=\"4 minuter\" \/>\n<script type=\"application\/ld+json\" class=\"yoast-schema-graph\">{\"@context\":\"https:\/\/schema.org\",\"@graph\":[{\"@type\":[\"WebPage\",\"FAQPage\"],\"@id\":\"https:\/\/casinowithoutswedishlicense.io\/sv\/utlandska-casino-med-zimpler\/\",\"url\":\"https:\/\/casinowithoutswedishlicense.io\/sv\/utlandska-casino-med-zimpler\/\",\"name\":\"Zimpler casino utan svensk licens (2024)\",\"isPartOf\":{\"@id\":\"https:\/\/casinowithoutswedishlicense.io\/sv\/#website\"},\"datePublished\":\"2024-03-18T15:51:17+00:00\",\"dateModified\":\"2024-03-18T15:53:17+00:00\",\"description\":\"Spela p\u00e5 Zimpler casino utan svensk licens (2024)! Vi g\u00e5r igenom allt du beh\u00f6ver veta om casinon med Zimpler.\",\"breadcrumb\":{\"@id\":\"https:\/\/casinowithoutswedishlicense.io\/sv\/utlandska-casino-med-zimpler\/#breadcrumb\"},\"mainEntity\":[{\"@id\":\"https:\/\/casinowithoutswedishlicense.io\/sv\/utlandska-casino-med-zimpler\/#faq-question-1710775961719\"},{\"@id\":\"https:\/\/casinowithoutswedishlicense.io\/sv\/utlandska-casino-med-zimpler\/#faq-question-1710776110923\"},{\"@id\":\"https:\/\/casinowithoutswedishlicense.io\/sv\/utlandska-casino-med-zimpler\/#faq-question-1710776268917\"},{\"@id\":\"https:\/\/casinowithoutswedishlicense.io\/sv\/utlandska-casino-med-zimpler\/#faq-question-1710776322354\"}],\"inLanguage\":\"sv-SE\",\"potentialAction\":[{\"@type\":\"ReadAction\",\"target\":[\"https:\/\/casinowithoutswedishlicense.io\/sv\/utlandska-casino-med-zimpler\/\"]}]},{\"@type\":\"BreadcrumbList\",\"@id\":\"https:\/\/casinowithoutswedishlicense.io\/sv\/utlandska-casino-med-zimpler\/#breadcrumb\",\"itemListElement\":[{\"@type\":\"ListItem\",\"position\":1,\"name\":\"Home\",\"item\":\"https:\/\/casinowithoutswedishlicense.io\/sv\/\"},{\"@type\":\"ListItem\",\"position\":2,\"name\":\"Utl\u00e4ndska casino med Zimpler\"}]},{\"@type\":\"WebSite\",\"@id\":\"https:\/\/casinowithoutswedishlicense.io\/sv\/#website\",\"url\":\"https:\/\/casinowithoutswedishlicense.io\/sv\/\",\"name\":\"Casino utan svensk licens\",\"description\":\"Hitta ditt nya casino utan svensk licens\",\"publisher\":{\"@id\":\"https:\/\/casinowithoutswedishlicense.io\/sv\/#organization\"},\"potentialAction\":[{\"@type\":\"SearchAction\",\"target\":{\"@type\":\"EntryPoint\",\"urlTemplate\":\"https:\/\/casinowithoutswedishlicense.io\/sv\/?s={search_term_string}\"},\"query-input\":{\"@type\":\"PropertyValueSpecification\",\"valueRequired\":true,\"valueName\":\"search_term_string\"}}],\"inLanguage\":\"sv-SE\"},{\"@type\":\"Organization\",\"@id\":\"https:\/\/casinowithoutswedishlicense.io\/sv\/#organization\",\"name\":\"Casinowithoutswedishlicense\",\"url\":\"https:\/\/casinowithoutswedishlicense.io\/sv\/\",\"logo\":{\"@type\":\"ImageObject\",\"inLanguage\":\"sv-SE\",\"@id\":\"https:\/\/casinowithoutswedishlicense.io\/sv\/#\/schema\/logo\/image\/\",\"url\":\"https:\/\/casinowithoutswedishlicense.io\/wp-content\/uploads\/2023\/02\/cropped-Casino-without-swedish-license-logo2.png\",\"contentUrl\":\"https:\/\/casinowithoutswedishlicense.io\/wp-content\/uploads\/2023\/02\/cropped-Casino-without-swedish-license-logo2.png\",\"width\":519,\"height\":120,\"caption\":\"Casinowithoutswedishlicense\"},\"image\":{\"@id\":\"https:\/\/casinowithoutswedishlicense.io\/sv\/#\/schema\/logo\/image\/\"}},{\"@type\":\"Question\",\"@id\":\"https:\/\/casinowithoutswedishlicense.io\/sv\/utlandska-casino-med-zimpler\/#faq-question-1710775961719\",\"position\":1,\"url\":\"https:\/\/casinowithoutswedishlicense.io\/sv\/utlandska-casino-med-zimpler\/#faq-question-1710775961719\",\"name\":\"Kan man spela p\u00e5 casino utan svensk licens med Zimpler?\",\"answerCount\":1,\"acceptedAnswer\":{\"@type\":\"Answer\",\"text\":\"Sedan augusti 2023 s\u00e5 \u00e4r det inte m\u00f6jligt att anv\u00e4nda Zimpler p\u00e5 utl\u00e4ndska casinon. Det finns dock andra instant banking alternativ f\u00f6r svenska spelare.\",\"inLanguage\":\"sv-SE\"},\"inLanguage\":\"sv-SE\"},{\"@type\":\"Question\",\"@id\":\"https:\/\/casinowithoutswedishlicense.io\/sv\/utlandska-casino-med-zimpler\/#faq-question-1710776110923\",\"position\":2,\"url\":\"https:\/\/casinowithoutswedishlicense.io\/sv\/utlandska-casino-med-zimpler\/#faq-question-1710776110923\",\"name\":\"Vilka betalningmetoder kan svenska spelare anv\u00e4nda p\u00e5 utl\u00e4ndska casinon ist\u00e4llet f\u00f6r Zimpler?\",\"answerCount\":1,\"acceptedAnswer\":{\"@type\":\"Answer\",\"text\":\"Det dyker hela tiden upp nya betalningsmetoder som erbjuder snabba ins\u00e4ttningar och uttag. Dem mest framtr\u00e4dande metoderna just nu som erbjuder instant banking som Zimpler \u00e4r Flykk och Finshark.\",\"inLanguage\":\"sv-SE\"},\"inLanguage\":\"sv-SE\"},{\"@type\":\"Question\",\"@id\":\"https:\/\/casinowithoutswedishlicense.io\/sv\/utlandska-casino-med-zimpler\/#faq-question-1710776268917\",\"position\":3,\"url\":\"https:\/\/casinowithoutswedishlicense.io\/sv\/utlandska-casino-med-zimpler\/#faq-question-1710776268917\",\"name\":\"Hur snabba \u00e4r uttagen med Zimpler p\u00e5 n\u00e4tcasino?\",\"answerCount\":1,\"acceptedAnswer\":{\"@type\":\"Answer\",\"text\":\"Man kan g\u00f6ra mycket snabba uttag p\u00e5 casino med Zimpler. Vanligtvis syns pengarna p\u00e5 kontot inom 5-10 minuter\",\"inLanguage\":\"sv-SE\"},\"inLanguage\":\"sv-SE\"},{\"@type\":\"Question\",\"@id\":\"https:\/\/casinowithoutswedishlicense.io\/sv\/utlandska-casino-med-zimpler\/#faq-question-1710776322354\",\"position\":4,\"url\":\"https:\/\/casinowithoutswedishlicense.io\/sv\/utlandska-casino-med-zimpler\/#faq-question-1710776322354\",\"name\":\"Kan man g\u00f6ra ins\u00e4ttningar med Zimpler p\u00e5 casino via mobilen?\",\"answerCount\":1,\"acceptedAnswer\":{\"@type\":\"Answer\",\"text\":\"Ja, eftersom att transaktioner p\u00e5 casino med Zimpler verifieras via sms-kod eller BankID s\u00e5 beh\u00f6ver man ingenting annat \u00e4n sin mobil.\",\"inLanguage\":\"sv-SE\"},\"inLanguage\":\"sv-SE\"}]}<\/script>\n<!-- \/ Yoast SEO plugin. -->","yoast_head_json":{"title":"Zimpler casino utan svensk licens (2024)","description":"Spela p\u00e5 Zimpler casino utan svensk licens (2024)! Vi g\u00e5r igenom allt du beh\u00f6ver veta om casinon med Zimpler.","robots":{"index":"index","follow":"follow","max-snippet":"max-snippet:-1","max-image-preview":"max-image-preview:large","max-video-preview":"max-video-preview:-1"},"canonical":"https:\/\/casinowithoutswedishlicense.io\/sv\/utlandska-casino-med-zimpler\/","og_locale":"sv_SE","og_type":"article","og_title":"Zimpler casino utan svensk licens (2024)","og_description":"Spela p\u00e5 Zimpler casino utan svensk licens (2024)! Vi g\u00e5r igenom allt du beh\u00f6ver veta om casinon med Zimpler.","og_url":"https:\/\/casinowithoutswedishlicense.io\/sv\/utlandska-casino-med-zimpler\/","og_site_name":"Casino utan svensk licens","article_modified_time":"2024-03-18T15:53:17+00:00","og_image":[{"width":519,"height":120,"url":"https:\/\/casinowithoutswedishlicense.io\/wp-content\/uploads\/2023\/02\/cropped-Casino-without-swedish-license-logo2.png","type":"image\/png"}],"twitter_card":"summary_large_image","twitter_misc":{"Ber\u00e4knad l\u00e4stid":"4 minuter"},"schema":{"@context":"https:\/\/schema.org","@graph":[{"@type":["WebPage","FAQPage"],"@id":"https:\/\/casinowithoutswedishlicense.io\/sv\/utlandska-casino-med-zimpler\/","url":"https:\/\/casinowithoutswedishlicense.io\/sv\/utlandska-casino-med-zimpler\/","name":"Zimpler casino utan svensk licens (2024)","isPartOf":{"@id":"https:\/\/casinowithoutswedishlicense.io\/sv\/#website"},"datePublished":"2024-03-18T15:51:17+00:00","dateModified":"2024-03-18T15:53:17+00:00","description":"Spela p\u00e5 Zimpler casino utan svensk licens (2024)! Vi g\u00e5r igenom allt du beh\u00f6ver veta om casinon med Zimpler.","breadcrumb":{"@id":"https:\/\/casinowithoutswedishlicense.io\/sv\/utlandska-casino-med-zimpler\/#breadcrumb"},"mainEntity":[{"@id":"https:\/\/casinowithoutswedishlicense.io\/sv\/utlandska-casino-med-zimpler\/#faq-question-1710775961719"},{"@id":"https:\/\/casinowithoutswedishlicense.io\/sv\/utlandska-casino-med-zimpler\/#faq-question-1710776110923"},{"@id":"https:\/\/casinowithoutswedishlicense.io\/sv\/utlandska-casino-med-zimpler\/#faq-question-1710776268917"},{"@id":"https:\/\/casinowithoutswedishlicense.io\/sv\/utlandska-casino-med-zimpler\/#faq-question-1710776322354"}],"inLanguage":"sv-SE","potentialAction":[{"@type":"ReadAction","target":["https:\/\/casinowithoutswedishlicense.io\/sv\/utlandska-casino-med-zimpler\/"]}]},{"@type":"BreadcrumbList","@id":"https:\/\/casinowithoutswedishlicense.io\/sv\/utlandska-casino-med-zimpler\/#breadcrumb","itemListElement":[{"@type":"ListItem","position":1,"name":"Home","item":"https:\/\/casinowithoutswedishlicense.io\/sv\/"},{"@type":"ListItem","position":2,"name":"Utl\u00e4ndska casino med Zimpler"}]},{"@type":"WebSite","@id":"https:\/\/casinowithoutswedishlicense.io\/sv\/#website","url":"https:\/\/casinowithoutswedishlicense.io\/sv\/","name":"Casino utan svensk licens","description":"Hitta ditt nya casino utan svensk licens","publisher":{"@id":"https:\/\/casinowithoutswedishlicense.io\/sv\/#organization"},"potentialAction":[{"@type":"SearchAction","target":{"@type":"EntryPoint","urlTemplate":"https:\/\/casinowithoutswedishlicense.io\/sv\/?s={search_term_string}"},"query-input":{"@type":"PropertyValueSpecification","valueRequired":true,"valueName":"search_term_string"}}],"inLanguage":"sv-SE"},{"@type":"Organization","@id":"https:\/\/casinowithoutswedishlicense.io\/sv\/#organization","name":"Casinowithoutswedishlicense","url":"https:\/\/casinowithoutswedishlicense.io\/sv\/","logo":{"@type":"ImageObject","inLanguage":"sv-SE","@id":"https:\/\/casinowithoutswedishlicense.io\/sv\/#\/schema\/logo\/image\/","url":"https:\/\/casinowithoutswedishlicense.io\/wp-content\/uploads\/2023\/02\/cropped-Casino-without-swedish-license-logo2.png","contentUrl":"https:\/\/casinowithoutswedishlicense.io\/wp-content\/uploads\/2023\/02\/cropped-Casino-without-swedish-license-logo2.png","width":519,"height":120,"caption":"Casinowithoutswedishlicense"},"image":{"@id":"https:\/\/casinowithoutswedishlicense.io\/sv\/#\/schema\/logo\/image\/"}},{"@type":"Question","@id":"https:\/\/casinowithoutswedishlicense.io\/sv\/utlandska-casino-med-zimpler\/#faq-question-1710775961719","position":1,"url":"https:\/\/casinowithoutswedishlicense.io\/sv\/utlandska-casino-med-zimpler\/#faq-question-1710775961719","name":"Kan man spela p\u00e5 casino utan svensk licens med Zimpler?","answerCount":1,"acceptedAnswer":{"@type":"Answer","text":"Sedan augusti 2023 s\u00e5 \u00e4r det inte m\u00f6jligt att anv\u00e4nda Zimpler p\u00e5 utl\u00e4ndska casinon. Det finns dock andra instant banking alternativ f\u00f6r svenska spelare.","inLanguage":"sv-SE"},"inLanguage":"sv-SE"},{"@type":"Question","@id":"https:\/\/casinowithoutswedishlicense.io\/sv\/utlandska-casino-med-zimpler\/#faq-question-1710776110923","position":2,"url":"https:\/\/casinowithoutswedishlicense.io\/sv\/utlandska-casino-med-zimpler\/#faq-question-1710776110923","name":"Vilka betalningmetoder kan svenska spelare anv\u00e4nda p\u00e5 utl\u00e4ndska casinon ist\u00e4llet f\u00f6r Zimpler?","answerCount":1,"acceptedAnswer":{"@type":"Answer","text":"Det dyker hela tiden upp nya betalningsmetoder som erbjuder snabba ins\u00e4ttningar och uttag. Dem mest framtr\u00e4dande metoderna just nu som erbjuder instant banking som Zimpler \u00e4r Flykk och Finshark.","inLanguage":"sv-SE"},"inLanguage":"sv-SE"},{"@type":"Question","@id":"https:\/\/casinowithoutswedishlicense.io\/sv\/utlandska-casino-med-zimpler\/#faq-question-1710776268917","position":3,"url":"https:\/\/casinowithoutswedishlicense.io\/sv\/utlandska-casino-med-zimpler\/#faq-question-1710776268917","name":"Hur snabba \u00e4r uttagen med Zimpler p\u00e5 n\u00e4tcasino?","answerCount":1,"acceptedAnswer":{"@type":"Answer","text":"Man kan g\u00f6ra mycket snabba uttag p\u00e5 casino med Zimpler. Vanligtvis syns pengarna p\u00e5 kontot inom 5-10 minuter","inLanguage":"sv-SE"},"inLanguage":"sv-SE"},{"@type":"Question","@id":"https:\/\/casinowithoutswedishlicense.io\/sv\/utlandska-casino-med-zimpler\/#faq-question-1710776322354","position":4,"url":"https:\/\/casinowithoutswedishlicense.io\/sv\/utlandska-casino-med-zimpler\/#faq-question-1710776322354","name":"Kan man g\u00f6ra ins\u00e4ttningar med Zimpler p\u00e5 casino via mobilen?","answerCount":1,"acceptedAnswer":{"@type":"Answer","text":"Ja, eftersom att transaktioner p\u00e5 casino med Zimpler verifieras via sms-kod eller BankID s\u00e5 beh\u00f6ver man ingenting annat \u00e4n sin mobil.","inLanguage":"sv-SE"},"inLanguage":"sv-SE"}]}},"_links":{"self":[{"href":"https:\/\/casinowithoutswedishlicense.io\/sv\/wp-json\/wp\/v2\/pages\/617","targetHints":{"allow":["GET"]}}],"collection":[{"href":"https:\/\/casinowithoutswedishlicense.io\/sv\/wp-json\/wp\/v2\/pages"}],"about":[{"href":"https:\/\/casinowithoutswedishlicense.io\/sv\/wp-json\/wp\/v2\/types\/page"}],"author":[{"embeddable":true,"href":"https:\/\/casinowithoutswedishlicense.io\/sv\/wp-json\/wp\/v2\/users\/3"}],"replies":[{"embeddable":true,"href":"https:\/\/casinowithoutswedishlicense.io\/sv\/wp-json\/wp\/v2\/comments?post=617"}],"version-history":[{"count":1,"href":"https:\/\/casinowithoutswedishlicense.io\/sv\/wp-json\/wp\/v2\/pages\/617\/revisions"}],"predecessor-version":[{"id":618,"href":"https:\/\/casinowithoutswedishlicense.io\/sv\/wp-json\/wp\/v2\/pages\/617\/revisions\/618"}],"wp:attachment":[{"href":"https:\/\/casinowithoutswedishlicense.io\/sv\/wp-json\/wp\/v2\/media?parent=617"}],"curies":[{"name":"wp","href":"https:\/\/api.w.org\/{rel}","templated":true}]}}